{"id":43452,"date":"2020-10-27T12:50:58","date_gmt":"2020-10-27T11:50:58","guid":{"rendered":"https:\/\/www.armeemuseum.ch\/pagina-iniziale-2\/videos\/"},"modified":"2024-04-15T19:37:41","modified_gmt":"2024-04-15T18:37:41","slug":"videos","status":"publish","type":"page","link":"https:\/\/armeemuseum.ch\/it\/pagina-iniziale-2\/videos\/","title":{"rendered":"Videos"},"content":{"rendered":"<p>[et_pb_section fb_built=&#8221;1&#8243; admin_label=&#8221;section&#8221; _builder_version=&#8221;4.16&#8243; global_colors_info=&#8221;{}&#8221;][et_pb_row column_structure=&#8221;2_3,1_3&#8243; admin_label=&#8221;row&#8221; _builder_version=&#8221;4.16&#8243; background_size=&#8221;initial&#8221; background_position=&#8221;top_left&#8221; background_repeat=&#8221;repeat&#8221; global_colors_info=&#8221;{}&#8221;][et_pb_column type=&#8221;2_3&#8243; _builder_version=&#8221;4.16&#8243; custom_padding=&#8221;|||&#8221; global_colors_info=&#8221;{}&#8221; custom_padding__hover=&#8221;|||&#8221;][et_pb_text admin_label=&#8221;Text&#8221; _builder_version=&#8221;4.16&#8243; background_size=&#8221;initial&#8221; background_position=&#8221;top_left&#8221; background_repeat=&#8221;repeat&#8221; use_border_color=&#8221;off&#8221; border_color=&#8221;#ffffff&#8221; border_style=&#8221;solid&#8221; global_colors_info=&#8221;{}&#8221;]<\/p>\n<h2><strong>Videos zur Milit\u00e4rgeschichte<\/strong><\/h2>\n<p>&nbsp;<\/p>\n<p>[\/et_pb_text][\/et_pb_column][et_pb_column type=&#8221;1_3&#8243; _builder_version=&#8221;4.16&#8243; custom_padding=&#8221;|||&#8221; global_colors_info=&#8221;{}&#8221; custom_padding__hover=&#8221;|||&#8221;][et_pb_image src=&#8221;https:\/\/armeemuseum.ch\/wp-content\/uploads\/2020\/06\/Logo-VSAM-komprimiert-5.jpg&#8221; align_tablet=&#8221;center&#8221; align_phone=&#8221;center&#8221; align_last_edited=&#8221;on|desktop&#8221; admin_label=&#8221;Bild&#8221; _builder_version=&#8221;4.16&#8243; animation_style=&#8221;slide&#8221; animation_direction=&#8221;left&#8221; animation_duration=&#8221;500ms&#8221; animation_intensity_slide=&#8221;10%&#8221; use_border_color=&#8221;off&#8221; border_color=&#8221;#ffffff&#8221; border_style=&#8221;solid&#8221; animation=&#8221;left&#8221; sticky=&#8221;off&#8221; always_center_on_mobile=&#8221;on&#8221; global_colors_info=&#8221;{}&#8221;][\/et_pb_image][\/et_pb_column][\/et_pb_row][et_pb_row admin_label=&#8221;Zeile&#8221; _builder_version=&#8221;4.16&#8243; background_size=&#8221;initial&#8221; background_position=&#8221;top_left&#8221; background_repeat=&#8221;repeat&#8221; global_colors_info=&#8221;{}&#8221;][et_pb_column type=&#8221;4_4&#8243; _builder_version=&#8221;4.16&#8243; custom_padding=&#8221;|||&#8221; global_colors_info=&#8221;{}&#8221; custom_padding__hover=&#8221;|||&#8221;][et_pb_text admin_label=&#8221;Text&#8221; _builder_version=&#8221;4.19.4&#8243; background_size=&#8221;initial&#8221; background_position=&#8221;top_left&#8221; background_repeat=&#8221;repeat&#8221; use_border_color=&#8221;off&#8221; border_color=&#8221;#ffffff&#8221; border_style=&#8221;solid&#8221; global_colors_info=&#8221;{}&#8221;]<\/p>\n<div class=\"et_pb_text et_pb_module et_pb_bg_layout_light et_pb_text_align_left et_pb_text_1\">\n<p>Auf dem Youtube-Kanal <strong>Verein Schweizer Armeemuseum<\/strong> ver\u00f6ffentlicht der VSAM jetzt auch Videos.<\/p>\n<p>Sie finden unsere Videos im Hauptmen\u00fc unserer Webseite und in den News unter den R\u00fcckschauen auf unsere Vortr\u00e4ge sowie auch auf Youtube im Kanal Verein Schweizer Armeemuseum.<\/p>\n<p>Sie helfen uns, den Video-Kanal bekanntzumachen, indem Sie den Kanal abonnieren und die Videos liken.<\/p>\n<\/div>\n<p>&nbsp;<\/p>\n<p>[\/et_pb_text][\/et_pb_column][\/et_pb_row][et_pb_row admin_label=&#8221;Zeile&#8221; _builder_version=&#8221;4.19.4&#8243; background_size=&#8221;initial&#8221; background_position=&#8221;top_left&#8221; background_repeat=&#8221;repeat&#8221; global_colors_info=&#8221;{}&#8221;][et_pb_column type=&#8221;4_4&#8243; _builder_version=&#8221;4.16&#8243; custom_padding=&#8221;|||&#8221; global_colors_info=&#8221;{}&#8221; custom_padding__hover=&#8221;|||&#8221;][et_pb_text admin_label=&#8221;Text&#8221; _builder_version=&#8221;4.24.2&#8243; background_size=&#8221;initial&#8221; background_position=&#8221;top_left&#8221; background_repeat=&#8221;repeat&#8221; use_border_color=&#8221;off&#8221; border_color=&#8221;#ffffff&#8221; border_style=&#8221;solid&#8221; global_colors_info=&#8221;{}&#8221;]<\/p>\n<ul>\n<li>Videovortrag vom Juli 2021 \u00fcber <a href=\"https:\/\/www.youtube.com\/watch?v=Rs2xgo0Q1aA\" target=\"_blank\" rel=\"noopener\">Kranwagen und Schlepper der Schweizer Armee<\/a><\/li>\n<li>Vortrag VSAM vom 16. Septermber 2020: P-26 &#8211; Vorbereitungen auf den Widerstand.\u00a0<a href=\"https:\/\/youtu.be\/E5gcnIMUHDQ\" target=\"_blank\" rel=\"noopener\"> https:\/\/youtu.be\/E5gcnIMUHDQ<\/a><\/li>\n<\/ul>\n<p>&nbsp;<\/p>\n<p>[\/et_pb_text][\/et_pb_column][\/et_pb_row][\/et_pb_section]<\/p>\n","protected":false},"excerpt":{"rendered":"<p>Videos zur Milit\u00e4rgeschichte &nbsp; Auf dem Youtube-Kanal Verein Schweizer Armeemuseum ver\u00f6ffentlicht der VSAM jetzt auch Videos. Sie finden unsere Videos im Hauptmen\u00fc unserer Webseite und in den News unter den R\u00fcckschauen auf unsere Vortr\u00e4ge sowie auch auf Youtube im Kanal Verein Schweizer Armeemuseum. Sie helfen uns, den Video-Kanal bekanntzumachen, indem Sie den Kanal abonnieren und [&hellip;]<\/p>\n","protected":false},"author":2,"featured_media":0,"parent":30546,"menu_order":0,"comment_status":"closed","ping_status":"closed","template":"","meta":{"_et_pb_use_builder":"on","_et_pb_old_content":"","_et_gb_content_width":"","footnotes":""},"class_list":["post-43452","page","type-page","status-publish","hentry"],"_links":{"self":[{"href":"https:\/\/armeemuseum.ch\/it\/wp-json\/wp\/v2\/pages\/43452","targetHints":{"allow":["GET"]}}],"collection":[{"href":"https:\/\/armeemuseum.ch\/it\/wp-json\/wp\/v2\/pages"}],"about":[{"href":"https:\/\/armeemuseum.ch\/it\/wp-json\/wp\/v2\/types\/page"}],"author":[{"embeddable":true,"href":"https:\/\/armeemuseum.ch\/it\/wp-json\/wp\/v2\/users\/2"}],"replies":[{"embeddable":true,"href":"https:\/\/armeemuseum.ch\/it\/wp-json\/wp\/v2\/comments?post=43452"}],"version-history":[{"count":6,"href":"https:\/\/armeemuseum.ch\/it\/wp-json\/wp\/v2\/pages\/43452\/revisions"}],"predecessor-version":[{"id":47703,"href":"https:\/\/armeemuseum.ch\/it\/wp-json\/wp\/v2\/pages\/43452\/revisions\/47703"}],"up":[{"embeddable":true,"href":"https:\/\/armeemuseum.ch\/it\/wp-json\/wp\/v2\/pages\/30546"}],"wp:attachment":[{"href":"https:\/\/armeemuseum.ch\/it\/wp-json\/wp\/v2\/media?parent=43452"}],"curies":[{"name":"wp","href":"https:\/\/api.w.org\/{rel}","templated":true}]}}