{"id":30546,"date":"2019-06-03T20:23:31","date_gmt":"2019-06-03T19:23:31","guid":{"rendered":"https:\/\/www.armeemuseum.ch\/pagina-iniziale-2\/"},"modified":"2026-04-04T16:34:00","modified_gmt":"2026-04-04T15:34:00","slug":"pagina-iniziale-2","status":"publish","type":"page","link":"https:\/\/armeemuseum.ch\/it\/","title":{"rendered":"Pagina iniziale"},"content":{"rendered":"<p>[et_pb_section fb_built=&#8221;1&#8243; admin_label=&#8221;section&#8221; _builder_version=&#8221;4.16&#8243; global_colors_info=&#8221;{}&#8221;][et_pb_row column_structure=&#8221;2_3,1_3&#8243; admin_label=&#8221;row&#8221; _builder_version=&#8221;4.16&#8243; background_size=&#8221;initial&#8221; background_position=&#8221;top_left&#8221; background_repeat=&#8221;repeat&#8221; global_colors_info=&#8221;{}&#8221;][et_pb_column type=&#8221;2_3&#8243; _builder_version=&#8221;4.16&#8243; custom_padding=&#8221;|||&#8221; global_colors_info=&#8221;{}&#8221; custom_padding__hover=&#8221;|||&#8221;][et_pb_text admin_label=&#8221;Text&#8221; _builder_version=&#8221;4.16&#8243; background_size=&#8221;initial&#8221; background_position=&#8221;top_left&#8221; background_repeat=&#8221;repeat&#8221; use_border_color=&#8221;off&#8221; border_color=&#8221;#ffffff&#8221; border_style=&#8221;solid&#8221; global_colors_info=&#8221;{}&#8221;]<\/p>\n<h1><strong>Verein Schweizer Armeemuseum (VSAM)<\/strong><\/h1>\n<p>[\/et_pb_text][\/et_pb_column][et_pb_column type=&#8221;1_3&#8243; _builder_version=&#8221;4.16&#8243; custom_padding=&#8221;|||&#8221; global_colors_info=&#8221;{}&#8221; custom_padding__hover=&#8221;|||&#8221;][et_pb_image src=&#8221;https:\/\/armeemuseum.ch\/wp-content\/uploads\/2019\/04\/Logo-VSAM-komprimiert-2.jpg&#8221; align_tablet=&#8221;center&#8221; align_phone=&#8221;center&#8221; align_last_edited=&#8221;on|desktop&#8221; admin_label=&#8221;Bild&#8221; _builder_version=&#8221;4.16&#8243; animation_style=&#8221;slide&#8221; animation_direction=&#8221;left&#8221; animation_duration=&#8221;500ms&#8221; animation_intensity_slide=&#8221;10%&#8221; use_border_color=&#8221;off&#8221; border_color=&#8221;#ffffff&#8221; border_style=&#8221;solid&#8221; animation=&#8221;left&#8221; sticky=&#8221;off&#8221; always_center_on_mobile=&#8221;on&#8221; global_colors_info=&#8221;{}&#8221;][\/et_pb_image][\/et_pb_column][\/et_pb_row][et_pb_row admin_label=&#8221;Zeile&#8221; _builder_version=&#8221;4.16&#8243; background_size=&#8221;initial&#8221; background_position=&#8221;top_left&#8221; background_repeat=&#8221;repeat&#8221; global_colors_info=&#8221;{}&#8221;][et_pb_column type=&#8221;4_4&#8243; _builder_version=&#8221;4.16&#8243; custom_padding=&#8221;|||&#8221; global_colors_info=&#8221;{}&#8221; custom_padding__hover=&#8221;|||&#8221;][et_pb_text admin_label=&#8221;Text&#8221; _builder_version=&#8221;4.16&#8243; background_size=&#8221;initial&#8221; background_position=&#8221;top_left&#8221; background_repeat=&#8221;repeat&#8221; use_border_color=&#8221;off&#8221; border_color=&#8221;#ffffff&#8221; border_style=&#8221;solid&#8221; global_colors_info=&#8221;{}&#8221;]<\/p>\n<p>Der Verein Schweizer Armeemuseum (VSAM) ist ein Verein mit folgenden Zielsetzungen:<\/p>\n<p><\/p>\n<ul>\n<li>F\u00f6rderung der Errichtung eines Schweizer Armeemuseums;<\/li>\n<li>Beitrag zum Erhalt des historischen Armeematerials sowie dessen Erforschung und Dokumentation;<\/li>\n<li>F\u00f6rderung des Wissens \u00fcber die Schweizer Wehrgeschichte.<\/li>\n<\/ul>\n<p><\/p>\n<p>Der Verein ist F\u00f6rderverein der von ihm 2008 gegr\u00fcndeten <a href=\"http:\/\/www.stiftung-ham.ch\" target=\"_blank\" rel=\"noopener noreferrer\">Stiftung Historisches Material der Schweizer Armee<\/a><strong>,<\/strong> welche als selbst\u00e4ndiger Leistungserbringer im Auftrage des VBS einen grossen Teil der Sammlungen des historischen Materials der Armee betreut. Informationen \u00fcber Besuchsm\u00f6glichkeiten der Sammlungen finden Sie <a href=\"https:\/\/www.stiftung-ham.ch\/?page_id=9\" target=\"_blank\" rel=\"noopener noreferrer\">hier<\/a>.<\/p>\n<p>[\/et_pb_text][et_pb_text admin_label=&#8221;Text&#8221; _builder_version=&#8221;4.16&#8243; background_size=&#8221;initial&#8221; background_position=&#8221;top_left&#8221; background_repeat=&#8221;repeat&#8221; use_border_color=&#8221;off&#8221; border_color=&#8221;#ffffff&#8221; border_style=&#8221;solid&#8221; global_colors_info=&#8221;{}&#8221;]<\/p>\n<h3 style=\"text-align: left;\"><a href=\"https:\/\/www.armeemuseum.ch\/preis-fuer-vsam\/\"><em><strong><span style=\"color: #ff0000;\"><img loading=\"lazy\" decoding=\"async\" class=\"wp-image-34350 alignleft\" src=\"https:\/\/armeemuseum.ch\/wp-content\/uploads\/2019\/12\/Signet-SGKGS-300x226.jpg\" alt=\"\" width=\"95\" height=\"71\" srcset=\"https:\/\/armeemuseum.ch\/wp-content\/uploads\/2019\/12\/Signet-SGKGS-300x226.jpg 300w, https:\/\/armeemuseum.ch\/wp-content\/uploads\/2019\/12\/Signet-SGKGS.jpg 444w\" sizes=\"auto, (max-width: 95px) 100vw, 95px\" \/><\/span><\/strong><\/em><\/a><\/h3>\n<p><\/p>\n<h4 style=\"text-align: left;\"><em><strong><span style=\"color: #ff0000;\">VSAM mit Preis f\u00fcr Kulturg\u00fcterschutz ausgezeichent.\u00a0\u21d2 <a href=\"https:\/\/www.armeemuseum.ch\/preis-fuer-vsam\/\">Info<\/a><\/span><\/strong><\/em><\/h4>\n<p><\/p>\n<p>&nbsp;<\/p>\n<p><\/p>\n<p>&nbsp;<\/p>\n<p>[\/et_pb_text][et_pb_text admin_label=&#8221;Text&#8221; _builder_version=&#8221;4.27.2&#8243; background_size=&#8221;initial&#8221; background_position=&#8221;top_left&#8221; background_repeat=&#8221;repeat&#8221; custom_padding=&#8221;||0px|||&#8221; hover_enabled=&#8221;0&#8243; use_border_color=&#8221;off&#8221; border_color=&#8221;#ffffff&#8221; border_style=&#8221;solid&#8221; global_colors_info=&#8221;{}&#8221; sticky_enabled=&#8221;0&#8243;]<\/p>\n<p style=\"text-align: left;\"><span style=\"color: #ff0000;\"><strong>N\u00e4chste Anl\u00e4sse:<br \/><\/strong><\/span><span style=\"left: 22.69%; top: 55.48%; font-size: calc(var(--scale-factor)*11.00px); font-family: sans-serif; transform: scaleX(0.890254);\" role=\"presentation\" dir=\"ltr\">25.4.26: Mitgliederversammlung in Thun<br \/>20.5.26: Vortrag: Festung Grimsel, ein Werk der Gotthardverteidiugng. Referent: Hans Rudolf Schneider<br \/>5.8.26: Vortrag: Feuerwehr- und Sanit\u00e4tsfahrzeuge der Schweizer Armee. Referent: Marklus Hofmann<br \/>9.9.26: Vortrag: Milit\u00e4runternehmertum in der Eidgenossenschaft bis 1848. Referent: Andr\u00e9 Holenstein<br \/>18.11.26: Vortrag : Der Waffenplatz Thun. Referent: Fred Heer<\/span><\/p>\n<p>[\/et_pb_text][et_pb_gallery gallery_ids=&#8221;30496,30500,30504,30508,30512,30516,30520,30524,30528,30532&#8243; fullwidth=&#8221;on&#8221; admin_label=&#8221;Galerie&#8221; _builder_version=&#8221;4.16&#8243; auto=&#8221;on&#8221; auto_speed=&#8221;3000&#8243; db_image_max_width_tablet=&#8221;51&#8243; db_image_max_height_tablet=&#8221;501&#8243; db_image_row_spacing_tablet=&#8221;51&#8243; dbdb_version=&#8221;5.1.1&#8243; use_border_color=&#8221;off&#8221; border_color=&#8221;#ffffff&#8221; border_style=&#8221;solid&#8221; global_colors_info=&#8221;{}&#8221;][\/et_pb_gallery][et_pb_blurb title=&#8221;Uno sguardo alle collezioni di materiale storico dell\u2019esercito svizzero gestite dalla Fondazione HAM.&#8221; image_icon_width=&#8221;none&#8221; admin_label=&#8221;Informationstext&#8221; _builder_version=&#8221;4.16&#8243; background_size=&#8221;initial&#8221; background_position=&#8221;top_left&#8221; background_repeat=&#8221;repeat&#8221; use_border_color=&#8221;off&#8221; border_color=&#8221;#ffffff&#8221; border_style=&#8221;solid&#8221; image_max_width=&#8221;none&#8221; use_circle=&#8221;off&#8221; use_circle_border=&#8221;off&#8221; circle_border_color=&#8221;#7EBEC5&#8243; circle_color=&#8221;#7EBEC5&#8243; global_colors_info=&#8221;{}&#8221;][\/et_pb_blurb][\/et_pb_column][\/et_pb_row][\/et_pb_section]<\/p>\n","protected":false},"excerpt":{"rendered":"<p>Verein Schweizer Armeemuseum (VSAM)Der Verein Schweizer Armeemuseum (VSAM) ist ein Verein mit folgenden Zielsetzungen: F\u00f6rderung der Errichtung eines Schweizer Armeemuseums; Beitrag zum Erhalt des historischen Armeematerials sowie dessen Erforschung und Dokumentation; F\u00f6rderung des Wissens \u00fcber die Schweizer Wehrgeschichte. Der Verein ist F\u00f6rderverein der von ihm 2008 gegr\u00fcndeten Stiftung Historisches Material der Schweizer Armee, welche als [&hellip;]<\/p>\n","protected":false},"author":2,"featured_media":0,"parent":0,"menu_order":0,"comment_status":"closed","ping_status":"closed","template":"","meta":{"_et_pb_use_builder":"on","_et_pb_old_content":"","_et_gb_content_width":"","footnotes":""},"class_list":["post-30546","page","type-page","status-publish","hentry"],"_links":{"self":[{"href":"https:\/\/armeemuseum.ch\/it\/wp-json\/wp\/v2\/pages\/30546","targetHints":{"allow":["GET"]}}],"collection":[{"href":"https:\/\/armeemuseum.ch\/it\/wp-json\/wp\/v2\/pages"}],"about":[{"href":"https:\/\/armeemuseum.ch\/it\/wp-json\/wp\/v2\/types\/page"}],"author":[{"embeddable":true,"href":"https:\/\/armeemuseum.ch\/it\/wp-json\/wp\/v2\/users\/2"}],"replies":[{"embeddable":true,"href":"https:\/\/armeemuseum.ch\/it\/wp-json\/wp\/v2\/comments?post=30546"}],"version-history":[{"count":68,"href":"https:\/\/armeemuseum.ch\/it\/wp-json\/wp\/v2\/pages\/30546\/revisions"}],"predecessor-version":[{"id":49867,"href":"https:\/\/armeemuseum.ch\/it\/wp-json\/wp\/v2\/pages\/30546\/revisions\/49867"}],"wp:attachment":[{"href":"https:\/\/armeemuseum.ch\/it\/wp-json\/wp\/v2\/media?parent=30546"}],"curies":[{"name":"wp","href":"https:\/\/api.w.org\/{rel}","templated":true}]}}