{"id":26347,"date":"2018-09-13T19:26:20","date_gmt":"2018-09-13T18:26:20","guid":{"rendered":"https:\/\/www.armeemuseum.ch\/pagina-iniziale\/documentazioni\/dokumentationen-zu-besonderen-militaerhistorischen-themen\/"},"modified":"2018-09-13T19:26:22","modified_gmt":"2018-09-13T18:26:22","slug":"dokumentationen-zu-besonderen-militaerhistorischen-themen","status":"publish","type":"page","link":"https:\/\/armeemuseum.ch\/it\/documentazioni\/dokumentationen-zu-besonderen-militaerhistorischen-themen\/","title":{"rendered":"Dokumentationen zu besonderen milit\u00e4rhistorischen Themen"},"content":{"rendered":"<p>[et_pb_section bb_built=&#8221;1&#8243; admin_label=&#8221;section&#8221;][et_pb_row admin_label=&#8221;row&#8221;][et_pb_column type=&#8221;2_3&#8243;][et_pb_text admin_label=&#8221;Text&#8221; background_layout=&#8221;light&#8221; text_orientation=&#8221;left&#8221; use_border_color=&#8221;off&#8221; border_color=&#8221;#ffffff&#8221; border_style=&#8221;solid&#8221;]<\/p>\n<h2><strong>Dokumentationen zu besonderen milit\u00e4rhistorischen Themen<\/strong><\/h2>\n<p>&nbsp;<\/p>\n<p>[\/et_pb_text][\/et_pb_column][et_pb_column type=&#8221;1_3&#8243;][et_pb_image admin_label=&#8221;Bild&#8221; src=&#8221;https:\/\/armeemuseum.ch\/wp-content\/uploads\/2015\/05\/Logo-VSAM-komprimiert.jpg&#8221; show_in_lightbox=&#8221;off&#8221; url_new_window=&#8221;off&#8221; animation=&#8221;left&#8221; sticky=&#8221;off&#8221; \/][\/et_pb_column][\/et_pb_row][et_pb_row admin_label=&#8221;row&#8221;][et_pb_column type=&#8221;4_4&#8243;][et_pb_text admin_label=&#8221;Text&#8221; background_layout=&#8221;light&#8221; text_orientation=&#8221;left&#8221; use_border_color=&#8221;off&#8221; border_color=&#8221;#ffffff&#8221; border_style=&#8221;solid&#8221;]<\/p>\n<div id=\"c1576\" class=\"csc-default\">\n<div class=\"csc-header csc-header-n60\">\n<h4>Produkte zur Lederkonservierung<\/h4>\n<p><a href=\"https:\/\/armeemuseum.ch\/wp-content\/uploads\/2016\/06\/Produkte_Liste-deutsch.pdf\" target=\"_blank\" rel=\"noopener\">deutsch<\/a>\u00a0\u00a0\u00a0\u00a0\u00a0\u00a0\u00a0\u00a0\u00a0\u00a0\u00a0\u00a0\u00a0\u00a0<a href=\"https:\/\/armeemuseum.ch\/wp-content\/uploads\/2016\/06\/Liste_Produits-franz-1.pdf\" target=\"_blank\" rel=\"noopener\"> fran\u00e7ais<\/a><\/p>\n<\/div>\n<\/div>\n<div id=\"c1578\" class=\"csc-default\">\u00a0<\/div>\n<h4 class=\"csc-default\">Munitionssammlung Oberst Rubin<\/h4>\n<div id=\"c1174\" class=\"csc-default\">\n<p class=\"bodytext\">Bericht \u00fcber die Konservierungs- und Restaurierungsarbeiten (in franz\u00f6sischer Sprache)<br \/>\n<a href=\"https:\/\/armeemuseum.ch\/wp-content\/uploads\/2015\/05\/Sammlung-Rubin.pdf\" target=\"_blank\" rel=\"noopener\">Sammlung Rubin<br \/>\n<\/a>(Siehe auch Info-Bulletin VSAM 3-09)<\/p>\n<\/div>\n<div id=\"c648\" class=\"csc-default\">\n<div class=\"csc-header csc-header-n64\">\n<pre>\u00a0<\/pre>\n<h4>Panzerabwehrwaffen<\/h4>\n<p class=\"bodytext\">Diese Dokumentation zeigt die Geschichte der Panzerabwehrwaffen der Schweizer Armee anhand der vollst\u00e4ndig vorhandenen Sammlung des Vereins Schweizer Armeemuseum. Diese Waffen sind in den R\u00e4umen der Pferderegie Thun aufgebaut und k\u00f6nnen dort von angemeldeten Gruppen besichtigt werden.<br \/>\n<a href=\"https:\/\/armeemuseum.ch\/wp-content\/uploads\/2015\/05\/Dok-Panzerabwehr2009.pdf\" target=\"_blank\" rel=\"noopener\">Dok Panzerabwehr 2009<\/a><\/p>\n<\/div>\n<\/div>\n<div id=\"c649\" class=\"csc-default\">\u00a0<\/div>\n<div id=\"c124\" class=\"csc-default\">\n<div class=\"csc-header csc-header-n66\">\n<h4>\u00a0Panzermuseum Thun Aussengel\u00e4nde<\/h4>\n<\/div>\n<div class=\"csc-textpic-text\">\n<p class=\"bodytext\">In Thun sind etliche gepanzerte Fahrzeuge, die teilweise im Einsatz waren, als Protoytpen entwickelt und getestet wurden oder als Geschenk in die Schweiz kamen, ausgestellt. Diese Dokumentation zeigt die vorhandenen Fahrzeuge sowie die wichtigsten Kenndaten.<br \/>\n<a href=\"https:\/\/armeemuseum.ch\/wp-content\/uploads\/2015\/05\/Panzermuseum.pdf\" target=\"_blank\" rel=\"noopener\">Panzernuseum Thun Aussengel\u00e4nde<\/a><\/p>\n<\/div>\n<\/div>\n<div id=\"c239\" class=\"csc-default\">\u00a0<\/div>\n<div id=\"c125\" class=\"csc-default\">\n<div class=\"csc-header csc-header-n68\">\n<h4>Lampen und Laternen<\/h4>\n<\/div>\n<div class=\"csc-textpic-text\">\n<p class=\"bodytext\">Der Katalog der Lampen und Laternen zeigt in verschiedenen Kapiteln die Verschiedenartigkeit und Vielseitigkeit von milit\u00e4rischem Beleuchtungsmaterial.\u00a0Die im Detail beschriebenen Lampen und Laternen sind &#8211; neben vielen zus\u00e4tzlichen Varianten &#8211; in der Sammlung vorhanden.<br \/>\n<a href=\"https:\/\/armeemuseum.ch\/wp-content\/uploads\/2015\/05\/Lampenkatalog_03-08-1.pdf\" target=\"_blank\" rel=\"noopener\">Lampenkatalog_03-08<\/a><\/p>\n<\/div>\n<\/div>\n<div id=\"c240\" class=\"csc-default\">\u00a0<\/div>\n<div id=\"c128\" class=\"csc-default\">\n<div class=\"csc-header csc-header-n70\">\n<h4>Die Entwicklung der Schweizer Panzerfamilie 68<\/h4>\n<\/div>\n<div class=\"csc-textpic-text\">\n<p class=\"bodytext\">Nach der Ausmusterung dieser Panzerfamilie in der Schweiz ist das Interesse an Fakten und Daten gross.<br \/>\n<a href=\"https:\/\/armeemuseum.ch\/wp-content\/uploads\/2015\/05\/Entwicklung_Schweizer_Panzer.pdf\" target=\"_blank\" rel=\"noopener\">Entwicklung_Schweizer_Panzer<\/a><\/p>\n<\/div>\n<\/div>\n<div id=\"c911\" class=\"csc-default\">\u00a0<\/div>\n<div id=\"c578\" class=\"csc-default\">\n<div class=\"csc-header csc-header-n72\">\n<h4>Geschichte der Bem\u00fchungen um ein Schweizer Armeemuseum<\/h4>\n<\/div>\n<p class=\"bodytext\">Als einziges europ\u00e4isches Land hat die Schweiz kein nationales Milit\u00e4r- resp. Armeemuseum, das die ganze Palette an Material und Geschichte abdeckt. Bem\u00fchungen und \u2013 teilweise erfolgreiche und weniger erfolgreiche \u2013 Versuche gab es etliche. In dieser Dokumentation wird auf diese Bem\u00fchungen eingegangen.<br \/>\n<a href=\"https:\/\/armeemuseum.ch\/wp-content\/uploads\/2015\/05\/Geschichte_VSAM-1.pdf\" target=\"_blank\" rel=\"noopener\">Geschichte_VSAM<\/a><\/p>\n<\/div>\n<div id=\"c579\" class=\"csc-default\">\u00a0<\/div>\n<div id=\"c635\" class=\"csc-default\">\n<div class=\"csc-header csc-header-n74\">\n<h4>Bilddokumentation: WK Sch\u00fctzenbatallion 3 von 1899<\/h4>\n<\/div>\n<p class=\"bodytext\">Im Archiv des Vsam befindet sich eine sch\u00f6ne Bilddokumentation des Wiederholungsdienstes aus dem Jahr 1899.<br \/>\n<a href=\"https:\/\/armeemuseum.ch\/wp-content\/uploads\/2015\/05\/Dok_WK1899-Komplett.pdf\" target=\"_blank\" rel=\"noopener\">Dok_WK1899-Komplett<\/a><\/p>\n<\/div>\n<div id=\"c636\" class=\"csc-default\">\u00a0<\/div>\n<p>&nbsp;<\/p>\n<p>[\/et_pb_text][\/et_pb_column][\/et_pb_row][\/et_pb_section]<\/p>\n","protected":false},"excerpt":{"rendered":"<p>Dokumentationen zu besonderen milit\u00e4rhistorischen Themen &nbsp; Produkte zur Lederkonservierung deutsch\u00a0\u00a0\u00a0\u00a0\u00a0\u00a0\u00a0\u00a0\u00a0\u00a0\u00a0\u00a0\u00a0\u00a0 fran\u00e7ais \u00a0 Munitionssammlung Oberst Rubin Bericht \u00fcber die Konservierungs- und Restaurierungsarbeiten (in franz\u00f6sischer Sprache) Sammlung Rubin (Siehe auch Info-Bulletin VSAM 3-09) \u00a0 Panzerabwehrwaffen Diese Dokumentation zeigt die Geschichte der Panzerabwehrwaffen der Schweizer Armee anhand der vollst\u00e4ndig vorhandenen Sammlung des Vereins Schweizer Armeemuseum. Diese Waffen sind [&hellip;]<\/p>\n","protected":false},"author":2,"featured_media":0,"parent":26344,"menu_order":0,"comment_status":"closed","ping_status":"open","template":"","meta":{"_et_pb_use_builder":"on","_et_pb_old_content":"<div id=\"c1576\" class=\"csc-default\"><div class=\"csc-header csc-header-n60\"><h1>Produkte zur Lederkonservierung<\/h1><\/div><table class=\"csc-uploads csc-uploads-0\"><tbody><tr class=\"tr-odd tr-first\"><td class=\"csc-uploads-fileName\"><a href=\"http:\/\/www.armeemuseum.ch\/uploads\/media\/Produkte_Liste_D__01.pdf\" target=\"_blank\">Produkte_Liste_D_.pdf<\/a><\/td><td class=\"csc-uploads-fileSize\">50 K<\/td><\/tr><\/tbody><\/table><\/div><div id=\"c1578\" class=\"csc-default\"><p class=\"bodytext\"><a class=\"internal-link\" title=\"Opens internal link in current window\" href=\"http:\/\/www.armeemuseum.ch\/index.php?id=130&L=1%27%60%28%5B%2525252525252525252525252525252525252525252525252525252525252525252525252525252525252525252525252525252525252525257B%2525252525252525252525252525252525252525252525252525252525252525252525252525252525252525252525252525252525252525255E%7E#c1572\">(siehe News vom 10.12.2010)<\/a><\/p><\/div><div id=\"c1174\" class=\"csc-default\"><div class=\"csc-header csc-header-n62\"><h1>Munitionssammlung Oberst Rubin<\/h1><\/div><p class=\"bodytext\"><b>Bericht \u00fcber die Konservierungs- und Restaurierungsarbeiten<\/b><\/p><p class=\"bodytext\">(in franz\u00f6sischer Sprache)<\/p><\/div><div id=\"c1175\" class=\"csc-default\"><table class=\"csc-uploads csc-uploads-0\"><tbody><tr class=\"tr-odd tr-first\"><td class=\"csc-uploads-fileName\"><a href=\"http:\/\/www.armeemuseum.ch\/uploads\/media\/article_MB.pdf\" target=\"_blank\">article_MB.pdf<\/a><\/td><td class=\"csc-uploads-fileSize\">1.3 M<\/td><\/tr><\/tbody><\/table><\/div><div id=\"c648\" class=\"csc-default\"><div class=\"csc-header csc-header-n64\"><h1>Panzerabwehrwaffen<\/h1><\/div><p class=\"bodytext\">Diese Dokumentation zeigt die Geschichte der Panzerabwehrwaffen der Schweizer Armee anhand der vollst\u00e4ndig vorhandenen Sammlung des Vereins Schweizer Armeemuseum. Diese Waffen sind in den R\u00e4umen der Pferderegie Thun aufgebaut und k\u00f6nnen dort von angemeldeten Gruppen besichtigt werden.<\/p><\/div><div id=\"c649\" class=\"csc-default\"><table class=\"csc-uploads csc-uploads-1\"><tbody><tr class=\"tr-odd tr-first\"><td class=\"csc-uploads-icon\"><a href=\"http:\/\/www.armeemuseum.ch\/uploads\/media\/Dok-Panzerabwehr2009.pdf\" target=\"_blank\"><img src=\"http:\/\/www.armeemuseum.ch\/typo3\/sysext\/cms\/tslib\/media\/fileicons\/pdf.gif\" alt=\"\" width=\"18\" height=\"16\" border=\"0\" \/><\/a><\/td><td class=\"csc-uploads-fileName\"><a href=\"http:\/\/www.armeemuseum.ch\/uploads\/media\/Dok-Panzerabwehr2009.pdf\" target=\"_blank\">Dok-Panzerabwehr2009.pdf<\/a><\/td><td class=\"csc-uploads-fileSize\">533 K<\/td><\/tr><\/tbody><\/table><\/div><div id=\"c124\" class=\"csc-default\"><div class=\"csc-header csc-header-n66\"><h1>Panzermuseum Thun Aussengel\u00e4nde<\/h1><\/div><div class=\"csc-textpic-text\"><p class=\"bodytext\">In Thun sind etliche gepanzerte Fahrzeuge, die teilweise im Einsatz waren, als Protoytpen entwickelt und getestet wurden oder als Geschenk in die Schweiz kamen, ausgestellt. Diese Dokumentation zeigt die vorhandenen Fahrzeuge sowie die wichtigsten Kenndaten.<\/p><\/div><\/div><div id=\"c239\" class=\"csc-default\"><table class=\"csc-uploads csc-uploads-1\"><tbody><tr class=\"tr-odd tr-first\"><td class=\"csc-uploads-icon\"><a href=\"http:\/\/www.armeemuseum.ch\/uploads\/media\/Panzermuseum.pdf\" target=\"_blank\"><img src=\"http:\/\/www.armeemuseum.ch\/typo3\/sysext\/cms\/tslib\/media\/fileicons\/pdf.gif\" alt=\"\" width=\"18\" height=\"16\" border=\"0\" \/><\/a><\/td><td class=\"csc-uploads-fileName\"><a href=\"http:\/\/www.armeemuseum.ch\/uploads\/media\/Panzermuseum.pdf\" target=\"_blank\">Panzermuseum.pdf<\/a><\/td><td class=\"csc-uploads-fileSize\">2.2 M<\/td><\/tr><\/tbody><\/table><\/div><div id=\"c125\" class=\"csc-default\"><div class=\"csc-header csc-header-n68\"><h1>Lampen und Laternen<\/h1><\/div><div class=\"csc-textpic-text\"><p class=\"bodytext\">Der Katalog der Lampen und Laternen zeigt in verschiedenen Kapiteln die Verschiedenartigkeit und Vielseitigkeit von milit\u00e4rischem Beleuchtungsmaterial.\u00a0Die im Detail beschriebenen Lampen und Laternen sind - neben vielen zus\u00e4tzlichen Varianten - in der Sammlung vorhanden.<\/p><\/div><\/div><div id=\"c240\" class=\"csc-default\"><table class=\"csc-uploads csc-uploads-1\"><tbody><tr class=\"tr-odd tr-first\"><td class=\"csc-uploads-icon\"><a href=\"http:\/\/www.armeemuseum.ch\/uploads\/media\/Lampenkatalog_03-08_02.pdf\" target=\"_blank\"><img src=\"http:\/\/www.armeemuseum.ch\/typo3\/sysext\/cms\/tslib\/media\/fileicons\/pdf.gif\" alt=\"\" width=\"18\" height=\"16\" border=\"0\" \/><\/a><\/td><td class=\"csc-uploads-fileName\"><a href=\"http:\/\/www.armeemuseum.ch\/uploads\/media\/Lampenkatalog_03-08_02.pdf\" target=\"_blank\">Lampenkatalog_03-08.pdf<\/a><\/td><td class=\"csc-uploads-fileSize\">7.0 M<\/td><\/tr><\/tbody><\/table><\/div><div id=\"c128\" class=\"csc-default\"><div class=\"csc-header csc-header-n70\"><h1>Die Entwicklung der Schweizer Panzerfamilie 68<\/h1><\/div><div class=\"csc-textpic-text\"><p class=\"bodytext\">Nach der Ausmusterung dieser Panzerfamilie in der Schweiz ist das Interesse an Fakten und Daten gross.<\/p><\/div><\/div><div id=\"c911\" class=\"csc-default\"><table class=\"csc-uploads csc-uploads-1\"><tbody><tr class=\"tr-odd tr-first\"><td class=\"csc-uploads-icon\"><a href=\"http:\/\/www.armeemuseum.ch\/uploads\/media\/Dok_Panzer_68.pdf.pdf\" target=\"_blank\"><img src=\"http:\/\/www.armeemuseum.ch\/typo3\/sysext\/cms\/tslib\/media\/fileicons\/pdf.gif\" alt=\"\" width=\"18\" height=\"16\" border=\"0\" \/><\/a><\/td><td class=\"csc-uploads-fileName\"><a href=\"http:\/\/www.armeemuseum.ch\/uploads\/media\/Dok_Panzer_68.pdf.pdf\" target=\"_blank\">Dok_Panzer_68.pdf.pdf<\/a><\/td><td class=\"csc-uploads-fileSize\">2.2 M<\/td><\/tr><\/tbody><\/table><\/div><div id=\"c578\" class=\"csc-default\"><div class=\"csc-header csc-header-n72\"><h1>Geschichte der Bem\u00fchungen um ein Schweizer Armeemuseum<\/h1><\/div><p class=\"bodytext\">Als einziges europ\u00e4isches Land hat die Schweiz kein nationales Milit\u00e4r- resp. Armeemuseum, das die ganze Palette an Material und Geschichte abdeckt. Bem\u00fchungen und \u2013 teilweise erfolgreiche und weniger erfolgreiche \u2013 Versuche gab es etliche. In dieser Dokumentation wird auf diese Bem\u00fchungen eingegangen.<\/p><\/div><div id=\"c579\" class=\"csc-default\"><table class=\"csc-uploads csc-uploads-0\"><tbody><tr class=\"tr-odd tr-first\"><td class=\"csc-uploads-fileName\"><a href=\"http:\/\/www.armeemuseum.ch\/uploads\/media\/Geschichte_VSAM.pdf\" target=\"_blank\">Geschichte_VSAM.pdf<\/a><\/td><td class=\"csc-uploads-fileSize\">1.8 M<\/td><\/tr><\/tbody><\/table><\/div><div id=\"c635\" class=\"csc-default\"><div class=\"csc-header csc-header-n74\"><h1>Bilddokumentation: WK Sch\u00fctzenbatallion 3 von 1899<\/h1><\/div><p class=\"bodytext\">Im Archiv des Vsam befindet sich eine sch\u00f6ne Bilddokumentation des<\/p><p class=\"bodytext\">Wiederholungsdienstes aus dem Jahr 1899.<\/p><p class=\"bodytext\">\u00a0<\/p><\/div><div id=\"c636\" class=\"csc-default\"><table class=\"csc-uploads csc-uploads-1\"><tbody><tr class=\"tr-odd tr-first\"><td class=\"csc-uploads-icon\"><a href=\"http:\/\/www.armeemuseum.ch\/uploads\/media\/Dok_WK1899-Komplett_04.pdf\" target=\"_blank\"><img src=\"http:\/\/www.armeemuseum.ch\/typo3\/sysext\/cms\/tslib\/media\/fileicons\/pdf.gif\" alt=\"\" width=\"18\" height=\"16\" border=\"0\" \/><\/a><\/td><td class=\"csc-uploads-fileName\"><a href=\"http:\/\/www.armeemuseum.ch\/uploads\/media\/Dok_WK1899-Komplett_04.pdf\" target=\"_blank\">Dok_WK1899-Komplett.pdf<\/a><\/td><td class=\"csc-uploads-fileSize\">6.6 M<\/td><\/tr><\/tbody><\/table><\/div>","_et_gb_content_width":"","footnotes":""},"class_list":["post-26347","page","type-page","status-publish","hentry"],"_links":{"self":[{"href":"https:\/\/armeemuseum.ch\/it\/wp-json\/wp\/v2\/pages\/26347","targetHints":{"allow":["GET"]}}],"collection":[{"href":"https:\/\/armeemuseum.ch\/it\/wp-json\/wp\/v2\/pages"}],"about":[{"href":"https:\/\/armeemuseum.ch\/it\/wp-json\/wp\/v2\/types\/page"}],"author":[{"embeddable":true,"href":"https:\/\/armeemuseum.ch\/it\/wp-json\/wp\/v2\/users\/2"}],"replies":[{"embeddable":true,"href":"https:\/\/armeemuseum.ch\/it\/wp-json\/wp\/v2\/comments?post=26347"}],"version-history":[{"count":4,"href":"https:\/\/armeemuseum.ch\/it\/wp-json\/wp\/v2\/pages\/26347\/revisions"}],"predecessor-version":[{"id":35065,"href":"https:\/\/armeemuseum.ch\/it\/wp-json\/wp\/v2\/pages\/26347\/revisions\/35065"}],"up":[{"embeddable":true,"href":"https:\/\/armeemuseum.ch\/it\/wp-json\/wp\/v2\/pages\/26344"}],"wp:attachment":[{"href":"https:\/\/armeemuseum.ch\/it\/wp-json\/wp\/v2\/media?parent=26347"}],"curies":[{"name":"wp","href":"https:\/\/api.w.org\/{rel}","templated":true}]}}