{"id":26322,"date":"2018-09-13T16:59:05","date_gmt":"2018-09-13T15:59:05","guid":{"rendered":"https:\/\/www.armeemuseum.ch\/pagina-iniziale\/portale-di-storia-militare\/"},"modified":"2022-02-17T12:55:23","modified_gmt":"2022-02-17T11:55:23","slug":"portale-di-storia-militare","status":"publish","type":"page","link":"https:\/\/armeemuseum.ch\/it\/link\/portale-di-storia-militare\/","title":{"rendered":"Storia militare"},"content":{"rendered":"<p>[et_pb_section bb_built=&#8221;1&#8243; admin_label=&#8221;section&#8221;][et_pb_row admin_label=&#8221;row&#8221;][et_pb_column type=&#8221;2_3&#8243;][et_pb_text admin_label=&#8221;Text&#8221; background_layout=&#8221;light&#8221; text_orientation=&#8221;left&#8221; use_border_color=&#8221;off&#8221; border_color=&#8221;#ffffff&#8221; border_style=&#8221;solid&#8221;]<\/p>\n<h2><strong><span lang=\"IT-CH\">Storia militare<\/span><\/strong><\/h2>\n<p>[\/et_pb_text][\/et_pb_column][et_pb_column type=&#8221;1_3&#8243;][et_pb_image admin_label=&#8221;Bild&#8221; src=&#8221;https:\/\/armeemuseum.ch\/wp-content\/uploads\/2016\/06\/Logo-VSAM-komprimiert-1.jpg&#8221; show_in_lightbox=&#8221;off&#8221; url_new_window=&#8221;off&#8221; use_overlay=&#8221;off&#8221; animation=&#8221;left&#8221; sticky=&#8221;off&#8221; align=&#8221;left&#8221; force_fullwidth=&#8221;off&#8221; always_center_on_mobile=&#8221;on&#8221; use_border_color=&#8221;off&#8221; border_color=&#8221;#ffffff&#8221; border_style=&#8221;solid&#8221;]<\/p>\n<p>&nbsp;<\/p>\n<p>&nbsp;<\/p>\n<p>[\/et_pb_image][\/et_pb_column][\/et_pb_row][et_pb_row admin_label=&#8221;Zeile&#8221;][et_pb_column type=&#8221;4_4&#8243;][et_pb_text admin_label=&#8221;Text&#8221; background_layout=&#8221;light&#8221; text_orientation=&#8221;left&#8221; use_border_color=&#8221;off&#8221; border_color=&#8221;#ffffff&#8221; border_style=&#8221;solid&#8221;]<\/p>\n<p>Schweizerische Vereinigung f\u00fcr Milit\u00e4rgeschichte und Milit\u00e4rwissenschaft<br \/>\n<a href=\"https:\/\/www.ashsm.ch\/CMS\/de-ch\/home1\" target=\"_blank\" rel=\"noopener\">https:\/\/www.ashsm.ch\/CMS\/de-ch\/home1<\/a><\/p>\n<p>Hochwachten in der Schweiz: Signalpunkte eines fr\u00fchen milit\u00e4rischen Fr\u00fchwarnsystems<br \/>\n<a href=\"http:\/\/hochwacht.info\" target=\"_blank\" rel=\"noopener\">hochwacht.info<\/a><\/p>\n<p>Portal Milit\u00e4rgeschichte<br \/>\n<a href=\"http:\/\/portal-militaergeschichte.de\/\" target=\"_blank\" rel=\"noopener\">http:\/\/portal-militaergeschichte.de\/<\/a><\/p>\n<p>&nbsp;<\/p>\n<p>[\/et_pb_text][\/et_pb_column][\/et_pb_row][\/et_pb_section]<\/p>\n","protected":false},"excerpt":{"rendered":"<p>Storia militare&nbsp; &nbsp;Schweizerische Vereinigung f\u00fcr Milit\u00e4rgeschichte und Milit\u00e4rwissenschaft https:\/\/www.ashsm.ch\/CMS\/de-ch\/home1 Hochwachten in der Schweiz: Signalpunkte eines fr\u00fchen milit\u00e4rischen Fr\u00fchwarnsystems hochwacht.info Portal Milit\u00e4rgeschichte http:\/\/portal-militaergeschichte.de\/ &nbsp;<\/p>\n","protected":false},"author":2,"featured_media":0,"parent":26305,"menu_order":0,"comment_status":"closed","ping_status":"closed","template":"","meta":{"_et_pb_use_builder":"on","_et_pb_old_content":"","_et_gb_content_width":"","footnotes":""},"class_list":["post-26322","page","type-page","status-publish","hentry"],"_links":{"self":[{"href":"https:\/\/armeemuseum.ch\/it\/wp-json\/wp\/v2\/pages\/26322","targetHints":{"allow":["GET"]}}],"collection":[{"href":"https:\/\/armeemuseum.ch\/it\/wp-json\/wp\/v2\/pages"}],"about":[{"href":"https:\/\/armeemuseum.ch\/it\/wp-json\/wp\/v2\/types\/page"}],"author":[{"embeddable":true,"href":"https:\/\/armeemuseum.ch\/it\/wp-json\/wp\/v2\/users\/2"}],"replies":[{"embeddable":true,"href":"https:\/\/armeemuseum.ch\/it\/wp-json\/wp\/v2\/comments?post=26322"}],"version-history":[{"count":5,"href":"https:\/\/armeemuseum.ch\/it\/wp-json\/wp\/v2\/pages\/26322\/revisions"}],"predecessor-version":[{"id":43923,"href":"https:\/\/armeemuseum.ch\/it\/wp-json\/wp\/v2\/pages\/26322\/revisions\/43923"}],"up":[{"embeddable":true,"href":"https:\/\/armeemuseum.ch\/it\/wp-json\/wp\/v2\/pages\/26305"}],"wp:attachment":[{"href":"https:\/\/armeemuseum.ch\/it\/wp-json\/wp\/v2\/media?parent=26322"}],"curies":[{"name":"wp","href":"https:\/\/api.w.org\/{rel}","templated":true}]}}