{"id":26310,"date":"2018-09-13T16:53:53","date_gmt":"2018-09-13T15:53:53","guid":{"rendered":"https:\/\/www.armeemuseum.ch\/pagina-iniziale\/collezioni-e-musei-militari-allestero\/"},"modified":"2020-01-27T19:09:18","modified_gmt":"2020-01-27T18:09:18","slug":"collezioni-e-musei-militari-allestero","status":"publish","type":"page","link":"https:\/\/armeemuseum.ch\/it\/link\/collezioni-e-musei-militari-allestero\/","title":{"rendered":"Collezioni e musei militari all\u2019estero"},"content":{"rendered":"<p>[et_pb_section admin_label=&#8221;section&#8221;][et_pb_row admin_label=&#8221;row&#8221;][et_pb_column type=&#8221;2_3&#8243;][et_pb_text admin_label=&#8221;Text&#8221; background_layout=&#8221;light&#8221; text_orientation=&#8221;left&#8221; use_border_color=&#8221;off&#8221; border_color=&#8221;#ffffff&#8221; border_style=&#8221;solid&#8221;]<\/p>\n<h2><strong><span lang=\"IT-CH\">Collezioni e musei militari all\u2019estero<\/span><\/strong><\/h2>\n<p>[\/et_pb_text][\/et_pb_column][et_pb_column type=&#8221;1_3&#8243;][et_pb_image admin_label=&#8221;Bild&#8221; src=&#8221;https:\/\/armeemuseum.ch\/wp-content\/uploads\/2016\/06\/Logo-VSAM-komprimiert-1.jpg&#8221; show_in_lightbox=&#8221;off&#8221; url_new_window=&#8221;off&#8221; use_overlay=&#8221;off&#8221; animation=&#8221;left&#8221; sticky=&#8221;off&#8221; align=&#8221;left&#8221; force_fullwidth=&#8221;off&#8221; always_center_on_mobile=&#8221;on&#8221; use_border_color=&#8221;off&#8221; border_color=&#8221;#ffffff&#8221; border_style=&#8221;solid&#8221; \/][\/et_pb_column][\/et_pb_row][et_pb_row admin_label=&#8221;Zeile&#8221;][et_pb_column type=&#8221;4_4&#8243;][et_pb_text admin_label=&#8221;Text&#8221; background_layout=&#8221;light&#8221; text_orientation=&#8221;left&#8221; use_border_color=&#8221;off&#8221; border_color=&#8221;#ffffff&#8221; border_style=&#8221;solid&#8221;]<\/p>\n<div class=\"indent\">\n<ul>\n<li>Bayerisches Armeemuseum Ingolstadt<br \/>\n<a class=\"external-link-new-window\" title=\"Opens external link in new window\" href=\"http:\/\/www.armeemuseum.de\/\" target=\"_blank\" rel=\"noopener\">www.armeemuseum.de<\/a><\/p>\n<p>&nbsp;<\/p>\n<\/li>\n<li>Milit\u00e4rhistorisches Museum der Bundeswehr Dresden<br \/>\n<a class=\"external-link-new-window\" title=\"Opens external link in new window\" href=\"http:\/\/www.mhmbundeswehr.de\/\" target=\"_blank\" rel=\"noopener\">www.mhmbundeswehr.de<\/a><\/p>\n<p>&nbsp;<\/p>\n<\/li>\n<li>Wehrgeschichtliches Museum Schloss Rastatt<br \/>\n<a class=\"external-link-new-window\" title=\"Opens external link in new window\" href=\"http:\/\/www.wgm-rastatt.de\/\" target=\"_blank\" rel=\"noopener\">www.wgm-rastatt.de<\/a><\/p>\n<p>&nbsp;<\/p>\n<\/li>\n<li>Museum f\u00fcr histoirsche Wehrtechnik, R\u00f6thenbach (N\u00fcrnberg)<br \/>\n<a href=\"http:\/\/www.wehrtechnikmuseum.de\" target=\"_blank\" rel=\"noopener\">www.wehrtechnikmuseum.de<\/a><\/li>\n<li>Imperial War Museum London<br \/>\n<a class=\"external-link-new-window\" title=\"Opens external link in new window\" href=\"http:\/\/www.iwm.org.uk\/\" target=\"_blank\" rel=\"noopener\">www.iwm.org.uk<\/a><\/p>\n<p>&nbsp;<\/p>\n<\/li>\n<li>National Army Museum London<br \/>\n<a href=\"http:\/\/www.national-army-museum.ac.uk\" target=\"_blank\" rel=\"noopener\">www.national-army-museum.ac.uk<\/a><\/p>\n<p>&nbsp;<\/p>\n<\/li>\n<li>Mus\u00e9e de l&#8217;Arm\u00e9e Paris<br \/>\n<a href=\"http:\/\/www.invalides.org\" target=\"_blank\" rel=\"noopener\">www.invalides.org<\/a><\/p>\n<p>&nbsp;<\/p>\n<\/li>\n<li>Heeresgeschichtliches Museum Wien<br \/>\n<a class=\"external-link-new-window\" title=\"Opens external link in new window\" href=\"http:\/\/www.hgm.or.at\/\" target=\"_blank\" rel=\"noopener\">www.hgm.or.at<\/a><\/li>\n<li>Mus\u00e9e National d&#8217;Histoire Militaire Diekirch, Luxembourg<br \/>\n<a class=\"external-link-new-window\" title=\"Opens external link in new window\" href=\"http:\/\/www.nat-military-museum.lu\/\" target=\"_blank\" rel=\"noopener\">www.nat-military-museum.lu<\/a><\/p>\n<p>&nbsp;<\/p>\n<\/li>\n<li>Patronentaschen, Patroneng\u00fcrtel und Banduliere 1850 &#8211; 1950<br \/>\n<a class=\"external-link-new-window\" title=\"Opens external link in new window\" href=\"http:\/\/www.cpouch.de\/\" target=\"_blank\" rel=\"noopener\">www.cpouch.de<\/a><\/p>\n<p>&nbsp;<\/p>\n<\/li>\n<li>Panzermuseum Munster<br \/>\n<a class=\"external-link-new-window\" title=\"Opens external link in new window\" href=\"http:\/\/www.panzermuseum-munster.de\/\" target=\"_blank\" rel=\"noopener\">www.panzermuseum-munster.de<\/a><\/li>\n<\/ul>\n<ul>\n<li>Verein der Freunde und F\u00f6rderer der Wehrtechnischen Sammlung Koblenz<br \/>\n<a class=\"external-link-new-window\" title=\"Opens external link in new window\" href=\"http:\/\/www.vffwts.de\/\" target=\"_blank\" rel=\"noopener\">www.vffwts.de<\/a><\/li>\n<\/ul>\n<ul>\n<li>Milit\u00e4rhistorische Sammlung Alter Flakleitstand, Burhaver Stra\u00dfe. 41, 26954 Nordenham<br \/>\n<a class=\"external-link-new-window\" title=\"Opens external link in new window\" href=\"http:\/\/www.alterflakleitstand.de\/\" target=\"_blank\" rel=\"noopener\">www.alterflakleitstand.de<\/a><\/li>\n<\/ul>\n<ul>\n<li>Firepower Royal Artillery Museum<br \/>\n<a class=\"external-link-new-window\" title=\"Opens external link in new window\" href=\"http:\/\/firepower.org.uk\/\" target=\"_blank\" rel=\"noopener\">http:\/\/firepower.org.uk\/<\/a><\/li>\n<\/ul>\n<\/div>\n<p>[\/et_pb_text][\/et_pb_column][\/et_pb_row][\/et_pb_section]<\/p>\n","protected":false},"excerpt":{"rendered":"<p>Collezioni e musei militari all\u2019estero Bayerisches Armeemuseum Ingolstadt www.armeemuseum.de &nbsp; Milit\u00e4rhistorisches Museum der Bundeswehr Dresden www.mhmbundeswehr.de &nbsp; Wehrgeschichtliches Museum Schloss Rastatt www.wgm-rastatt.de &nbsp; Museum f\u00fcr histoirsche Wehrtechnik, R\u00f6thenbach (N\u00fcrnberg) www.wehrtechnikmuseum.de Imperial War Museum London www.iwm.org.uk &nbsp; National Army Museum London www.national-army-museum.ac.uk &nbsp; Mus\u00e9e de l&#8217;Arm\u00e9e Paris www.invalides.org &nbsp; Heeresgeschichtliches Museum Wien www.hgm.or.at Mus\u00e9e National d&#8217;Histoire [&hellip;]<\/p>\n","protected":false},"author":2,"featured_media":0,"parent":26305,"menu_order":0,"comment_status":"closed","ping_status":"closed","template":"","meta":{"_et_pb_use_builder":"on","_et_pb_old_content":"","_et_gb_content_width":"","footnotes":""},"class_list":["post-26310","page","type-page","status-publish","hentry"],"_links":{"self":[{"href":"https:\/\/armeemuseum.ch\/it\/wp-json\/wp\/v2\/pages\/26310","targetHints":{"allow":["GET"]}}],"collection":[{"href":"https:\/\/armeemuseum.ch\/it\/wp-json\/wp\/v2\/pages"}],"about":[{"href":"https:\/\/armeemuseum.ch\/it\/wp-json\/wp\/v2\/types\/page"}],"author":[{"embeddable":true,"href":"https:\/\/armeemuseum.ch\/it\/wp-json\/wp\/v2\/users\/2"}],"replies":[{"embeddable":true,"href":"https:\/\/armeemuseum.ch\/it\/wp-json\/wp\/v2\/comments?post=26310"}],"version-history":[{"count":3,"href":"https:\/\/armeemuseum.ch\/it\/wp-json\/wp\/v2\/pages\/26310\/revisions"}],"predecessor-version":[{"id":34958,"href":"https:\/\/armeemuseum.ch\/it\/wp-json\/wp\/v2\/pages\/26310\/revisions\/34958"}],"up":[{"embeddable":true,"href":"https:\/\/armeemuseum.ch\/it\/wp-json\/wp\/v2\/pages\/26305"}],"wp:attachment":[{"href":"https:\/\/armeemuseum.ch\/it\/wp-json\/wp\/v2\/media?parent=26310"}],"curies":[{"name":"wp","href":"https:\/\/api.w.org\/{rel}","templated":true}]}}