{"id":26295,"date":"2018-09-13T16:44:14","date_gmt":"2018-09-13T15:44:14","guid":{"rendered":"https:\/\/www.armeemuseum.ch\/visione-del-museo-dellesercito\/"},"modified":"2020-01-27T19:54:23","modified_gmt":"2020-01-27T18:54:23","slug":"visione-del-museo-dellesercito","status":"publish","type":"page","link":"https:\/\/armeemuseum.ch\/it\/lassociazione-del-museo-svizzero-dellesercito-vsam\/visione-del-museo-dellesercito\/","title":{"rendered":"Visione del museo dell\u2019esercito"},"content":{"rendered":"<p>[et_pb_section bb_built=&#8221;1&#8243; admin_label=&#8221;section&#8221;][et_pb_row admin_label=&#8221;row&#8221;][et_pb_column type=&#8221;2_3&#8243;][et_pb_text admin_label=&#8221;Text&#8221; background_layout=&#8221;light&#8221; text_orientation=&#8221;left&#8221;]<\/p>\n<h1><strong>Storia di una visione<\/strong><\/h1>\n<p>&nbsp;<\/p>\n<p>[\/et_pb_text][\/et_pb_column][et_pb_column type=&#8221;1_3&#8243;][et_pb_image admin_label=&#8221;Bild&#8221; src=&#8221;https:\/\/armeemuseum.ch\/wp-content\/uploads\/2015\/05\/Logo-VSAM-komprimiert.jpg&#8221; show_in_lightbox=&#8221;off&#8221; url_new_window=&#8221;off&#8221; animation=&#8221;left&#8221; sticky=&#8221;off&#8221; \/][\/et_pb_column][\/et_pb_row][et_pb_row admin_label=&#8221;row&#8221;][et_pb_column type=&#8221;4_4&#8243;][et_pb_image admin_label=&#8221;Bild&#8221; src=&#8221;https:\/\/armeemuseum.ch\/wp-content\/uploads\/2015\/05\/Signal.jpg&#8221; show_in_lightbox=&#8221;off&#8221; url_new_window=&#8221;off&#8221; animation=&#8221;left&#8221; sticky=&#8221;off&#8221; \/][et_pb_text admin_label=&#8221;Text&#8221; background_layout=&#8221;light&#8221; text_orientation=&#8221;left&#8221; use_border_color=&#8221;off&#8221; border_color=&#8221;#ffffff&#8221; border_style=&#8221;solid&#8221;]<\/p>\n<div class=\"csc-textpic-text\">\n<p class=\"bodytext\">Contrariamente a quasi tutti gli altri Paesi europei, la Svizzera non dispone di un Museo ufficiale dell\u2019esercito. Questa situazione \u00e8 tanto pi\u00f9 sorprendente in quanto il nostro esercito ha svolto durante secoli un ruolo importante, a volte anche determinante, nell\u2019esistenza della Confederazione svizzera. La volont\u00e0 di difesa dei nostri antenati ha assorbito sforzi personali e finanziari notevoli. Oltre ai documenti e alle testimonianze rappresentate dalle costruzioni, vi sono oggi oltre 100&#8217;000 oggetti militari, tra cui armi, uniformi, capi d\u2019equipaggiamento, veicoli, materiale di trasmissione, ecc. Questo materiale lasciatoci in eredit\u00e0 appartiene ai beni culturali svizzeri da salvaguardare. Ne consegue una doppia preoccupazione: da un lato la storia degli sforzi di difesa del nostro popolo deve poter essere accessibile ad un largo pubblico e presentata nel suo contesto integrale, dall\u2019altro si deve salvaguardare e conservare correttamente l\u2019eredit\u00e0 materiale del nostro esercito.<\/p>\n<p class=\"bodytext\">Si deve pure menzionare il fatto che il DDPS e il VSAM ricevono numerose richieste d\u2019informazione sulla storia del nostro esercito e in particolare del suo equipaggiamento. La risposta \u00e8 possibile solo se si posseggono le relative conoscenze e si\u00a0 dispone del necessario materiale per soddisfare le richieste nell\u2019ambito di esposizioni e presentazioni. E tutto questo \u00e8 realizzabile unicamente se i documenti e il materiale sono analizzati e disponibili. Per un esercito sarebbe alquanto negativo non essere pi\u00f9 in grado di fornire informazioni sulla storia del proprio materiale.<\/p>\n<p class=\"bodytext\">L\u2019Associazione del museo svizzero dell\u2019esercito (VSAM) \u2013 come pure le organizzazioni che l\u2019hanno preceduta \u2013 si \u00e8 posta come obiettivo la realizzazione di un Museo svizzero dell\u2019esercito. In precedenza ci sono stati diversi tentativi che sono purtroppo falliti. In proposito si pu\u00f2 scaricare la storia in formato pdf. Oggi il comitato \u00e8 cosciente che un nuovo museo non sarebbe realizzabile sia per la mancanza di un sostegno politico che dei mezzi finanziari necessari. Per poter assicurare, malgrado tutto, la valorizzazione e la conservazione del materiale e permettere l\u2019accesso alle collezioni a persone e gruppi interessati, si devono trovare nuove soluzioni.<\/p>\n<p><\/p>\n<p class=\"bodytext\"><a href=\"https:\/\/armeemuseum.ch\/wp-content\/uploads\/2015\/05\/Geschichte_VSAM.pdf\" target=\"_blank\" rel=\"noopener noreferrer\">Geschichte_Armeemuseum in der Schweiz<\/a><\/p>\n<\/div>\n<p>&nbsp;<\/p>\n<p>[\/et_pb_text][\/et_pb_column][\/et_pb_row][\/et_pb_section]<\/p>\n","protected":false},"excerpt":{"rendered":"<p>Storia di una visione &nbsp; Contrariamente a quasi tutti gli altri Paesi europei, la Svizzera non dispone di un Museo ufficiale dell\u2019esercito. Questa situazione \u00e8 tanto pi\u00f9 sorprendente in quanto il nostro esercito ha svolto durante secoli un ruolo importante, a volte anche determinante, nell\u2019esistenza della Confederazione svizzera. La volont\u00e0 di difesa dei nostri antenati [&hellip;]<\/p>\n","protected":false},"author":2,"featured_media":0,"parent":34980,"menu_order":0,"comment_status":"closed","ping_status":"closed","template":"","meta":{"_et_pb_use_builder":"on","_et_pb_old_content":"<div class=\"csc-header csc-header-n1\"><h1 class=\"csc-firstHeader\">Geschichte und Idee<\/h1><\/div><div class=\"csc-textpic-text\"><p class=\"bodytext\">Die Schweiz hat \u2013 im Unterschied zu praktisch allen anderen europ\u00e4ischen L\u00e4ndern \u2013 kein offizielles Armeemuseum. Das ist umso erstaunlicher, als doch unsere Armee im Leben der Schweizerischen Eidgenossenschaft w\u00e4hrend Jahrhunderten eine bedeutende, ja zuweilen entscheidende, Rolle gespielt hat. Der Wehrwille unserer Vorfahren hat enorme personelle und finanzielle Aufw\u00e4ndungen absorbiert. Heute sind nebst baulichen Zeugen und Dokumenten weit \u00fcber 100'000 milit\u00e4rische Objekte vorhanden, unter anderem Waffen, Uniformen, Ausr\u00fcstungsgegenst\u00e4nde, Fahrzeuge, \u00dcbermittlungsmaterial etc. Diese materielle Hinterlassenschaft der Armee geh\u00f6rt zum erhaltenswerten Kulturgut der Schweiz. Daraus ergibt sich ein doppeltes Anliegen: Die Geschichte der Wehranstrengungen unseres Volkes muss einem breiten Publikum anschaulich und in all seinen Zusammenh\u00e4ngen dargestellt und die materielle Hinterlassenschaft unserer Armee muss fachgerecht erhalten und gepflegt werden.<\/p><p class=\"bodytext\">Viele Leute haben Fragen zur Geschichte unserer Armee und ihrer Ausr\u00fcstung . Diese Fragen k\u00f6nne nur fundiert beantwortet werden,\u00a0 wenn die entsprechenden Dokumente ausgewertet vorliegen und Material vorhanden ist.<\/p><p class=\"bodytext\">Der Verein Schweizer Armeemuseum (VSAM) hat sich - wie schon seine Vorg\u00e4ngerorganisationen - die Errichtung eines Schweizer Armeemuseums zum Ziel gesetzt. Mehrere erfolglose Realisierungsversuche liegen hinter uns. Heute ist dem Vorstand VSAM klar, dass im heutigen Umfeld ein solches Museum wegen der fehlenden politischen Unterst\u00fctzung und den zurzeit nicht aufbringbaren Mitteln nicht realisierbar ist. Er hat sich deshalb in den letzten Jahren auf die Sicherstellung des materiellen Erbes der Armee konzentriert. Der VSAM hat sich deshalb erfolgreich in den letzten Jahren f\u00fcr die Neuordnung des historischen Armeematerials eingesetzt und die Stiftung HAM gegr\u00fcndet.<\/p><p class=\"bodytext\"><a href=\"http:\/\/test.armeemuseum.ch\/wp-content\/uploads\/2015\/05\/Geschichte_VSAM.pdf\">Geschichte_VSAM<\/a><\/p><\/div>","_et_gb_content_width":"","footnotes":""},"class_list":["post-26295","page","type-page","status-publish","hentry"],"_links":{"self":[{"href":"https:\/\/armeemuseum.ch\/it\/wp-json\/wp\/v2\/pages\/26295","targetHints":{"allow":["GET"]}}],"collection":[{"href":"https:\/\/armeemuseum.ch\/it\/wp-json\/wp\/v2\/pages"}],"about":[{"href":"https:\/\/armeemuseum.ch\/it\/wp-json\/wp\/v2\/types\/page"}],"author":[{"embeddable":true,"href":"https:\/\/armeemuseum.ch\/it\/wp-json\/wp\/v2\/users\/2"}],"replies":[{"embeddable":true,"href":"https:\/\/armeemuseum.ch\/it\/wp-json\/wp\/v2\/comments?post=26295"}],"version-history":[{"count":8,"href":"https:\/\/armeemuseum.ch\/it\/wp-json\/wp\/v2\/pages\/26295\/revisions"}],"predecessor-version":[{"id":26331,"href":"https:\/\/armeemuseum.ch\/it\/wp-json\/wp\/v2\/pages\/26295\/revisions\/26331"}],"up":[{"embeddable":true,"href":"https:\/\/armeemuseum.ch\/it\/wp-json\/wp\/v2\/pages\/34980"}],"wp:attachment":[{"href":"https:\/\/armeemuseum.ch\/it\/wp-json\/wp\/v2\/media?parent=26295"}],"curies":[{"name":"wp","href":"https:\/\/api.w.org\/{rel}","templated":true}]}}