{"id":26289,"date":"2018-09-13T16:39:34","date_gmt":"2018-09-13T15:39:34","guid":{"rendered":"https:\/\/www.armeemuseum.ch\/pagina-iniziale\/conferenze\/"},"modified":"2022-03-15T17:39:49","modified_gmt":"2022-03-15T16:39:49","slug":"conferenze","status":"publish","type":"page","link":"https:\/\/armeemuseum.ch\/it\/conferenze\/","title":{"rendered":"Conferenze"},"content":{"rendered":"<p>[et_pb_section bb_built=&#8221;1&#8243; admin_label=&#8221;section&#8221;][et_pb_row admin_label=&#8221;row&#8221;][et_pb_column type=&#8221;2_3&#8243;][et_pb_text admin_label=&#8221;Text&#8221; background_layout=&#8221;light&#8221; text_orientation=&#8221;left&#8221;]<\/p>\n<h2><strong>Conferenze<\/strong><\/h2>\n<p>&nbsp;<\/p>\n<p>[\/et_pb_text][\/et_pb_column][et_pb_column type=&#8221;1_3&#8243;][et_pb_image admin_label=&#8221;Bild&#8221; src=&#8221;https:\/\/armeemuseum.ch\/wp-content\/uploads\/2015\/05\/Logo-VSAM-komprimiert.jpg&#8221; show_in_lightbox=&#8221;off&#8221; url_new_window=&#8221;off&#8221; animation=&#8221;left&#8221; sticky=&#8221;off&#8221; \/][\/et_pb_column][\/et_pb_row][et_pb_row admin_label=&#8221;row&#8221;][et_pb_column type=&#8221;4_4&#8243;][et_pb_text admin_label=&#8221;Text&#8221; background_layout=&#8221;light&#8221; text_orientation=&#8221;left&#8221; use_border_color=&#8221;off&#8221; border_color=&#8221;#ffffff&#8221; border_style=&#8221;solid&#8221;]<\/p>\n<p>L\u2019Associazione del museo svizzero dell\u2019esercito organizza periodicamente conferenze inerenti temi della storia militare.<\/p>\n<p>Alla pagina News vengono regolarmente pubblicate delle brevi relazioni sulle conferenze svoltesi (solo in tedesco e francese).<\/p>\n<p class=\"bodytext\">Vereine und Organisationen, die sich f\u00fcr die \u00dcbernahme eines dieser Referate interessieren, k\u00f6nnen via VSAM (henri.habegger@armeemuseum.ch) in Kontakt mit dem gew\u00fcnschten Referenten treten.<\/p>\n<h2 class=\"bodytext\">Download der Vortragsprogramme:<\/h2>\n<ul>\n<li><a href=\"https:\/\/armeemuseum.ch\/wp-content\/uploads\/2021\/10\/Vortragsreihe-2022.pdf\" target=\"_blank\" rel=\"noopener\">Vortr\u00e4ge 2022<\/a><\/li>\n<li>2021:<span style=\"color: #ff0000;\"> Aufgrund der Pandemie finden zurzeit keine Vortr\u00e4ge statt.<\/span><\/li>\n<li><a href=\"https:\/\/armeemuseum.ch\/wp-content\/uploads\/2019\/11\/Vortr\u00e4ge-2020.pdf\" target=\"_blank\" rel=\"noopener\">Vortr\u00e4ge 2020<\/a><\/li>\n<li><a href=\"https:\/\/armeemuseum.ch\/wp-content\/uploads\/2018\/11\/Vortr\u00e4ge-2019.pdf\" target=\"_blank\" rel=\"noopener\">Vortr\u00e4ge 2019<\/a><\/li>\n<li><a href=\"https:\/\/armeemuseum.ch\/wp-content\/uploads\/2017\/11\/2018-FlyerVortrag-neu.pdf\" target=\"_blank\" rel=\"noopener\">Vortr\u00e4ge 2018<\/a><\/li>\n<li><a href=\"https:\/\/armeemuseum.ch\/wp-content\/uploads\/2015\/05\/Vortr\u00e4ge-2017.pdf\" target=\"_blank\" rel=\"noopener\">Vortr\u00e4ge 2017<\/a><\/li>\n<li><a href=\"https:\/\/armeemuseum.ch\/wp-content\/uploads\/2016\/05\/Vortr\u00e4ge-2016.pdf\" target=\"_blank\" rel=\"noopener\">Vortr\u00e4ge 2016<\/a><\/li>\n<li><a href=\"https:\/\/armeemuseum.ch\/wp-content\/uploads\/2015\/05\/Vortr\u00e4ge-20151.pdf\" target=\"_blank\" rel=\"noopener\">Vortr\u00e4ge 2015<\/a><\/li>\n<li><a href=\"https:\/\/armeemuseum.ch\/wp-content\/uploads\/2015\/05\/Vortr\u00e4ge-2014.pdf\">Vortr\u00e4ge 2014<\/a><\/li>\n<li><a href=\"https:\/\/armeemuseum.ch\/wp-content\/uploads\/2015\/05\/Vortr\u00e4ge-2013.pdf\" target=\"_blank\" rel=\"noopener\">Vortr\u00e4ge 2013<\/a><\/li>\n<li><a href=\"https:\/\/armeemuseum.ch\/wp-content\/uploads\/2015\/05\/Vortr\u00e4ge-2012.pdf\" target=\"_blank\" rel=\"noopener\">Vortr\u00e4ge 2012<\/a><\/li>\n<li><a href=\"https:\/\/armeemuseum.ch\/wp-content\/uploads\/2015\/05\/Vortr\u00e4ge-2011.pdf\" target=\"_blank\" rel=\"noopener\">Vortr\u00e4ge 2011<\/a><\/li>\n<li><a href=\"https:\/\/armeemuseum.ch\/wp-content\/uploads\/2015\/05\/Vortr\u00e4ge-2010.pdf\" target=\"_blank\" rel=\"noopener\">Vortr\u00e4ge 2010<\/a><\/li>\n<\/ul>\n<p>&nbsp;<\/p>\n<p>&nbsp;<\/p>\n<p>[\/et_pb_text][\/et_pb_column][\/et_pb_row][\/et_pb_section]<\/p>\n","protected":false},"excerpt":{"rendered":"<p>Conferenze &nbsp;L\u2019Associazione del museo svizzero dell\u2019esercito organizza periodicamente conferenze inerenti temi della storia militare. Alla pagina News vengono regolarmente pubblicate delle brevi relazioni sulle conferenze svoltesi (solo in tedesco e francese). Vereine und Organisationen, die sich f\u00fcr die \u00dcbernahme eines dieser Referate interessieren, k\u00f6nnen via VSAM (henri.habegger@armeemuseum.ch) in Kontakt mit dem gew\u00fcnschten Referenten treten. Download [&hellip;]<\/p>\n","protected":false},"author":2,"featured_media":0,"parent":0,"menu_order":0,"comment_status":"closed","ping_status":"open","template":"","meta":{"_et_pb_use_builder":"on","_et_pb_old_content":"<h1>Referate<\/h1><p class=\"bodytext\">\u00a0Der Verein Schweizer Armeemuseum veranstaltet regelm\u00e4ssig Referate zu milit\u00e4rhistorischen Themen.<\/p><p class=\"bodytext\">\u00a0Auf der Seite News werden laufend illustrierte Kurzberichte \u00fcber stattgefundene Rerate publiziert.<\/p><p class=\"bodytext\">\u00a0Vereine und Organisationen, die sich f\u00fcr die \u00dcbernahme eines dieser Referate interessieren, k\u00f6nnen via VSAM (<a class=\"mail\" title=\"Opens window for sending email\" href=\"mailto:henri.habegger@armeemuseum.ch\">henri.habegger@armeemuseum.ch<\/a>) in Kontakt mit dem gew\u00fcnschten Referenten treten.<\/p>","_et_gb_content_width":"","footnotes":""},"class_list":["post-26289","page","type-page","status-publish","hentry"],"_links":{"self":[{"href":"https:\/\/armeemuseum.ch\/it\/wp-json\/wp\/v2\/pages\/26289","targetHints":{"allow":["GET"]}}],"collection":[{"href":"https:\/\/armeemuseum.ch\/it\/wp-json\/wp\/v2\/pages"}],"about":[{"href":"https:\/\/armeemuseum.ch\/it\/wp-json\/wp\/v2\/types\/page"}],"author":[{"embeddable":true,"href":"https:\/\/armeemuseum.ch\/it\/wp-json\/wp\/v2\/users\/2"}],"replies":[{"embeddable":true,"href":"https:\/\/armeemuseum.ch\/it\/wp-json\/wp\/v2\/comments?post=26289"}],"version-history":[{"count":23,"href":"https:\/\/armeemuseum.ch\/it\/wp-json\/wp\/v2\/pages\/26289\/revisions"}],"predecessor-version":[{"id":43964,"href":"https:\/\/armeemuseum.ch\/it\/wp-json\/wp\/v2\/pages\/26289\/revisions\/43964"}],"wp:attachment":[{"href":"https:\/\/armeemuseum.ch\/it\/wp-json\/wp\/v2\/media?parent=26289"}],"curies":[{"name":"wp","href":"https:\/\/api.w.org\/{rel}","templated":true}]}}