{"id":47914,"date":"2024-05-04T12:24:56","date_gmt":"2024-05-04T11:24:56","guid":{"rendered":"https:\/\/www.armeemuseum.ch\/?page_id=47914"},"modified":"2026-02-28T16:22:54","modified_gmt":"2026-02-28T15:22:54","slug":"truppenordnungen-1848-1994","status":"publish","type":"page","link":"https:\/\/armeemuseum.ch\/fr\/wissensdatenbank\/truppenordnungen-1848-1994\/","title":{"rendered":"Truppenordnungen 1848-1994"},"content":{"rendered":"<p>[et_pb_section fb_built=\u00a0\u00bb1&Prime; _builder_version=\u00a0\u00bb4.24.3&Prime; _module_preset=\u00a0\u00bbdefault\u00a0\u00bb global_colors_info=\u00a0\u00bb{}\u00a0\u00bb][et_pb_row column_structure=\u00a0\u00bb3_5,2_5&Prime; _builder_version=\u00a0\u00bb4.24.3&Prime; _module_preset=\u00a0\u00bbdefault\u00a0\u00bb global_colors_info=\u00a0\u00bb{}\u00a0\u00bb][et_pb_column type=\u00a0\u00bb3_5&Prime; _builder_version=\u00a0\u00bb4.24.3&Prime; _module_preset=\u00a0\u00bbdefault\u00a0\u00bb global_colors_info=\u00a0\u00bb{}\u00a0\u00bb][et_pb_text _builder_version=\u00a0\u00bb4.24.3&Prime; _module_preset=\u00a0\u00bbdefault\u00a0\u00bb global_colors_info=\u00a0\u00bb{}\u00a0\u00bb]<\/p>\n<h2><strong>Die Truppenordnungen der Schweizer Armee 1848 &#8211; 1994<\/strong><\/h2>\n<h4>Struktur, Ausr\u00fcstung, Einsatz<\/h4>\n<p>[\/et_pb_text][\/et_pb_column][et_pb_column type=\u00a0\u00bb2_5&Prime; _builder_version=\u00a0\u00bb4.24.3&Prime; _module_preset=\u00a0\u00bbdefault\u00a0\u00bb global_colors_info=\u00a0\u00bb{}\u00a0\u00bb][et_pb_image src=\u00a0\u00bbhttps:\/\/armeemuseum.ch\/wp-content\/uploads\/2024\/02\/Logo-VSAM-komprimiert.jpg\u00a0\u00bb title_text=\u00a0\u00bbEinfaches CMYK\u00a0\u00bb _builder_version=\u00a0\u00bb4.24.3&Prime; _module_preset=\u00a0\u00bbdefault\u00a0\u00bb global_colors_info=\u00a0\u00bb{}\u00a0\u00bb][\/et_pb_image][\/et_pb_column][\/et_pb_row][\/et_pb_section][et_pb_section fb_built=\u00a0\u00bb1&Prime; _builder_version=\u00a0\u00bb4.24.3&Prime; _module_preset=\u00a0\u00bbdefault\u00a0\u00bb global_colors_info=\u00a0\u00bb{}\u00a0\u00bb][et_pb_row _builder_version=\u00a0\u00bb4.24.3&Prime; _module_preset=\u00a0\u00bbdefault\u00a0\u00bb custom_padding=\u00a0\u00bb39px|||||\u00a0\u00bb global_colors_info=\u00a0\u00bb{}\u00a0\u00bb][et_pb_column type=\u00a0\u00bb4_4&Prime; _builder_version=\u00a0\u00bb4.24.3&Prime; _module_preset=\u00a0\u00bbdefault\u00a0\u00bb global_colors_info=\u00a0\u00bb{}\u00a0\u00bb][et_pb_text _builder_version=\u00a0\u00bb4.27.2&Prime; _module_preset=\u00a0\u00bbdefault\u00a0\u00bb hover_enabled=\u00a0\u00bb0&Prime; global_colors_info=\u00a0\u00bb{}\u00a0\u00bb sticky_enabled=\u00a0\u00bb0&Prime;]<\/p>\n<p><strong>Vorwort des Pr\u00e4sidenten des Vereins Schweizer Armeemuseum<\/strong><\/p>\n<p>Auf Bitte des Vorstandes des Vereins Schweizer Armee hat sich sein ehemaliges Vorstandsmitglied Br aD J\u00fcrg Keller bereit erkl\u00e4rt, in komprimierter Form die Geschichte der Struktur, der Ausr\u00fcstung und des Einsatzes der Schweizer Armee f\u00fcr die Wissensdatenbank des VSAM aufzuarbeiten. Wir konnten diese Arbeit mit einigen Beitr\u00e4gen unterst\u00fctzen und freuen uns, Ihnen hier das Ergebnis vorstellen zu k\u00f6nnen.<\/p>\n<p>Die Arbeit gliedert sich in folgende Kapitel, die Sie hier herunterladen k\u00f6nnen:<\/p>\n<ul>\n<li><a href=\"https:\/\/armeemuseum.ch\/wp-content\/uploads\/2024\/05\/Teil-1-1848-1872-2.pdf\" rel=\"attachment noopener wp-att-47998\" target=\"_blank\">Teil 1, 1848 &#8211; 1872\u00a0\u00a0<\/a>Die Armee des jungen Bundesstaates bis nach den preussisch-franz\u00f6sischen Krieg<\/li>\n<li><a href=\"https:\/\/armeemuseum.ch\/wp-content\/uploads\/2024\/10\/Teil-2-1872-1918-Stand-23.6.24-2.pdf\" rel=\"attachment noopener wp-att-48480\" target=\"_blank\">Teil 2, 1872 &#8211; 1918\u00a0\u00a0<\/a>Von 1872 bis nach dem Ersten Weltkrieg<\/li>\n<li>Teil 3: 1918 \u2013 1945\u00a0 Von 1918 bis nach dem Zweiten Weltkrieg<\/li>\n<\/ul>\n<ul><\/ul>\n<ul><\/ul>\n<ul><\/ul>\n<p>Wir sind uns bewusst, dass sich bei der F\u00fclle der Informationen der eine oder andere Fehler in die Arbeit eingeschlichen hat und sind dankbar f\u00fcr Hinweise aus dem Kreis der Leserschaft, die Sie bitte an <a href=\"mailto:info@armeemuseum.ch\">info@armeemuseum.ch<\/a> richten wollen.<\/p>\n<p>Das Copyright \u00a9 f\u00fcr die vorliegende Arbeit liegt beim Verfasser, der dem VSAM die Ver\u00f6ffentlichung gestattet hat. Ohne die ausdr\u00fcckliche Einwilligung des Verfassers oder des VSAM ist die Wiedergabe in jeglichen anderen Medien nicht zul\u00e4ssig.<\/p>\n<p>F\u00fcr die Aufl\u00f6sung der Abk\u00fcrzungen verweisen wir auf das entsprechende Kapitel der Wissensdatenbank.<\/p>\n<p style=\"text-align: right;\">Steffisburg, 20.2.2024<\/p>\n<p style=\"text-align: right;\">Henri Habegger<br \/>Pr\u00e4sident Verein Schweizer Armeemuseum<a href=\"https:\/\/armeemuseum.ch\/wp-content\/uploads\/2024\/05\/Teil-1-1848-1872.pdf\" rel=\"attachment wp-att-47925\"><\/a><\/p>\n<p>[\/et_pb_text][\/et_pb_column][\/et_pb_row][\/et_pb_section]<\/p>\n","protected":false},"excerpt":{"rendered":"<p>Die Truppenordnungen der Schweizer Armee 1848 &#8211; 1994 Struktur, Ausr\u00fcstung, EinsatzVorwort des Pr\u00e4sidenten des Vereins Schweizer Armeemuseum Auf Bitte des Vorstandes des Vereins Schweizer Armee hat sich sein ehemaliges Vorstandsmitglied Br aD J\u00fcrg Keller bereit erkl\u00e4rt, in komprimierter Form die Geschichte der Struktur, der Ausr\u00fcstung und des Einsatzes der Schweizer Armee f\u00fcr die Wissensdatenbank des [&hellip;]<\/p>\n","protected":false},"author":2,"featured_media":0,"parent":34462,"menu_order":0,"comment_status":"closed","ping_status":"closed","template":"","meta":{"_et_pb_use_builder":"on","_et_pb_old_content":"","_et_gb_content_width":"","footnotes":""},"class_list":["post-47914","page","type-page","status-publish","hentry"],"_links":{"self":[{"href":"https:\/\/armeemuseum.ch\/fr\/wp-json\/wp\/v2\/pages\/47914","targetHints":{"allow":["GET"]}}],"collection":[{"href":"https:\/\/armeemuseum.ch\/fr\/wp-json\/wp\/v2\/pages"}],"about":[{"href":"https:\/\/armeemuseum.ch\/fr\/wp-json\/wp\/v2\/types\/page"}],"author":[{"embeddable":true,"href":"https:\/\/armeemuseum.ch\/fr\/wp-json\/wp\/v2\/users\/2"}],"replies":[{"embeddable":true,"href":"https:\/\/armeemuseum.ch\/fr\/wp-json\/wp\/v2\/comments?post=47914"}],"version-history":[{"count":16,"href":"https:\/\/armeemuseum.ch\/fr\/wp-json\/wp\/v2\/pages\/47914\/revisions"}],"predecessor-version":[{"id":49701,"href":"https:\/\/armeemuseum.ch\/fr\/wp-json\/wp\/v2\/pages\/47914\/revisions\/49701"}],"up":[{"embeddable":true,"href":"https:\/\/armeemuseum.ch\/fr\/wp-json\/wp\/v2\/pages\/34462"}],"wp:attachment":[{"href":"https:\/\/armeemuseum.ch\/fr\/wp-json\/wp\/v2\/media?parent=47914"}],"curies":[{"name":"wp","href":"https:\/\/api.w.org\/{rel}","templated":true}]}}