{"id":47795,"date":"2024-04-15T20:57:56","date_gmt":"2024-04-15T19:57:56","guid":{"rendered":"https:\/\/www.armeemuseum.ch\/wissensdatenbank\/bilder-von-adolf-pochon\/einleitung\/"},"modified":"2024-04-15T20:58:24","modified_gmt":"2024-04-15T19:58:24","slug":"einleitung","status":"publish","type":"page","link":"https:\/\/armeemuseum.ch\/fr\/wissensdatenbank\/bilder-von-adolf-pochon\/einleitung\/","title":{"rendered":"Einleitung"},"content":{"rendered":"<p>[et_pb_section bb_built=\u00a0\u00bb1&Prime; admin_label=\u00a0\u00bbsection\u00a0\u00bb][et_pb_row admin_label=\u00a0\u00bbrow\u00a0\u00bb][et_pb_column type=\u00a0\u00bb2_3&Prime;][et_pb_text admin_label=\u00a0\u00bbText\u00a0\u00bb background_layout=\u00a0\u00bblight\u00a0\u00bb text_orientation=\u00a0\u00bbleft\u00a0\u00bb use_border_color=\u00a0\u00bboff\u00a0\u00bb border_color=\u00a0\u00bb#ffffff\u00a0\u00bb border_style=\u00a0\u00bbsolid\u00a0\u00bb]<\/p>\n<h2><strong>Milit\u00e4rhistorische Uniformenbilder von Adolf Pochon<\/strong><\/h2>\n<h4>Einleitung<\/h4>\n<p>[\/et_pb_text][\/et_pb_column][et_pb_column type=\u00a0\u00bb1_3&Prime;][et_pb_image admin_label=\u00a0\u00bbBild\u00a0\u00bb src=\u00a0\u00bbhttps:\/\/armeemuseum.ch\/wp-content\/uploads\/2020\/06\/Logo-VSAM-komprimiert-1.jpg\u00a0\u00bb show_in_lightbox=\u00a0\u00bboff\u00a0\u00bb url_new_window=\u00a0\u00bboff\u00a0\u00bb use_overlay=\u00a0\u00bboff\u00a0\u00bb animation=\u00a0\u00bbleft\u00a0\u00bb sticky=\u00a0\u00bboff\u00a0\u00bb align=\u00a0\u00bbleft\u00a0\u00bb force_fullwidth=\u00a0\u00bboff\u00a0\u00bb always_center_on_mobile=\u00a0\u00bbon\u00a0\u00bb use_border_color=\u00a0\u00bboff\u00a0\u00bb border_color=\u00a0\u00bb#ffffff\u00a0\u00bb border_style=\u00a0\u00bbsolid\u00a0\u00bb \/][\/et_pb_column][\/et_pb_row][et_pb_row admin_label=\u00a0\u00bbZeile\u00a0\u00bb][et_pb_column type=\u00a0\u00bb4_4&Prime;][et_pb_text admin_label=\u00a0\u00bbText\u00a0\u00bb background_layout=\u00a0\u00bblight\u00a0\u00bb text_orientation=\u00a0\u00bbleft\u00a0\u00bb use_border_color=\u00a0\u00bboff\u00a0\u00bb border_color=\u00a0\u00bb#ffffff\u00a0\u00bb border_style=\u00a0\u00bbsolid\u00a0\u00bb]<\/p>\n<p>Der VSAM ver\u00f6ffentlicht hier rund 1500 milit\u00e4rhistorische Uniformenbilder von Adolf Pochon.<\/p>\n<p>Die Weiterverwendung dieser Bilder ist erlaubt unter der Quellenabgabe: Verein Schweizer Armeemuseum, armeemuseum.ch.<\/p>\n<p>Interessenten k\u00f6nnen wir von einzelnen Bildern unter Angabe des Verwendungszwecks hochaufl\u00f6sende Datein abgeben.<\/p>\n<p>[\/et_pb_text][\/et_pb_column][\/et_pb_row][\/et_pb_section]<\/p>\n","protected":false},"excerpt":{"rendered":"<p>Milit\u00e4rhistorische Uniformenbilder von Adolf Pochon Einleitung Der VSAM ver\u00f6ffentlicht hier rund 1500 milit\u00e4rhistorische Uniformenbilder von Adolf Pochon. Die Weiterverwendung dieser Bilder ist erlaubt unter der Quellenabgabe: Verein Schweizer Armeemuseum, armeemuseum.ch. Interessenten k\u00f6nnen wir von einzelnen Bildern unter Angabe des Verwendungszwecks hochaufl\u00f6sende Datein abgeben.<\/p>\n","protected":false},"author":2,"featured_media":0,"parent":47793,"menu_order":0,"comment_status":"closed","ping_status":"closed","template":"","meta":{"_et_pb_use_builder":"on","_et_pb_old_content":"","_et_gb_content_width":"","footnotes":""},"class_list":["post-47795","page","type-page","status-publish","hentry"],"_links":{"self":[{"href":"https:\/\/armeemuseum.ch\/fr\/wp-json\/wp\/v2\/pages\/47795","targetHints":{"allow":["GET"]}}],"collection":[{"href":"https:\/\/armeemuseum.ch\/fr\/wp-json\/wp\/v2\/pages"}],"about":[{"href":"https:\/\/armeemuseum.ch\/fr\/wp-json\/wp\/v2\/types\/page"}],"author":[{"embeddable":true,"href":"https:\/\/armeemuseum.ch\/fr\/wp-json\/wp\/v2\/users\/2"}],"replies":[{"embeddable":true,"href":"https:\/\/armeemuseum.ch\/fr\/wp-json\/wp\/v2\/comments?post=47795"}],"version-history":[{"count":3,"href":"https:\/\/armeemuseum.ch\/fr\/wp-json\/wp\/v2\/pages\/47795\/revisions"}],"predecessor-version":[{"id":47798,"href":"https:\/\/armeemuseum.ch\/fr\/wp-json\/wp\/v2\/pages\/47795\/revisions\/47798"}],"up":[{"embeddable":true,"href":"https:\/\/armeemuseum.ch\/fr\/wp-json\/wp\/v2\/pages\/47793"}],"wp:attachment":[{"href":"https:\/\/armeemuseum.ch\/fr\/wp-json\/wp\/v2\/media?parent=47795"}],"curies":[{"name":"wp","href":"https:\/\/api.w.org\/{rel}","templated":true}]}}