{"id":47789,"date":"2024-04-15T20:47:25","date_gmt":"2024-04-15T19:47:25","guid":{"rendered":"https:\/\/www.armeemuseum.ch\/adolf-pochon\/"},"modified":"2024-04-15T20:57:28","modified_gmt":"2024-04-15T19:57:28","slug":"adolf-pochon","status":"publish","type":"page","link":"https:\/\/armeemuseum.ch\/fr\/wissensdatenbank\/bilder-von-adolf-pochon\/adolf-pochon\/","title":{"rendered":"Adolf Pochon"},"content":{"rendered":"<p>[et_pb_section bb_built=\u00a0\u00bb1&Prime; admin_label=\u00a0\u00bbsection\u00a0\u00bb][et_pb_row admin_label=\u00a0\u00bbrow\u00a0\u00bb][et_pb_column type=\u00a0\u00bb2_3&Prime;][et_pb_text admin_label=\u00a0\u00bbText\u00a0\u00bb background_layout=\u00a0\u00bblight\u00a0\u00bb text_orientation=\u00a0\u00bbleft\u00a0\u00bb use_border_color=\u00a0\u00bboff\u00a0\u00bb border_color=\u00a0\u00bb#ffffff\u00a0\u00bb border_style=\u00a0\u00bbsolid\u00a0\u00bb]<\/p>\n<h2><strong>Der\u00a0 Sammler und Maler Adolf Pochon<\/strong><\/h2>\n<p>[\/et_pb_text][\/et_pb_column][et_pb_column type=\u00a0\u00bb1_3&Prime;][et_pb_image admin_label=\u00a0\u00bbBild\u00a0\u00bb src=\u00a0\u00bbhttps:\/\/armeemuseum.ch\/wp-content\/uploads\/2019\/04\/Logo-VSAM-komprimiert-2.jpg\u00a0\u00bb show_in_lightbox=\u00a0\u00bboff\u00a0\u00bb url_new_window=\u00a0\u00bboff\u00a0\u00bb use_overlay=\u00a0\u00bboff\u00a0\u00bb animation=\u00a0\u00bbleft\u00a0\u00bb sticky=\u00a0\u00bboff\u00a0\u00bb align=\u00a0\u00bbleft\u00a0\u00bb force_fullwidth=\u00a0\u00bboff\u00a0\u00bb always_center_on_mobile=\u00a0\u00bbon\u00a0\u00bb use_border_color=\u00a0\u00bboff\u00a0\u00bb border_color=\u00a0\u00bb#ffffff\u00a0\u00bb border_style=\u00a0\u00bbsolid\u00a0\u00bb \/][\/et_pb_column][\/et_pb_row][et_pb_row admin_label=\u00a0\u00bbZeile\u00a0\u00bb][et_pb_column type=\u00a0\u00bb4_4&Prime;][et_pb_text admin_label=\u00a0\u00bbText\u00a0\u00bb background_layout=\u00a0\u00bblight\u00a0\u00bb text_orientation=\u00a0\u00bbleft\u00a0\u00bb use_border_color=\u00a0\u00bboff\u00a0\u00bb border_color=\u00a0\u00bb#ffffff\u00a0\u00bb border_style=\u00a0\u00bbsolid\u00a0\u00bb]<\/p>\n<p>Adolf Pochon (1869\u20131931) war Goldschmied, Kopist und Sammler von grafischen Darstellungen schweizerischer Milit\u00e4runiformen und Mitarbeiter des Historisch-Biographischen Lexikons der Schweiz (HBLS). Er war auch Mitglied der \u00ab\u00a0Schweizerischen Gesellschaft f\u00fcr eine historische Sammlung aus der Zeit des Weltkrieges\u00a0\u00bb, der ersten Vorg\u00e4ngerorganisation des Vereins Schweizer Armeemuseum VSAM, und von deren Gr\u00fcndung im Oktober 1923 bis zu seinem Tod 1931 in deren Vorstand t\u00e4tig.<\/p>\n<p>Er war aber nicht nur ein eifriger Sammler und Kenner von Milit\u00e4rbildern und Schriften, sondern auch akribisch exakter Zeichner und Maler, der besonders die Uniformen der Schweizer-Regimenter in fremden Diensten erforscht hat. Seine einmalige Sammlung umfasst \u00fcber 2000 Aquarelle, die er zum Teil selber nach zeitgen\u00f6ssischen Vorlagen kopiert hat, vor allem die Uniformen und Fahnen der Schweizer in franz\u00f6sischen, sardischen, neapolitanischen, holl\u00e4ndischen, \u00f6sterreichischen, preussischen, englischen und spanischen Diensten, sowie der Papstgarde. Aber auch die kantonalen Milizen und die Schweizerische Armee waren Gegenstand seiner Sammelleidenschaft.<\/p>\n<p>Ein Teil seiner Bilder und seines umfangreichen Wissens ist in das Werk \u00abSchweizer Milit\u00e4r vom Jahr 1700 bis auf die Neuzeit\u00bb eingeflossen, welches er zusammen mit dem Historiker und Adjunkt des Staatsarchivars in Bern, Alfred Zesiger (1882\u20131929), 1906 herausgegeben hat. Nach dem Tod von Adolf Pochon kam die einzigartige Sammlung in die Schweizerische Nationalbibliothek.<\/p>\n<p>Es ist das grosse Verdienst von Andreas Laubacher, dass der Verein Schweizer Armeemuseum die Digitalisierung von ungef\u00e4hr 1500 seiner Aquarelle in Auftrag geben konnte. C\u00e9dric Gschwind hat diese einmalige Zusammenstellung in eine strukturierte Form gebracht, die nun Interessierten zur Verf\u00fcgung steht.<\/p>\n<p>[\/et_pb_text][et_pb_image admin_label=\u00a0\u00bbBild\u00a0\u00bb src=\u00a0\u00bbhttps:\/\/armeemuseum.ch\/wp-content\/uploads\/2020\/06\/Titelbild.png\u00a0\u00bb show_in_lightbox=\u00a0\u00bboff\u00a0\u00bb url_new_window=\u00a0\u00bboff\u00a0\u00bb use_overlay=\u00a0\u00bboff\u00a0\u00bb animation=\u00a0\u00bbleft\u00a0\u00bb sticky=\u00a0\u00bboff\u00a0\u00bb align=\u00a0\u00bbleft\u00a0\u00bb force_fullwidth=\u00a0\u00bboff\u00a0\u00bb always_center_on_mobile=\u00a0\u00bbon\u00a0\u00bb use_border_color=\u00a0\u00bboff\u00a0\u00bb border_color=\u00a0\u00bb#ffffff\u00a0\u00bb border_style=\u00a0\u00bbsolid\u00a0\u00bb \/][\/et_pb_column][\/et_pb_row][\/et_pb_section]<\/p>\n","protected":false},"excerpt":{"rendered":"<p>Der\u00a0 Sammler und Maler Adolf Pochon Adolf Pochon (1869\u20131931) war Goldschmied, Kopist und Sammler von grafischen Darstellungen schweizerischer Milit\u00e4runiformen und Mitarbeiter des Historisch-Biographischen Lexikons der Schweiz (HBLS). Er war auch Mitglied der \u00ab\u00a0Schweizerischen Gesellschaft f\u00fcr eine historische Sammlung aus der Zeit des Weltkrieges\u00a0\u00bb, der ersten Vorg\u00e4ngerorganisation des Vereins Schweizer Armeemuseum VSAM, und von deren Gr\u00fcndung [&hellip;]<\/p>\n","protected":false},"author":2,"featured_media":0,"parent":47793,"menu_order":0,"comment_status":"closed","ping_status":"closed","template":"","meta":{"_et_pb_use_builder":"on","_et_pb_old_content":"","_et_gb_content_width":"","footnotes":""},"class_list":["post-47789","page","type-page","status-publish","hentry"],"_links":{"self":[{"href":"https:\/\/armeemuseum.ch\/fr\/wp-json\/wp\/v2\/pages\/47789","targetHints":{"allow":["GET"]}}],"collection":[{"href":"https:\/\/armeemuseum.ch\/fr\/wp-json\/wp\/v2\/pages"}],"about":[{"href":"https:\/\/armeemuseum.ch\/fr\/wp-json\/wp\/v2\/types\/page"}],"author":[{"embeddable":true,"href":"https:\/\/armeemuseum.ch\/fr\/wp-json\/wp\/v2\/users\/2"}],"replies":[{"embeddable":true,"href":"https:\/\/armeemuseum.ch\/fr\/wp-json\/wp\/v2\/comments?post=47789"}],"version-history":[{"count":1,"href":"https:\/\/armeemuseum.ch\/fr\/wp-json\/wp\/v2\/pages\/47789\/revisions"}],"predecessor-version":[{"id":47790,"href":"https:\/\/armeemuseum.ch\/fr\/wp-json\/wp\/v2\/pages\/47789\/revisions\/47790"}],"up":[{"embeddable":true,"href":"https:\/\/armeemuseum.ch\/fr\/wp-json\/wp\/v2\/pages\/47793"}],"wp:attachment":[{"href":"https:\/\/armeemuseum.ch\/fr\/wp-json\/wp\/v2\/media?parent=47789"}],"curies":[{"name":"wp","href":"https:\/\/api.w.org\/{rel}","templated":true}]}}