{"id":47787,"date":"2024-04-15T20:46:58","date_gmt":"2024-04-15T19:46:58","guid":{"rendered":"https:\/\/www.armeemuseum.ch\/wissensdatenbank\/berner-stadtwache-bis-1798\/"},"modified":"2024-04-15T20:46:58","modified_gmt":"2024-04-15T19:46:58","slug":"berner-stadtwache-bis-1798","status":"publish","type":"page","link":"https:\/\/armeemuseum.ch\/fr\/wissensdatenbank\/berner-stadtwache-bis-1798\/","title":{"rendered":"Berner Stadtwache bis 1798"},"content":{"rendered":"<p>[et_pb_section bb_built=\u00a0\u00bb1&Prime; admin_label=\u00a0\u00bbsection\u00a0\u00bb][et_pb_row admin_label=\u00a0\u00bbrow\u00a0\u00bb][et_pb_column type=\u00a0\u00bb2_3&Prime;][et_pb_text admin_label=\u00a0\u00bbText\u00a0\u00bb background_layout=\u00a0\u00bblight\u00a0\u00bb text_orientation=\u00a0\u00bbleft\u00a0\u00bb use_border_color=\u00a0\u00bboff\u00a0\u00bb border_color=\u00a0\u00bb#ffffff\u00a0\u00bb border_style=\u00a0\u00bbsolid\u00a0\u00bb]<\/p>\n<h2><span style=\"font-family: arial, helvetica, sans-serif;\"><strong>Die Berner Stadtwache bis 1798<\/strong><\/span><\/h2>\n<p>&nbsp;<\/p>\n<p>[\/et_pb_text][\/et_pb_column][et_pb_column type=\u00a0\u00bb1_3&Prime;][et_pb_image admin_label=\u00a0\u00bbBild\u00a0\u00bb src=\u00a0\u00bbhttps:\/\/armeemuseum.ch\/wp-content\/uploads\/2020\/06\/Logo-VSAM-komprimiert-5.jpg\u00a0\u00bb show_in_lightbox=\u00a0\u00bboff\u00a0\u00bb url_new_window=\u00a0\u00bboff\u00a0\u00bb use_overlay=\u00a0\u00bboff\u00a0\u00bb animation=\u00a0\u00bbleft\u00a0\u00bb sticky=\u00a0\u00bboff\u00a0\u00bb align=\u00a0\u00bbleft\u00a0\u00bb force_fullwidth=\u00a0\u00bboff\u00a0\u00bb always_center_on_mobile=\u00a0\u00bbon\u00a0\u00bb use_border_color=\u00a0\u00bboff\u00a0\u00bb border_color=\u00a0\u00bb#ffffff\u00a0\u00bb border_style=\u00a0\u00bbsolid\u00a0\u00bb \/][\/et_pb_column][\/et_pb_row][et_pb_row admin_label=\u00a0\u00bbZeile\u00a0\u00bb][et_pb_column type=\u00a0\u00bb4_4&Prime;][et_pb_text admin_label=\u00a0\u00bbText\u00a0\u00bb background_layout=\u00a0\u00bblight\u00a0\u00bb text_orientation=\u00a0\u00bbleft\u00a0\u00bb use_border_color=\u00a0\u00bboff\u00a0\u00bb border_color=\u00a0\u00bb#ffffff\u00a0\u00bb border_style=\u00a0\u00bbsolid\u00a0\u00bb]<\/p>\n<p><span dir=\"ltr\">Die Anf\u00e4nge der Uniformierung im 18. Jahrhunderts waren nur selten Gegenstand von <\/span><span dir=\"ltr\">Publikationen in der Schweiz, um einiges besser sieht es dann im 19. Jahrhundert aus, wo <\/span><span dir=\"ltr\">wesentlich mehr schriftliche Quellen <\/span><span dir=\"ltr\">und Realst\u00fccke <\/span><span dir=\"ltr\">vorliegen. Das weitgehende Fehlen <\/span><span dir=\"ltr\">originaler Uniformen schr\u00e4nkt f\u00fcr diesen Zeitraum die zur Forschung vorhandenen Q<\/span><span dir=\"ltr\">uellen <\/span><span dir=\"ltr\">auf zeitgen\u00f6ssische Bilder und archivalische Unterlagen ein. Den Umgang mit den drei <\/span><span dir=\"ltr\">Quellengruppen, Realien, Bilder und Schriftlichkeit, versuchte <strong>J\u00fcrg A. Meier<\/strong> mit seiner <\/span><span dir=\"ltr\">Arbeit \u00fcber die Uniformierung, Ausr\u00fcstung und Bewaffnung der Berner Stadtwac<\/span><span dir=\"ltr\">he bis 1798 <\/span><span dir=\"ltr\">exemplarisch aufzuzeigen. Dank seinen Kenntnissen der im Berner Staatsarchiv vorhandenen <\/span><span dir=\"ltr\">schriftlichen Quellen liess sich das bisher unbekannte zeitgen\u00f6ssische Bildmaterial <\/span><span dir=\"ltr\">bestimmen sowie dessen Aussagekraft bewerten, auch die im Schrifttum un<\/span><span dir=\"ltr\">d auf den Bildern <\/span><span dir=\"ltr\">festgestellten Realien (Waffen und Ausr\u00fcstungsteile) konnte er beibringen, identifizieren <\/span><span dir=\"ltr\">sowie zeitlich einordnen. Diese <\/span><span dir=\"ltr\">neuen Erkenntnisse <\/span><span dir=\"ltr\">hat <\/span><span dir=\"ltr\">der Autor <\/span><span dir=\"ltr\">2015 in einer reich <\/span><span dir=\"ltr\">illustrierte<\/span><span dir=\"ltr\">n<\/span><span dir=\"ltr\">Sondernummer des \u201eTanzb\u00f6deler<\/span><span dir=\"ltr\">s<\/span><span dir=\"ltr\">\u201c der interessiert<\/span><span dir=\"ltr\">en Leserschaft zug\u00e4nglich <\/span><span dir=\"ltr\">gemacht und vermittelte zugleich einen Einblick in die Geschichte der Berner Miliz<\/span><span dir=\"ltr\">&#8211;<\/span><span dir=\"ltr\">Infanterie <\/span><span dir=\"ltr\">und deren Handfeuerwaffen im 18. Jahrhundert. <\/span><strong><span dir=\"ltr\">Die ausf\u00fchrlich recherchierte und gut <\/span><span dir=\"ltr\">illustrierte Geschichte der Berner Stadtwache bis zu<\/span><\/strong><span dir=\"ltr\"><strong>deren Aufl\u00f6sung 1798<\/strong> m\u00f6chten wir hier <\/span><span dir=\"ltr\">einer breiteren Leserschaft zug\u00e4nglich machen und sind sicher, dass die Geschichte dieser <\/span><span dir=\"ltr\">kleinen Truppe, die <\/span><span dir=\"ltr\">de facto<\/span><span dir=\"ltr\">den Polizeidienst im ausgehenden 18. Jahrhundert in der Stadt <\/span><span dir=\"ltr\">Bern versah, auch die Leser der Wis<\/span><span dir=\"ltr\">sensdatenbank interessieren wird.<\/span><\/p>\n<p style=\"text-align: right;\"><strong>J\u00fcrg Burlet<\/strong><\/p>\n<p><a href=\"https:\/\/armeemuseum.ch\/wp-content\/uploads\/2021\/04\/Stadtwache-Bern-Version-neu-Wissensdatenbank-komprimiert.pdf\" target=\"_blank\" rel=\"noopener\">Stadtwache Bern Version neu Wissensdatenbank-komprimiert<\/a><\/p>\n<p>[\/et_pb_text][\/et_pb_column][\/et_pb_row][\/et_pb_section]<\/p>\n","protected":false},"excerpt":{"rendered":"<p>Die Berner Stadtwache bis 1798 &nbsp; Die Anf\u00e4nge der Uniformierung im 18. Jahrhunderts waren nur selten Gegenstand von Publikationen in der Schweiz, um einiges besser sieht es dann im 19. Jahrhundert aus, wo wesentlich mehr schriftliche Quellen und Realst\u00fccke vorliegen. Das weitgehende Fehlen originaler Uniformen schr\u00e4nkt f\u00fcr diesen Zeitraum die zur Forschung vorhandenen Quellen auf [&hellip;]<\/p>\n","protected":false},"author":2,"featured_media":0,"parent":34462,"menu_order":0,"comment_status":"closed","ping_status":"closed","template":"","meta":{"_et_pb_use_builder":"on","_et_pb_old_content":"","_et_gb_content_width":"","footnotes":""},"class_list":["post-47787","page","type-page","status-publish","hentry"],"_links":{"self":[{"href":"https:\/\/armeemuseum.ch\/fr\/wp-json\/wp\/v2\/pages\/47787","targetHints":{"allow":["GET"]}}],"collection":[{"href":"https:\/\/armeemuseum.ch\/fr\/wp-json\/wp\/v2\/pages"}],"about":[{"href":"https:\/\/armeemuseum.ch\/fr\/wp-json\/wp\/v2\/types\/page"}],"author":[{"embeddable":true,"href":"https:\/\/armeemuseum.ch\/fr\/wp-json\/wp\/v2\/users\/2"}],"replies":[{"embeddable":true,"href":"https:\/\/armeemuseum.ch\/fr\/wp-json\/wp\/v2\/comments?post=47787"}],"version-history":[{"count":1,"href":"https:\/\/armeemuseum.ch\/fr\/wp-json\/wp\/v2\/pages\/47787\/revisions"}],"predecessor-version":[{"id":47788,"href":"https:\/\/armeemuseum.ch\/fr\/wp-json\/wp\/v2\/pages\/47787\/revisions\/47788"}],"up":[{"embeddable":true,"href":"https:\/\/armeemuseum.ch\/fr\/wp-json\/wp\/v2\/pages\/34462"}],"wp:attachment":[{"href":"https:\/\/armeemuseum.ch\/fr\/wp-json\/wp\/v2\/media?parent=47787"}],"curies":[{"name":"wp","href":"https:\/\/api.w.org\/{rel}","templated":true}]}}