{"id":47768,"date":"2024-04-15T20:08:26","date_gmt":"2024-04-15T19:08:26","guid":{"rendered":"https:\/\/www.armeemuseum.ch\/soldatenmarkenkatalog-vsam\/"},"modified":"2024-04-15T20:08:27","modified_gmt":"2024-04-15T19:08:27","slug":"soldatenmarkenkatalog-vsam","status":"publish","type":"page","link":"https:\/\/armeemuseum.ch\/fr\/soldatenmarkenkatalog-vsam\/","title":{"rendered":"Soldatenmarkenkatalog VSAM"},"content":{"rendered":"<p>[et_pb_section fb_built=\u00a0\u00bb1&Prime; _builder_version=\u00a0\u00bb4.19.4&Prime; _module_preset=\u00a0\u00bbdefault\u00a0\u00bb global_colors_info=\u00a0\u00bb{}\u00a0\u00bb][et_pb_row column_structure=\u00a0\u00bb3_5,2_5&Prime; _builder_version=\u00a0\u00bb4.19.4&Prime; _module_preset=\u00a0\u00bbdefault\u00a0\u00bb global_colors_info=\u00a0\u00bb{}\u00a0\u00bb][et_pb_column type=\u00a0\u00bb3_5&Prime; _builder_version=\u00a0\u00bb4.19.4&Prime; _module_preset=\u00a0\u00bbdefault\u00a0\u00bb global_colors_info=\u00a0\u00bb{}\u00a0\u00bb][et_pb_text _builder_version=\u00a0\u00bb4.19.4&Prime; _module_preset=\u00a0\u00bbdefault\u00a0\u00bb global_colors_info=\u00a0\u00bb{}\u00a0\u00bb]<\/p>\n<h2><strong>Soldatenmarkenkatalog VSAM<\/strong><\/h2>\n<p>[\/et_pb_text][\/et_pb_column][et_pb_column type=\u00a0\u00bb2_5&Prime; _builder_version=\u00a0\u00bb4.19.4&Prime; _module_preset=\u00a0\u00bbdefault\u00a0\u00bb global_colors_info=\u00a0\u00bb{}\u00a0\u00bb][et_pb_image src=\u00a0\u00bbhttps:\/\/armeemuseum.ch\/wp-content\/uploads\/2020\/06\/Logo-VSAM-komprimiert-5.jpg\u00a0\u00bb title_text=\u00a0\u00bbEinfaches CMYK\u00a0\u00bb _builder_version=\u00a0\u00bb4.19.4&Prime; _module_preset=\u00a0\u00bbdefault\u00a0\u00bb global_colors_info=\u00a0\u00bb{}\u00a0\u00bb][\/et_pb_image][\/et_pb_column][\/et_pb_row][et_pb_row _builder_version=\u00a0\u00bb4.19.4&Prime; _module_preset=\u00a0\u00bbdefault\u00a0\u00bb global_colors_info=\u00a0\u00bb{}\u00a0\u00bb][et_pb_column type=\u00a0\u00bb4_4&Prime; _builder_version=\u00a0\u00bb4.19.4&Prime; _module_preset=\u00a0\u00bbdefault\u00a0\u00bb global_colors_info=\u00a0\u00bb{}\u00a0\u00bb][et_pb_text _builder_version=\u00a0\u00bb4.19.4&Prime; _module_preset=\u00a0\u00bbdefault\u00a0\u00bb global_colors_info=\u00a0\u00bb{}\u00a0\u00bb]<\/p>\n<h2>Der Schweizer Soldatenmarkenkatalog VSAM<\/h2>\n<p>(Ausf\u00fchrlichere Informationen sind in den Info-Bulletins VSAM zu finden)<\/p>\n<p><strong>Der neue Katalog Schweizer Soldatenmarken des Vereins Schweizer Armeemuseum wird seit Anfang 2023 schrittweise online publiziert. Er ersetzt die die \u00e4lteren Kataloge und ist wesentlich umfassender als diese. In vollem Umfang zug\u00e4nglich ist dieser Katalog f\u00fcr Personen, die beim VSAM ihren Interessen entsprechende Lizenzen erworben haben. Wer nur etwas schnuppern will, kann frei einen auf drei Marken begrenzten Blick in den Katalog werfen. <\/strong><\/p>\n<p><strong>\u00a0<\/strong><strong>Link zum Soldatenmarkenkatalog Schweizer Soldatenmarken VSAM: <\/strong><a href=\"https:\/\/schweizersoldatenmarken.ch\" target=\"_blank\" rel=\"noopener\">https:\/\/schweizersoldatenmarken.ch<\/a><\/p>\n<p><strong>Der Weg zum neuen Katalog<\/strong><\/p>\n<p>F\u00fcr Sammler erschienen schon fr\u00fcher verschiedene Alben mit vorgefertigten, beschrifteten Seiten, in die Soldatenmarken werden konnten.<\/p>\n<p>1990 publizierte Heinrich Sulser erstmals einen Katalog mit Bildern, was das Sammeln einfacher machte. 2004 brachte Markus Wittwer einen neuen Katalog \u00fcber die schweizerischen Soldatenmarken auf den Markt, bestehend aus je einem Band f\u00fcr den Ersten und f\u00fcr den Zweiten Weltkrieg. Dieser Katalog war sehr gut gegliedert und verst\u00e4ndlich ausgef\u00fchrt, handlich und \u00fcberall sofort griffbereit.<\/p>\n<p>Die intensiven Sammlert\u00e4tigkeiten des VSAM f\u00fchrten zur Erkenntnis, dass der Wittwer-Katalog erneuert und erweitert werden muss. Es zeigte sich, dass in verschiedenen \u00f6ffentlichen Sammlungen Soldatenmarken vorhanden waren, jedoch wegen fehlender aktiver Betreuung niemand genau wusste, was er in seinem Bestand hatte. In der Folge wurde zwischen dem Museum f\u00fcr Kommunikation, der Bibliothek am Guisanplatz und dem Verein Schweizer Armeemuseum unter Einbezug der Zentralstelle Historisches Armeematerial des VBS 2011 eine Vereinbarung getroffen, welche die Erfassung der bei allen Partnern vorhandenen Soldatenmarken regelte.<\/p>\n<p>2011 bot sich dem VSAM die Gelegenheit, die wohl gr\u00f6sste private Sammlung Soldatenmarken des Zweiten Weltkrieges zu kaufen. Mit Vertrag vom 14. Juli 2011 konnte der VSAM die Sammlung Willy Graber erwerben. Die erforderlichen Mittel im Umfang von Fr. 300\u00a0000.\u2013 konnten in der Folge mit einer erfolgreichen Sponsoringaktion bereitgestellt werden, wobei der Kauf der ebenfalls enthaltenen Sammlung Erster Weltkrieg und der Doubletten aus Mitteln des VSAM finanziert wurde. Damit verbunden war die Schaffung einer Soldatenmarkensammlung des Bundes, betreut durch den VSAM. Sie umfasst nebst dem Bestand des VSAM die erworbene Sammlung Willy Graber und ist nun die gr\u00f6sste Sammlung Soldatenmarken im \u00f6ffentlichen Besitz. In den letzten Jahren konnte die Sammlung durch Schenkungen und Zuk\u00e4ufe erweitert und durch seltene und wertvolle Exemplare erg\u00e4nzt werden. 2022 konnte aus dem Nachlass des verstorbenen Dr. Max Frenkel dank eines Sponsors \u00e4usserst wertvolle Sammlung erworben werden, die auch zahlreiche Originalzeichnungen enth\u00e4lt.<\/p>\n<p>Der VSAM erwarb die Urheberrechte am Katalog Wittwer, was ihm die Herausgabe eines <em>Neuen Kataloges Soldatenmarken<\/em> erm\u00f6glichte.<\/p>\n<p>Seit 2018 f\u00fchrte der VSAM j\u00e4hrlich eine B\u00f6rse f\u00fcr Sammler von Soldatenmarken in Thun durch, um damit dem Sammlungsgebiet und den Arbeiten f\u00fcr die Erfassung und Dokumentation aller Soldatenmarken eine breitere Basis zu geben. Die B\u00f6rse fand schnell Anklang bei vielen Soldatenmarkensammlern.<\/p>\n<p>An der B\u00f6rse 2020 konnte der VSAM eine erste Version des neuen elektronischen Kataloges vorstellen. Seither wurde intensiv daran gearbeitet, eine m\u00f6glichst benutzerfreundliche Anwendungsform zu erreichen.<\/p>\n<p>In den letzten Jahren wurde der Nachlass des wohl gr\u00f6ssten Soldatenmarkenh\u00e4ndlers in der Schweiz durch die Firma Corinphila Auktion AG versteigert, was uns mit den damit verf\u00fcgbar werdenden umfangreichen Informationen noch einmal zu Anpassungen in unserem Programm veranlasste.<\/p>\n<p>Nach acht Jahren des intensiven Arbeitens war Ende 2022 ein Stand erreicht, der es erlaubte, schrittweise den neuen Katalog zu publizieren. Es wurden alle eingebrachten Bed\u00fcrfnisse der verschiedenen Anwender im elektronischen Katalog verpackt, fast alle W\u00fcnsche konnten realisiert werden. Im nun vorliegenden Katalog sind alle uns zurzeit bekannten und vorgelegenen Marken erfasst. Der Katalog erlaubt es dem Sammler, seine eigene Sammlung digital zu erfassen, eigene Zusatzinformationen einzutragen, seinen eigenen Sammlungs-Katalogwert zu bestimmen etc.<\/p>\n<p>F\u00fcr die Weiterentwicklung des Kataloges im Hinblick auf Vollst\u00e4ndigkeit ist es nat\u00fcrlich notwendig, dass Informationen \u00fcber Neuentdeckungen oder noch nicht erfasste Marken an das Katalogteam weitergeleitet werden. Dies erfolgt \u00fcber eine eigens daf\u00fcr eingerichtete Funktion im Katalog.<\/p>\n<p><strong>\u00dcbersicht \u00fcber den Katalog Schweizer Soldatenmarken VSAM<\/strong><\/p>\n<p>Gem\u00e4ss dem Wittwer-Katalog wurde die nachfolgende (meist alphabetische) Struktur f\u00fcr die Bl\u00f6cke der Truppengattungen und Dienstzweige \u00fcbernommen (die farblich markierten sind bereits vorhanden):<\/p>\n<table width=\"443\">\n<tbody>\n<tr>\n<td width=\"220\">1\u00a0 Kommandost\u00e4be<\/td>\n<td width=\"223\"><span style=\"color: #8300e9;\">21 Mineure<\/span><\/td>\n<\/tr>\n<tr>\n<td width=\"220\">2 Artillerie<\/td>\n<td width=\"223\"><span style=\"color: #8300e9;\">22 Motorisierte Truppen<\/span><\/td>\n<\/tr>\n<tr>\n<td width=\"220\">3\u00a0 Artillerie-Beobachter<\/td>\n<td width=\"223\"><span style=\"color: #8300e9;\">23 Panzer<\/span><\/td>\n<\/tr>\n<tr>\n<td width=\"220\"><span style=\"color: #8300e9;\">4\u00a0 B\u00e4cker<\/span><\/td>\n<td width=\"223\">24 Parkdienst<\/td>\n<\/tr>\n<tr>\n<td width=\"220\">5\u00a0 Brieftaubendienst<\/td>\n<td width=\"223\">25 Pferdesammelstelle<\/td>\n<\/tr>\n<tr>\n<td width=\"220\"><span style=\"color: #000000;\">6\u00a0 Feldpost<\/span><\/td>\n<td width=\"223\">26 Pontoniere<\/td>\n<\/tr>\n<tr>\n<td width=\"220\">7\u00a0 Flieger<\/td>\n<td width=\"223\">27 Radfahrer<\/td>\n<\/tr>\n<tr>\n<td width=\"220\">8\u00a0 Fliegerabwehr<\/td>\n<td width=\"223\">28 Sanit\u00e4t<\/td>\n<\/tr>\n<tr>\n<td width=\"220\">9\u00a0 Flieger-Beobachter<\/td>\n<td width=\"223\">29 Sappeure<\/td>\n<\/tr>\n<tr>\n<td width=\"220\">10 Freiwillige Grenztruppen<\/td>\n<td width=\"223\">30 Schulen<\/td>\n<\/tr>\n<tr>\n<td width=\"220\">11 Funker<\/td>\n<td width=\"223\">31 Telegraphenpioniere<\/td>\n<\/tr>\n<tr>\n<td width=\"220\">12 Grenztruppen<\/td>\n<td width=\"223\">32 Territorialtruppen<\/td>\n<\/tr>\n<tr>\n<td width=\"220\">13 HD-Arbeitsdienst<\/td>\n<td width=\"223\">33 Transportdienst<\/td>\n<\/tr>\n<tr>\n<td width=\"220\">14 HD-Baudienst<\/td>\n<td width=\"223\">34 Verpflegung<\/td>\n<\/tr>\n<tr>\n<td width=\"220\">15 HD-Bewachung<\/td>\n<td width=\"223\">35 Zerst\u00f6rungstruppen<\/td>\n<\/tr>\n<tr>\n<td width=\"220\"><span style=\"color: #8300e9;\">16 Frauenhilfsdienst<\/span><\/td>\n<td width=\"223\">36 Verschiedenes<\/td>\n<\/tr>\n<tr>\n<td width=\"220\">17 Infanterie<\/td>\n<td width=\"223\">37 Armeemeisterschaften<\/td>\n<\/tr>\n<tr>\n<td width=\"220\">18 Kavallerie<\/td>\n<td width=\"223\">38 UDM (Union des mobilis\u00e9s)<\/td>\n<\/tr>\n<tr>\n<td width=\"220\">19 Leichte Truppen<\/td>\n<td width=\"223\">39 ohne Einheitsangabe<\/td>\n<\/tr>\n<tr>\n<td width=\"220\">20 Luftschutz<\/td>\n<td width=\"223\">40 nicht im 2. WK verausgabt<\/td>\n<\/tr>\n<\/tbody>\n<\/table>\n<p>Die im neuen Katalog zur Verf\u00fcgung stehenden Aufnahmen in einer sehr hochaufl\u00f6senden Qualit\u00e4t setzten eine hohe Rechnerleistung unseres Serveranbieters voraus. Diese Serverleistung muss von uns angemietet werden, um diese dann unseren Nutzern zur Verf\u00fcgung zu stellen. Daraus ergeben sich Kosten, an denen sich der Nutzer mit einer Abonnementsgeb\u00fchr beteiligen muss. Diese Server-Geb\u00fchren betragen j\u00e4hrlich Fr. 60.\u2013 und sind im Voraus zahlbar. (j\u00e4hrlich wiederkehrende Kosten)<\/p>\n<p>Die Aufarbeitung der Truppengattungen gem\u00e4ss der Auflistung des vorhandenen Kataloges nimmt unterschiedlich viel Zeit in Anspruch. Je nach Truppengattung sind dies teilweise mehrere hundert Arbeitsstunden. Deshalb sieht der Anbieter hier eine Staffelung der Tarife vor, die sich zwischen ca. Fr. 5.\u2013 bis ca. Fr. 90.\u2013 pro Truppengattung bewegen (einmaliger Kaufpreis). In diesem Preis sind jeweils auch k\u00fcnftige Nachtr\u00e4ge enthalten. Die Rechnungstellung f\u00fcr Grundgeb\u00fchr der Online-Nutzung (Server-Geb\u00fchr) und die Geb\u00fchr f\u00fcr die gew\u00fcnschten Lizenzbl\u00f6cke erfolgt durch den VSAM. Nach Bezahlung der Rechnung erfolgt die Freischaltung der gel\u00f6sten Lizenzen.<\/p>\n<p>W\u00e4hrend der Zeit zwischen Bezahlung und Freischaltung der Lizenzen werden den Benutzern pro angeforderte Lizenz jeweils 3 Marken derjenigen Einheiten als Musterprogramm zur Verf\u00fcgung stehen, um bereits praktische Erfahrung mit dem elektronischen Soldatenmarkenkatalog Zweiter Weltkrieg zu sammeln.<\/p>\n<p>[\/et_pb_text][\/et_pb_column][\/et_pb_row][\/et_pb_section]<\/p>\n","protected":false},"excerpt":{"rendered":"<p>Soldatenmarkenkatalog VSAMDer Schweizer Soldatenmarkenkatalog VSAM (Ausf\u00fchrlichere Informationen sind in den Info-Bulletins VSAM zu finden) Der neue Katalog Schweizer Soldatenmarken des Vereins Schweizer Armeemuseum wird seit Anfang 2023 schrittweise online publiziert. Er ersetzt die die \u00e4lteren Kataloge und ist wesentlich umfassender als diese. In vollem Umfang zug\u00e4nglich ist dieser Katalog f\u00fcr Personen, die beim VSAM ihren [&hellip;]<\/p>\n","protected":false},"author":2,"featured_media":0,"parent":0,"menu_order":0,"comment_status":"closed","ping_status":"closed","template":"","meta":{"_et_pb_use_builder":"on","_et_pb_old_content":"","_et_gb_content_width":"","footnotes":""},"class_list":["post-47768","page","type-page","status-publish","hentry"],"_links":{"self":[{"href":"https:\/\/armeemuseum.ch\/fr\/wp-json\/wp\/v2\/pages\/47768","targetHints":{"allow":["GET"]}}],"collection":[{"href":"https:\/\/armeemuseum.ch\/fr\/wp-json\/wp\/v2\/pages"}],"about":[{"href":"https:\/\/armeemuseum.ch\/fr\/wp-json\/wp\/v2\/types\/page"}],"author":[{"embeddable":true,"href":"https:\/\/armeemuseum.ch\/fr\/wp-json\/wp\/v2\/users\/2"}],"replies":[{"embeddable":true,"href":"https:\/\/armeemuseum.ch\/fr\/wp-json\/wp\/v2\/comments?post=47768"}],"version-history":[{"count":2,"href":"https:\/\/armeemuseum.ch\/fr\/wp-json\/wp\/v2\/pages\/47768\/revisions"}],"predecessor-version":[{"id":47770,"href":"https:\/\/armeemuseum.ch\/fr\/wp-json\/wp\/v2\/pages\/47768\/revisions\/47770"}],"wp:attachment":[{"href":"https:\/\/armeemuseum.ch\/fr\/wp-json\/wp\/v2\/media?parent=47768"}],"curies":[{"name":"wp","href":"https:\/\/api.w.org\/{rel}","templated":true}]}}