{"id":47744,"date":"2024-04-15T20:00:43","date_gmt":"2024-04-15T19:00:43","guid":{"rendered":"https:\/\/www.armeemuseum.ch\/sammlungsgeschichte\/"},"modified":"2024-04-15T20:00:45","modified_gmt":"2024-04-15T19:00:45","slug":"sammlungsgeschichte","status":"publish","type":"page","link":"https:\/\/armeemuseum.ch\/fr\/sammlungsgeschichte\/","title":{"rendered":"Sammlungsgeschichte"},"content":{"rendered":"<p>[et_pb_section fb_built=\u00a0\u00bb1&Prime; _builder_version=\u00a0\u00bb4.19.4&Prime; _module_preset=\u00a0\u00bbdefault\u00a0\u00bb custom_padding=\u00a0\u00bb||16px|||\u00a0\u00bb global_colors_info=\u00a0\u00bb{}\u00a0\u00bb][et_pb_row column_structure=\u00a0\u00bb3_5,2_5&Prime; _builder_version=\u00a0\u00bb4.19.4&Prime; _module_preset=\u00a0\u00bbdefault\u00a0\u00bb custom_margin=\u00a0\u00bb|auto|-28px|auto||\u00a0\u00bb global_colors_info=\u00a0\u00bb{}\u00a0\u00bb][et_pb_column type=\u00a0\u00bb3_5&Prime; _builder_version=\u00a0\u00bb4.19.4&Prime; _module_preset=\u00a0\u00bbdefault\u00a0\u00bb global_colors_info=\u00a0\u00bb{}\u00a0\u00bb][et_pb_text _builder_version=\u00a0\u00bb4.19.4&Prime; _module_preset=\u00a0\u00bbdefault\u00a0\u00bb global_colors_info=\u00a0\u00bb{}\u00a0\u00bb]<\/p>\n<h2><strong>Geschichte der Sammlung des historischen Armeematerials der Schweiz<\/strong><\/h2>\n<p>[\/et_pb_text][\/et_pb_column][et_pb_column type=\u00a0\u00bb2_5&Prime; _builder_version=\u00a0\u00bb4.19.4&Prime; _module_preset=\u00a0\u00bbdefault\u00a0\u00bb global_colors_info=\u00a0\u00bb{}\u00a0\u00bb][et_pb_image src=\u00a0\u00bbhttps:\/\/armeemuseum.ch\/wp-content\/uploads\/2020\/06\/Logo-VSAM-komprimiert-5.jpg\u00a0\u00bb title_text=\u00a0\u00bbEinfaches CMYK\u00a0\u00bb _builder_version=\u00a0\u00bb4.19.4&Prime; _module_preset=\u00a0\u00bbdefault\u00a0\u00bb global_colors_info=\u00a0\u00bb{}\u00a0\u00bb][\/et_pb_image][\/et_pb_column][\/et_pb_row][\/et_pb_section][et_pb_section fb_built=\u00a0\u00bb1&Prime; _builder_version=\u00a0\u00bb4.19.4&Prime; _module_preset=\u00a0\u00bbdefault\u00a0\u00bb custom_margin=\u00a0\u00bb||-68px|||\u00a0\u00bb global_colors_info=\u00a0\u00bb{}\u00a0\u00bb][et_pb_row _builder_version=\u00a0\u00bb4.19.4&Prime; _module_preset=\u00a0\u00bbdefault\u00a0\u00bb min_height=\u00a0\u00bb166.2px\u00a0\u00bb global_colors_info=\u00a0\u00bb{}\u00a0\u00bb][et_pb_column type=\u00a0\u00bb4_4&Prime; _builder_version=\u00a0\u00bb4.19.4&Prime; _module_preset=\u00a0\u00bbdefault\u00a0\u00bb global_colors_info=\u00a0\u00bb{}\u00a0\u00bb][et_pb_text _builder_version=\u00a0\u00bb4.19.4&Prime; _module_preset=\u00a0\u00bbdefault\u00a0\u00bb global_colors_info=\u00a0\u00bb{}\u00a0\u00bb]<\/p>\n<p>Gest\u00fctzt auf den Bundesvertrag vom 7. August 1815 erliess die Tagsatzung 1817 ein erstes Milit\u00e4rreglement. Seit dieser Zeit entstand im Laufe der Zeit eine umfangreiche Sammlung des eidgen\u00f6ssischen Milit\u00e4rmaterials. Das Sammeln erfolgte oft unsystematisch. Erst mit der Reorganisation von 2008 wurde das Sammeln rechtlich verankert und institutionell abgesichert mit der Schaffung einer Zentralstelle im VBS und mit der Errichtung von Materialkompetenzzentren in Form von Stiftungen. Der VSAM konnte seine Erfahrung und sein Wissen bei dieser Reorganisation einbringen. Er hat in der Folge seine Sammlung in den Besitz des Bundes \u00fcberf\u00fchrt.<\/p>\n<p>[\/et_pb_text][\/et_pb_column][\/et_pb_row][\/et_pb_section][et_pb_section fb_built=\u00a0\u00bb1&Prime; _builder_version=\u00a0\u00bb4.19.4&Prime; _module_preset=\u00a0\u00bbdefault\u00a0\u00bb global_colors_info=\u00a0\u00bb{}\u00a0\u00bb][et_pb_row _builder_version=\u00a0\u00bb4.19.4&Prime; _module_preset=\u00a0\u00bbdefault\u00a0\u00bb custom_margin=\u00a0\u00bb-72px|auto||auto||\u00a0\u00bb custom_padding=\u00a0\u00bb||13px|||\u00a0\u00bb global_colors_info=\u00a0\u00bb{}\u00a0\u00bb][et_pb_column type=\u00a0\u00bb4_4&Prime; _builder_version=\u00a0\u00bb4.19.4&Prime; _module_preset=\u00a0\u00bbdefault\u00a0\u00bb global_colors_info=\u00a0\u00bb{}\u00a0\u00bb][et_pb_text _builder_version=\u00a0\u00bb4.19.4&Prime; _module_preset=\u00a0\u00bbdefault\u00a0\u00bb global_colors_info=\u00a0\u00bb{}\u00a0\u00bb custom_padding=\u00a0\u00bb||31px|||\u00a0\u00bb]<\/p>\n<p>Einen kurzen Abriss der Sammlungsgeschichte finden Sie hier:<\/p>\n<p><a href=\"https:\/\/armeemuseum.ch\/wp-content\/uploads\/2023\/04\/Geschichte-der-Sammlungen-des-Historischen-Materials-Referat-7.11.2019-Stand-1.11.2019.pdf\" rel=\"attachment noopener wp-att-45125\" target=\"_blank\">Geschichte der Sammlungen des Historischen Materials<\/a><\/p>\n<p>[\/et_pb_text][\/et_pb_column][\/et_pb_row][\/et_pb_section][et_pb_section fb_built=\u00a0\u00bb1&Prime; _builder_version=\u00a0\u00bb4.19.4&Prime; _module_preset=\u00a0\u00bbdefault\u00a0\u00bb custom_padding=\u00a0\u00bb34px|||||\u00a0\u00bb global_colors_info=\u00a0\u00bb{}\u00a0\u00bb][et_pb_row _builder_version=\u00a0\u00bb4.19.4&Prime; _module_preset=\u00a0\u00bbdefault\u00a0\u00bb min_height=\u00a0\u00bb145.2px\u00a0\u00bb custom_padding=\u00a0\u00bb0px|||||\u00a0\u00bb global_colors_info=\u00a0\u00bb{}\u00a0\u00bb][et_pb_column type=\u00a0\u00bb4_4&Prime; _builder_version=\u00a0\u00bb4.19.4&Prime; _module_preset=\u00a0\u00bbdefault\u00a0\u00bb global_colors_info=\u00a0\u00bb{}\u00a0\u00bb][et_pb_text _builder_version=\u00a0\u00bb4.19.4&Prime; _module_preset=\u00a0\u00bbdefault\u00a0\u00bb custom_margin=\u00a0\u00bb-76px|||||\u00a0\u00bb custom_padding=\u00a0\u00bb||11px|||\u00a0\u00bb global_colors_info=\u00a0\u00bb{}\u00a0\u00bb min_height=\u00a0\u00bb142.2px\u00a0\u00bb]<\/p>\n<h4><strong>Links:<\/strong><\/h4>\n<p><a href=\"https:\/\/www.vtg.admin.ch\/de\/die-schweizer-armee\/geschichte-der-schweizer-armee\/zsham.html\" target=\"_blank\" rel=\"noopener\">Zentralstelle Historisches Armeematerial<\/a><\/p>\n<p><a href=\"https:\/\/www.stiftung-ham.ch\/\" target=\"_blank\" rel=\"noopener\">Stiftung Historisches Material der Schweizer Armee<\/a><\/p>\n<p><a href=\"https:\/\/www.verein-vfl.ch\/de\/stiftung-mhmlw\" target=\"_blank\" rel=\"noopener\">Stiftung Museum und historisches Material der Luftwaffe<\/a><\/p>\n<p><a href=\"https:\/\/www.hamfu.ch\/de\/verein\/\" target=\"_blank\" rel=\"noopener\">Stiftung historisches Armeematerial F\u00fchrungsunterst\u00fctzung<\/a><\/p>\n<p>[\/et_pb_text][\/et_pb_column][\/et_pb_row][\/et_pb_section]<\/p>\n","protected":false},"excerpt":{"rendered":"<p>Geschichte der Sammlung des historischen Armeematerials der SchweizGest\u00fctzt auf den Bundesvertrag vom 7. August 1815 erliess die Tagsatzung 1817 ein erstes Milit\u00e4rreglement. Seit dieser Zeit entstand im Laufe der Zeit eine umfangreiche Sammlung des eidgen\u00f6ssischen Milit\u00e4rmaterials. Das Sammeln erfolgte oft unsystematisch. Erst mit der Reorganisation von 2008 wurde das Sammeln rechtlich verankert und institutionell abgesichert [&hellip;]<\/p>\n","protected":false},"author":2,"featured_media":0,"parent":0,"menu_order":0,"comment_status":"closed","ping_status":"closed","template":"","meta":{"_et_pb_use_builder":"on","_et_pb_old_content":"","_et_gb_content_width":"","footnotes":""},"class_list":["post-47744","page","type-page","status-publish","hentry"],"_links":{"self":[{"href":"https:\/\/armeemuseum.ch\/fr\/wp-json\/wp\/v2\/pages\/47744","targetHints":{"allow":["GET"]}}],"collection":[{"href":"https:\/\/armeemuseum.ch\/fr\/wp-json\/wp\/v2\/pages"}],"about":[{"href":"https:\/\/armeemuseum.ch\/fr\/wp-json\/wp\/v2\/types\/page"}],"author":[{"embeddable":true,"href":"https:\/\/armeemuseum.ch\/fr\/wp-json\/wp\/v2\/users\/2"}],"replies":[{"embeddable":true,"href":"https:\/\/armeemuseum.ch\/fr\/wp-json\/wp\/v2\/comments?post=47744"}],"version-history":[{"count":2,"href":"https:\/\/armeemuseum.ch\/fr\/wp-json\/wp\/v2\/pages\/47744\/revisions"}],"predecessor-version":[{"id":47746,"href":"https:\/\/armeemuseum.ch\/fr\/wp-json\/wp\/v2\/pages\/47744\/revisions\/47746"}],"wp:attachment":[{"href":"https:\/\/armeemuseum.ch\/fr\/wp-json\/wp\/v2\/media?parent=47744"}],"curies":[{"name":"wp","href":"https:\/\/api.w.org\/{rel}","templated":true}]}}