{"id":34466,"date":"2019-04-21T12:13:18","date_gmt":"2019-04-21T11:13:18","guid":{"rendered":"https:\/\/www.armeemuseum.ch\/association-du-musee-suisse-de-larmee\/wissensdatenbank\/einleitung-wissensdatenbank\/"},"modified":"2020-01-28T20:50:26","modified_gmt":"2020-01-28T19:50:26","slug":"einleitung-wissensdatenbank","status":"publish","type":"page","link":"https:\/\/armeemuseum.ch\/fr\/wissensdatenbank\/einleitung-wissensdatenbank\/","title":{"rendered":"Einleitung Wissensdatenbank"},"content":{"rendered":"<p>[et_pb_section bb_built=\u00a0\u00bb1&Prime; admin_label=\u00a0\u00bbsection\u00a0\u00bb][et_pb_row admin_label=\u00a0\u00bbrow\u00a0\u00bb][et_pb_column type=\u00a0\u00bb2_3&Prime;][et_pb_text admin_label=\u00a0\u00bbText\u00a0\u00bb background_layout=\u00a0\u00bblight\u00a0\u00bb text_orientation=\u00a0\u00bbleft\u00a0\u00bb use_border_color=\u00a0\u00bboff\u00a0\u00bb border_color=\u00a0\u00bb#ffffff\u00a0\u00bb border_style=\u00a0\u00bbsolid\u00a0\u00bb]<\/p>\n<h2><strong>Einleitung<\/strong><\/h2>\n<p>&nbsp;<\/p>\n<p>[\/et_pb_text][\/et_pb_column][et_pb_column type=\u00a0\u00bb1_3&Prime;][et_pb_image admin_label=\u00a0\u00bbBild\u00a0\u00bb src=\u00a0\u00bbhttps:\/\/armeemuseum.ch\/wp-content\/uploads\/2019\/04\/Logo-VSAM-komprimiert-1.jpg\u00a0\u00bb show_in_lightbox=\u00a0\u00bboff\u00a0\u00bb url_new_window=\u00a0\u00bboff\u00a0\u00bb use_overlay=\u00a0\u00bboff\u00a0\u00bb animation=\u00a0\u00bbleft\u00a0\u00bb sticky=\u00a0\u00bboff\u00a0\u00bb align=\u00a0\u00bbleft\u00a0\u00bb force_fullwidth=\u00a0\u00bboff\u00a0\u00bb always_center_on_mobile=\u00a0\u00bbon\u00a0\u00bb use_border_color=\u00a0\u00bboff\u00a0\u00bb border_color=\u00a0\u00bb#ffffff\u00a0\u00bb border_style=\u00a0\u00bbsolid\u00a0\u00bb \/][\/et_pb_column][\/et_pb_row][et_pb_row admin_label=\u00a0\u00bbZeile\u00a0\u00bb][et_pb_column type=\u00a0\u00bb4_4&Prime;][et_pb_text admin_label=\u00a0\u00bbText\u00a0\u00bb background_layout=\u00a0\u00bblight\u00a0\u00bb text_orientation=\u00a0\u00bbleft\u00a0\u00bb use_border_color=\u00a0\u00bboff\u00a0\u00bb border_color=\u00a0\u00bb#ffffff\u00a0\u00bb border_style=\u00a0\u00bbsolid\u00a0\u00bb]<\/p>\n<div class=\"et_pb_text et_pb_module et_pb_bg_layout_light et_pb_text_align_left  et_pb_text_1\">\n<p>Diese Wissensdatenbank soll in verschiedenen Fachgebieten das Wissen \u00fcber milit\u00e4rhistorische und materialbezogene Themen umfassend und fachlich gut abgest\u00fctzt aufbereiten und vermitteln.<\/p>\n<p>Ziel ist dabei, das beim Vorstand und den Mitgliedern vorhandene Wissen in \u00fcbersichtlicher Form zu pr\u00e4sentieren.<\/p>\n<p>Um die begonnene riesige Arbeit auf das Bed\u00fcrfnis der Mitglieder und weiteren milit\u00e4rischen Interessierten auszurichten, sind wir auf grunds\u00e4tzliche Bemerkungen zum Projekt und zu dessen Struktur sowie R\u00fcckmeldungen \u00fcber den jeweiligen Stand der Arbeiten angewiesen. Selbstverst\u00e4ndlich sind wir auch dankbar f\u00fcr Vorschl\u00e4ge f\u00fcr die Mitarbeit bei der Bearbeitung der verschiedenen Themen.<\/p>\n<p>Kontakt f\u00fcr Belange der Wissensdatenbank:<\/p>\n<p>Henri Habegger<br \/>\n<a href=\"mailto:henri.habegger@armeemuseum.ch\">henri.habegger@armeemuseum.ch<\/a><br \/>\nTel. 079 415 11 67<\/p>\n<\/div>\n<p>&nbsp;<\/p>\n<p>[\/et_pb_text][\/et_pb_column][\/et_pb_row][\/et_pb_section]<\/p>\n","protected":false},"excerpt":{"rendered":"<p>Einleitung &nbsp; Diese Wissensdatenbank soll in verschiedenen Fachgebieten das Wissen \u00fcber milit\u00e4rhistorische und materialbezogene Themen umfassend und fachlich gut abgest\u00fctzt aufbereiten und vermitteln. Ziel ist dabei, das beim Vorstand und den Mitgliedern vorhandene Wissen in \u00fcbersichtlicher Form zu pr\u00e4sentieren. Um die begonnene riesige Arbeit auf das Bed\u00fcrfnis der Mitglieder und weiteren milit\u00e4rischen Interessierten auszurichten, sind [&hellip;]<\/p>\n","protected":false},"author":2,"featured_media":0,"parent":34462,"menu_order":0,"comment_status":"closed","ping_status":"closed","template":"","meta":{"_et_pb_use_builder":"on","_et_pb_old_content":"","_et_gb_content_width":"","footnotes":""},"class_list":["post-34466","page","type-page","status-publish","hentry"],"_links":{"self":[{"href":"https:\/\/armeemuseum.ch\/fr\/wp-json\/wp\/v2\/pages\/34466","targetHints":{"allow":["GET"]}}],"collection":[{"href":"https:\/\/armeemuseum.ch\/fr\/wp-json\/wp\/v2\/pages"}],"about":[{"href":"https:\/\/armeemuseum.ch\/fr\/wp-json\/wp\/v2\/types\/page"}],"author":[{"embeddable":true,"href":"https:\/\/armeemuseum.ch\/fr\/wp-json\/wp\/v2\/users\/2"}],"replies":[{"embeddable":true,"href":"https:\/\/armeemuseum.ch\/fr\/wp-json\/wp\/v2\/comments?post=34466"}],"version-history":[{"count":3,"href":"https:\/\/armeemuseum.ch\/fr\/wp-json\/wp\/v2\/pages\/34466\/revisions"}],"predecessor-version":[{"id":35019,"href":"https:\/\/armeemuseum.ch\/fr\/wp-json\/wp\/v2\/pages\/34466\/revisions\/35019"}],"up":[{"embeddable":true,"href":"https:\/\/armeemuseum.ch\/fr\/wp-json\/wp\/v2\/pages\/34462"}],"wp:attachment":[{"href":"https:\/\/armeemuseum.ch\/fr\/wp-json\/wp\/v2\/media?parent=34466"}],"curies":[{"name":"wp","href":"https:\/\/api.w.org\/{rel}","templated":true}]}}