{"id":23898,"date":"2017-11-21T21:03:50","date_gmt":"2017-11-21T20:03:50","guid":{"rendered":"https:\/\/www.armeemuseum.ch\/devenir-membre-contact\/"},"modified":"2020-12-30T20:38:27","modified_gmt":"2020-12-30T19:38:27","slug":"devenir-membre-contact","status":"publish","type":"page","link":"https:\/\/armeemuseum.ch\/fr\/la-vsam\/devenir-membre-contact\/","title":{"rendered":"Devenir membre"},"content":{"rendered":"<p>[et_pb_section bb_built=\u00a0\u00bb1&Prime; admin_label=\u00a0\u00bbsection\u00a0\u00bb][et_pb_row admin_label=\u00a0\u00bbrow\u00a0\u00bb][et_pb_column type=\u00a0\u00bb2_3&Prime;][et_pb_text admin_label=\u00a0\u00bbText\u00a0\u00bb background_layout=\u00a0\u00bblight\u00a0\u00bb text_orientation=\u00a0\u00bbleft\u00a0\u00bb use_border_color=\u00a0\u00bboff\u00a0\u00bb border_color=\u00a0\u00bb#ffffff\u00a0\u00bb border_style=\u00a0\u00bbsolid\u00a0\u00bb]<\/p>\n<h2><strong>Devenir Membre<br \/>\n<\/strong><\/h2>\n<p>&nbsp;<\/p>\n<p>[\/et_pb_text][\/et_pb_column][et_pb_column type=\u00a0\u00bb1_3&Prime;][et_pb_image admin_label=\u00a0\u00bbBild\u00a0\u00bb src=\u00a0\u00bbhttps:\/\/armeemuseum.ch\/wp-content\/uploads\/2016\/06\/Logo-VSAM-komprimiert.jpg\u00a0\u00bb show_in_lightbox=\u00a0\u00bboff\u00a0\u00bb url_new_window=\u00a0\u00bboff\u00a0\u00bb use_overlay=\u00a0\u00bboff\u00a0\u00bb animation=\u00a0\u00bbleft\u00a0\u00bb sticky=\u00a0\u00bboff\u00a0\u00bb align=\u00a0\u00bbleft\u00a0\u00bb force_fullwidth=\u00a0\u00bboff\u00a0\u00bb always_center_on_mobile=\u00a0\u00bbon\u00a0\u00bb use_border_color=\u00a0\u00bboff\u00a0\u00bb border_color=\u00a0\u00bb#ffffff\u00a0\u00bb border_style=\u00a0\u00bbsolid\u00a0\u00bb \/][\/et_pb_column][\/et_pb_row][et_pb_row admin_label=\u00a0\u00bbZeile\u00a0\u00bb][et_pb_column type=\u00a0\u00bb4_4&Prime;][et_pb_text admin_label=\u00a0\u00bbText\u00a0\u00bb background_layout=\u00a0\u00bblight\u00a0\u00bb text_orientation=\u00a0\u00bbleft\u00a0\u00bb use_border_color=\u00a0\u00bboff\u00a0\u00bb border_color=\u00a0\u00bb#ffffff\u00a0\u00bb border_style=\u00a0\u00bbsolid\u00a0\u00bb]<\/p>\n<p>.<\/p>\n<p>[\/et_pb_text][\/et_pb_column][\/et_pb_row][et_pb_row admin_label=\u00a0\u00bbZeile\u00a0\u00bb][et_pb_column type=\u00a0\u00bb4_4&Prime;][et_pb_text admin_label=\u00a0\u00bbKontakformular neu\u00a0\u00bb background_layout=\u00a0\u00bblight\u00a0\u00bb text_orientation=\u00a0\u00bbleft\u00a0\u00bb use_border_color=\u00a0\u00bboff\u00a0\u00bb border_color=\u00a0\u00bb#ffffff\u00a0\u00bb border_style=\u00a0\u00bbsolid\u00a0\u00bb]<\/p>\n\n<div class=\"wpcf7 no-js\" id=\"wpcf7-f24922-o1\" lang=\"de-DE\" dir=\"ltr\" data-wpcf7-id=\"24922\">\n<div class=\"screen-reader-response\"><p role=\"status\" aria-live=\"polite\" aria-atomic=\"true\"><\/p> <ul><\/ul><\/div>\n<form action=\"\/fr\/wp-json\/wp\/v2\/pages\/23898#wpcf7-f24922-o1\" method=\"post\" class=\"wpcf7-form init\" aria-label=\"Kontaktformular\" novalidate=\"novalidate\" data-status=\"init\">\n<fieldset class=\"hidden-fields-container\"><input type=\"hidden\" name=\"_wpcf7\" value=\"24922\" \/><input type=\"hidden\" name=\"_wpcf7_version\" value=\"6.1.5\" \/><input type=\"hidden\" name=\"_wpcf7_locale\" value=\"de_DE\" \/><input type=\"hidden\" name=\"_wpcf7_unit_tag\" value=\"wpcf7-f24922-o1\" \/><input type=\"hidden\" name=\"_wpcf7_container_post\" value=\"0\" \/><input type=\"hidden\" name=\"_wpcf7_posted_data_hash\" value=\"\" \/><input type=\"hidden\" name=\"_wpcf7_recaptcha_response\" value=\"\" \/>\n<\/fieldset>\n<p><span class=\"wpcf7-form-control-wrap\" data-name=\"your-name\"><input size=\"40\" maxlength=\"400\" class=\"wpcf7-form-control wpcf7-text wpcf7-validates-as-required\" aria-required=\"true\" aria-invalid=\"false\" placeholder=\"Nom \/ Pr\u00e9nom\" value=\"\" type=\"text\" name=\"your-name\" \/><\/span>\n<\/p>\n<p><span class=\"wpcf7-form-control-wrap\" data-name=\"your-street\"><input size=\"40\" maxlength=\"400\" class=\"wpcf7-form-control wpcf7-text wpcf7-validates-as-required\" aria-required=\"true\" aria-invalid=\"false\" placeholder=\"Rue \/ N\u00b0\" value=\"\" type=\"text\" name=\"your-street\" \/><\/span>\n<\/p>\n<p><span class=\"wpcf7-form-control-wrap\" data-name=\"your-city\"><input size=\"40\" maxlength=\"400\" class=\"wpcf7-form-control wpcf7-text wpcf7-validates-as-required\" aria-required=\"true\" aria-invalid=\"false\" placeholder=\"NPA \/ Localit\u00e9\" value=\"\" type=\"text\" name=\"your-city\" \/><\/span>\n<\/p>\n<p><span class=\"wpcf7-form-control-wrap\" data-name=\"your-phone\"><input size=\"40\" maxlength=\"400\" class=\"wpcf7-form-control wpcf7-tel wpcf7-text wpcf7-validates-as-tel\" aria-invalid=\"false\" placeholder=\"N\u00b0 de t\u00e9l\u00e9phone\" value=\"\" type=\"tel\" name=\"your-phone\" \/><\/span>\n<\/p>\n<p><span class=\"wpcf7-form-control-wrap\" data-name=\"your-email\"><input size=\"40\" maxlength=\"400\" class=\"wpcf7-form-control wpcf7-email wpcf7-validates-as-required wpcf7-text wpcf7-validates-as-email\" aria-required=\"true\" aria-invalid=\"false\" placeholder=\"Adresse e-mail\" value=\"\" type=\"email\" name=\"your-email\" \/><\/span>\n<\/p>\n<p><span class=\"wpcf7-form-control-wrap\" data-name=\"your-message\"><textarea cols=\"40\" rows=\"10\" maxlength=\"2000\" class=\"wpcf7-form-control wpcf7-textarea\" aria-invalid=\"false\" placeholder=\"Message\" name=\"your-message\"><\/textarea><\/span>\n<\/p>\n<p>Je souhaite\/nous souhaitons, adh\u00e9rer en tant que,<span class=\"wpcf7-form-control-wrap\" data-name=\"your-memberstatus\"><span class=\"wpcf7-form-control wpcf7-checkbox\"><span class=\"wpcf7-list-item first\"><input type=\"checkbox\" name=\"your-memberstatus[]\" value=\"membre individuel\" \/><span class=\"wpcf7-list-item-label\">membre individuel<\/span><\/span><span class=\"wpcf7-list-item\"><input type=\"checkbox\" name=\"your-memberstatus[]\" value=\"membre collectif\" \/><span class=\"wpcf7-list-item-label\">membre collectif<\/span><\/span><span class=\"wpcf7-list-item\"><input type=\"checkbox\" name=\"your-memberstatus[]\" value=\"membre de la famille\" \/><span class=\"wpcf7-list-item-label\">membre de la famille<\/span><\/span><span class=\"wpcf7-list-item\"><input type=\"checkbox\" name=\"your-memberstatus[]\" value=\"donateur\" \/><span class=\"wpcf7-list-item-label\">donateur<\/span><\/span><span class=\"wpcf7-list-item last\"><input type=\"checkbox\" name=\"your-memberstatus[]\" value=\"membre \u00e0 vie\" \/><span class=\"wpcf7-list-item-label\">membre \u00e0 vie<\/span><\/span><\/span><\/span>.\n<\/p>\n<p><span class=\"wpcf7-form-control-wrap\" data-name=\"your-options\"><span class=\"wpcf7-form-control wpcf7-checkbox\"><span class=\"wpcf7-list-item first\"><input type=\"checkbox\" name=\"your-options[]\" value=\"J&#039;ai des objets ou des documents \u00e0 c\u00e9der.\" \/><span class=\"wpcf7-list-item-label\">J&#039;ai des objets ou des documents \u00e0 c\u00e9der.<\/span><\/span><span class=\"wpcf7-list-item last\"><input type=\"checkbox\" name=\"your-options[]\" value=\"Je serais pr\u00eat \u00e0 collaborer \u00e0 la collection ou \u00e0 des \u00e9v\u00e9nements.\" \/><span class=\"wpcf7-list-item-label\">Je serais pr\u00eat \u00e0 collaborer \u00e0 la collection ou \u00e0 des \u00e9v\u00e9nements.<\/span><\/span><\/span><\/span>\n<\/p>\n<p><input class=\"wpcf7-form-control wpcf7-submit has-spinner\" type=\"submit\" value=\"Envoyer\" \/>\n<\/p><div class=\"wpcf7-response-output\" aria-hidden=\"true\"><\/div>\n<\/form>\n<\/div>\n\n<p>[\/et_pb_text][\/et_pb_column][\/et_pb_row][\/et_pb_section]<\/p>\n","protected":false},"excerpt":{"rendered":"<p>Devenir Membre &nbsp;.\n<div class=\"wpcf7 no-js\" id=\"wpcf7-f24922-o2\" lang=\"de-DE\" dir=\"ltr\" data-wpcf7-id=\"24922\">\n<div class=\"screen-reader-response\"><p role=\"status\" aria-live=\"polite\" aria-atomic=\"true\"><\/p> <ul><\/ul><\/div>\n<form action=\"\/fr\/wp-json\/wp\/v2\/pages\/23898#wpcf7-f24922-o2\" method=\"post\" class=\"wpcf7-form init\" aria-label=\"Kontaktformular\" novalidate=\"novalidate\" data-status=\"init\">\n<fieldset class=\"hidden-fields-container\"><input type=\"hidden\" name=\"_wpcf7\" value=\"24922\" \/><input type=\"hidden\" name=\"_wpcf7_version\" value=\"6.1.5\" \/><input type=\"hidden\" name=\"_wpcf7_locale\" value=\"de_DE\" \/><input type=\"hidden\" name=\"_wpcf7_unit_tag\" value=\"wpcf7-f24922-o2\" \/><input type=\"hidden\" name=\"_wpcf7_container_post\" value=\"0\" \/><input type=\"hidden\" name=\"_wpcf7_posted_data_hash\" value=\"\" \/><input type=\"hidden\" name=\"_wpcf7_recaptcha_response\" value=\"\" \/>\n<\/fieldset>\n<p><span class=\"wpcf7-form-control-wrap\" data-name=\"your-name\"><input size=\"40\" maxlength=\"400\" class=\"wpcf7-form-control wpcf7-text wpcf7-validates-as-required\" aria-required=\"true\" aria-invalid=\"false\" placeholder=\"Nom \/ Pr\u00e9nom\" value=\"\" type=\"text\" name=\"your-name\" \/><\/span>\n<\/p>\n<p><span class=\"wpcf7-form-control-wrap\" data-name=\"your-street\"><input size=\"40\" maxlength=\"400\" class=\"wpcf7-form-control wpcf7-text wpcf7-validates-as-required\" aria-required=\"true\" aria-invalid=\"false\" placeholder=\"Rue \/ N\u00b0\" value=\"\" type=\"text\" name=\"your-street\" \/><\/span>\n<\/p>\n<p><span class=\"wpcf7-form-control-wrap\" data-name=\"your-city\"><input size=\"40\" maxlength=\"400\" class=\"wpcf7-form-control wpcf7-text wpcf7-validates-as-required\" aria-required=\"true\" aria-invalid=\"false\" placeholder=\"NPA \/ Localit\u00e9\" value=\"\" type=\"text\" name=\"your-city\" \/><\/span>\n<\/p>\n<p><span class=\"wpcf7-form-control-wrap\" data-name=\"your-phone\"><input size=\"40\" maxlength=\"400\" class=\"wpcf7-form-control wpcf7-tel wpcf7-text wpcf7-validates-as-tel\" aria-invalid=\"false\" placeholder=\"N\u00b0 de t\u00e9l\u00e9phone\" value=\"\" type=\"tel\" name=\"your-phone\" \/><\/span>\n<\/p>\n<p><span class=\"wpcf7-form-control-wrap\" data-name=\"your-email\"><input size=\"40\" maxlength=\"400\" class=\"wpcf7-form-control wpcf7-email wpcf7-validates-as-required wpcf7-text wpcf7-validates-as-email\" aria-required=\"true\" aria-invalid=\"false\" placeholder=\"Adresse e-mail\" value=\"\" type=\"email\" name=\"your-email\" \/><\/span>\n<\/p>\n<p><span class=\"wpcf7-form-control-wrap\" data-name=\"your-message\"><textarea cols=\"40\" rows=\"10\" maxlength=\"2000\" class=\"wpcf7-form-control wpcf7-textarea\" aria-invalid=\"false\" placeholder=\"Message\" name=\"your-message\"><\/textarea><\/span>\n<\/p>\n<p>Je souhaite\/nous souhaitons, adh\u00e9rer en tant que,<span class=\"wpcf7-form-control-wrap\" data-name=\"your-memberstatus\"><span class=\"wpcf7-form-control wpcf7-checkbox\"><span class=\"wpcf7-list-item first\"><input type=\"checkbox\" name=\"your-memberstatus[]\" value=\"membre individuel\" \/><span class=\"wpcf7-list-item-label\">membre individuel<\/span><\/span><span class=\"wpcf7-list-item\"><input type=\"checkbox\" name=\"your-memberstatus[]\" value=\"membre collectif\" \/><span class=\"wpcf7-list-item-label\">membre collectif<\/span><\/span><span class=\"wpcf7-list-item\"><input type=\"checkbox\" name=\"your-memberstatus[]\" value=\"membre de la famille\" \/><span class=\"wpcf7-list-item-label\">membre de la famille<\/span><\/span><span class=\"wpcf7-list-item\"><input type=\"checkbox\" name=\"your-memberstatus[]\" value=\"donateur\" \/><span class=\"wpcf7-list-item-label\">donateur<\/span><\/span><span class=\"wpcf7-list-item last\"><input type=\"checkbox\" name=\"your-memberstatus[]\" value=\"membre \u00e0 vie\" \/><span class=\"wpcf7-list-item-label\">membre \u00e0 vie<\/span><\/span><\/span><\/span>.\n<\/p>\n<p><span class=\"wpcf7-form-control-wrap\" data-name=\"your-options\"><span class=\"wpcf7-form-control wpcf7-checkbox\"><span class=\"wpcf7-list-item first\"><input type=\"checkbox\" name=\"your-options[]\" value=\"J&#039;ai des objets ou des documents \u00e0 c\u00e9der.\" \/><span class=\"wpcf7-list-item-label\">J&#039;ai des objets ou des documents \u00e0 c\u00e9der.<\/span><\/span><span class=\"wpcf7-list-item last\"><input type=\"checkbox\" name=\"your-options[]\" value=\"Je serais pr\u00eat \u00e0 collaborer \u00e0 la collection ou \u00e0 des \u00e9v\u00e9nements.\" \/><span class=\"wpcf7-list-item-label\">Je serais pr\u00eat \u00e0 collaborer \u00e0 la collection ou \u00e0 des \u00e9v\u00e9nements.<\/span><\/span><\/span><\/span>\n<\/p>\n<p><input class=\"wpcf7-form-control wpcf7-submit has-spinner\" type=\"submit\" value=\"Envoyer\" \/>\n<\/p><div class=\"wpcf7-response-output\" aria-hidden=\"true\"><\/div>\n<\/form>\n<\/div>\n<\/p>\n","protected":false},"author":2,"featured_media":0,"parent":24886,"menu_order":0,"comment_status":"closed","ping_status":"closed","template":"","meta":{"_et_pb_use_builder":"on","_et_pb_old_content":"","_et_gb_content_width":"","footnotes":""},"class_list":["post-23898","page","type-page","status-publish","hentry"],"_links":{"self":[{"href":"https:\/\/armeemuseum.ch\/fr\/wp-json\/wp\/v2\/pages\/23898","targetHints":{"allow":["GET"]}}],"collection":[{"href":"https:\/\/armeemuseum.ch\/fr\/wp-json\/wp\/v2\/pages"}],"about":[{"href":"https:\/\/armeemuseum.ch\/fr\/wp-json\/wp\/v2\/types\/page"}],"author":[{"embeddable":true,"href":"https:\/\/armeemuseum.ch\/fr\/wp-json\/wp\/v2\/users\/2"}],"replies":[{"embeddable":true,"href":"https:\/\/armeemuseum.ch\/fr\/wp-json\/wp\/v2\/comments?post=23898"}],"version-history":[{"count":14,"href":"https:\/\/armeemuseum.ch\/fr\/wp-json\/wp\/v2\/pages\/23898\/revisions"}],"predecessor-version":[{"id":43525,"href":"https:\/\/armeemuseum.ch\/fr\/wp-json\/wp\/v2\/pages\/23898\/revisions\/43525"}],"up":[{"embeddable":true,"href":"https:\/\/armeemuseum.ch\/fr\/wp-json\/wp\/v2\/pages\/24886"}],"wp:attachment":[{"href":"https:\/\/armeemuseum.ch\/fr\/wp-json\/wp\/v2\/media?parent=23898"}],"curies":[{"name":"wp","href":"https:\/\/api.w.org\/{rel}","templated":true}]}}