{"id":23891,"date":"2017-11-21T20:31:17","date_gmt":"2017-11-21T19:31:17","guid":{"rendered":"https:\/\/www.armeemuseum.ch\/association-du-musee-suisse-de-larmee\/medias-militaires-specialises\/"},"modified":"2020-01-27T19:15:46","modified_gmt":"2020-01-27T18:15:46","slug":"medias-militaires-specialises","status":"publish","type":"page","link":"https:\/\/armeemuseum.ch\/fr\/liens\/medias-militaires-specialises\/","title":{"rendered":"M\u00e9dias militaires sp\u00e9cialis\u00e9s"},"content":{"rendered":"<p>[et_pb_section admin_label=\u00a0\u00bbsection\u00a0\u00bb][et_pb_row admin_label=\u00a0\u00bbrow\u00a0\u00bb][et_pb_column type=\u00a0\u00bb2_3&Prime;][et_pb_text admin_label=\u00a0\u00bbText\u00a0\u00bb background_layout=\u00a0\u00bblight\u00a0\u00bb text_orientation=\u00a0\u00bbleft\u00a0\u00bb use_border_color=\u00a0\u00bboff\u00a0\u00bb border_color=\u00a0\u00bb#ffffff\u00a0\u00bb border_style=\u00a0\u00bbsolid\u00a0\u00bb]<\/p>\n<h2 class=\"csc-firstHeader\">M\u00e9dias militaires sp\u00e9cialis\u00e9s<\/h2>\n<p>&nbsp;<\/p>\n<p>[\/et_pb_text][\/et_pb_column][et_pb_column type=\u00a0\u00bb1_3&Prime;][et_pb_image admin_label=\u00a0\u00bbBild\u00a0\u00bb src=\u00a0\u00bbhttps:\/\/armeemuseum.ch\/wp-content\/uploads\/2016\/06\/Logo-VSAM-komprimiert-1.jpg\u00a0\u00bb show_in_lightbox=\u00a0\u00bboff\u00a0\u00bb url_new_window=\u00a0\u00bboff\u00a0\u00bb use_overlay=\u00a0\u00bboff\u00a0\u00bb animation=\u00a0\u00bbleft\u00a0\u00bb sticky=\u00a0\u00bboff\u00a0\u00bb align=\u00a0\u00bbleft\u00a0\u00bb force_fullwidth=\u00a0\u00bboff\u00a0\u00bb always_center_on_mobile=\u00a0\u00bbon\u00a0\u00bb use_border_color=\u00a0\u00bboff\u00a0\u00bb border_color=\u00a0\u00bb#ffffff\u00a0\u00bb border_style=\u00a0\u00bbsolid\u00a0\u00bb \/][\/et_pb_column][\/et_pb_row][et_pb_row admin_label=\u00a0\u00bbZeile\u00a0\u00bb][et_pb_column type=\u00a0\u00bb4_4&Prime;][et_pb_text admin_label=\u00a0\u00bbText\u00a0\u00bb background_layout=\u00a0\u00bblight\u00a0\u00bb text_orientation=\u00a0\u00bbleft\u00a0\u00bb use_border_color=\u00a0\u00bboff\u00a0\u00bb border_color=\u00a0\u00bb#ffffff\u00a0\u00bb border_style=\u00a0\u00bbsolid\u00a0\u00bb]<\/p>\n<ul>\n<li>Allgemeine Schweizerische Milit\u00e4rzeitschrift ASMZ<br \/>\n<a class=\"external-link-new-window\" title=\"Opens external link in new window\" href=\"http:\/\/www.asmz.ch\/\" target=\"_blank\" rel=\"noopener\">www.asmz.ch<\/a><\/p>\n<p>&nbsp;<\/p>\n<\/li>\n<li>Schweizer Soldat<br \/>\n<a href=\"http:\/\/www.schweizer-soldat.ch\" target=\"_blank\" rel=\"noopener\">www.schweizer-soldat.ch<\/a><\/p>\n<p>&nbsp;<\/p>\n<\/li>\n<li>Revue Militaire Suisse<br \/>\n<a class=\"external-link-new-window\" title=\"Opens external link in new window\" href=\"http:\/\/www.revuemilitairesuisse.ch\/\" target=\"_blank\" rel=\"noopener\">www.revuemilitairesuisse.ch<\/a><\/p>\n<p>&nbsp;<\/p>\n<\/li>\n<li>European Military Press Association<br \/>\n<a href=\"http:\/\/empamil.eu\" target=\"_blank\" rel=\"noopener\">empamil.eu<\/a><\/li>\n<li>Armee-Logistik, Fachzeitschrift f\u00fcr Logistiker<br \/>\n<a class=\"external-link-new-window\" title=\"Opens external link in new window\" href=\"http:\/\/www.armee-logistik.ch\/\" target=\"_blank\" rel=\"noopener\">www.armee-logistik.ch<\/a><\/li>\n<\/ul>\n<p>[\/et_pb_text][\/et_pb_column][\/et_pb_row][\/et_pb_section]<\/p>\n","protected":false},"excerpt":{"rendered":"<p>M\u00e9dias militaires sp\u00e9cialis\u00e9s &nbsp; Allgemeine Schweizerische Milit\u00e4rzeitschrift ASMZ www.asmz.ch &nbsp; Schweizer Soldat www.schweizer-soldat.ch &nbsp; Revue Militaire Suisse www.revuemilitairesuisse.ch &nbsp; European Military Press Association empamil.eu Armee-Logistik, Fachzeitschrift f\u00fcr Logistiker www.armee-logistik.ch<\/p>\n","protected":false},"author":2,"featured_media":0,"parent":23841,"menu_order":0,"comment_status":"closed","ping_status":"closed","template":"","meta":{"_et_pb_use_builder":"on","_et_pb_old_content":"","_et_gb_content_width":"","footnotes":""},"class_list":["post-23891","page","type-page","status-publish","hentry"],"_links":{"self":[{"href":"https:\/\/armeemuseum.ch\/fr\/wp-json\/wp\/v2\/pages\/23891","targetHints":{"allow":["GET"]}}],"collection":[{"href":"https:\/\/armeemuseum.ch\/fr\/wp-json\/wp\/v2\/pages"}],"about":[{"href":"https:\/\/armeemuseum.ch\/fr\/wp-json\/wp\/v2\/types\/page"}],"author":[{"embeddable":true,"href":"https:\/\/armeemuseum.ch\/fr\/wp-json\/wp\/v2\/users\/2"}],"replies":[{"embeddable":true,"href":"https:\/\/armeemuseum.ch\/fr\/wp-json\/wp\/v2\/comments?post=23891"}],"version-history":[{"count":2,"href":"https:\/\/armeemuseum.ch\/fr\/wp-json\/wp\/v2\/pages\/23891\/revisions"}],"predecessor-version":[{"id":34963,"href":"https:\/\/armeemuseum.ch\/fr\/wp-json\/wp\/v2\/pages\/23891\/revisions\/34963"}],"up":[{"embeddable":true,"href":"https:\/\/armeemuseum.ch\/fr\/wp-json\/wp\/v2\/pages\/23841"}],"wp:attachment":[{"href":"https:\/\/armeemuseum.ch\/fr\/wp-json\/wp\/v2\/media?parent=23891"}],"curies":[{"name":"wp","href":"https:\/\/api.w.org\/{rel}","templated":true}]}}