{"id":23890,"date":"2017-11-21T20:30:19","date_gmt":"2017-11-21T19:30:19","guid":{"rendered":"https:\/\/www.armeemuseum.ch\/association-du-musee-suisse-de-larmee\/armees-en-general\/"},"modified":"2020-01-27T19:30:04","modified_gmt":"2020-01-27T18:30:04","slug":"armees-en-general","status":"publish","type":"page","link":"https:\/\/armeemuseum.ch\/fr\/liens\/armees-en-general\/","title":{"rendered":"Arm\u00e9es en g\u00e9n\u00e9ral"},"content":{"rendered":"<p>[et_pb_section admin_label=\u00a0\u00bbsection\u00a0\u00bb][et_pb_row admin_label=\u00a0\u00bbrow\u00a0\u00bb][et_pb_column type=\u00a0\u00bb2_3&Prime;][et_pb_text admin_label=\u00a0\u00bbText\u00a0\u00bb background_layout=\u00a0\u00bblight\u00a0\u00bb text_orientation=\u00a0\u00bbleft\u00a0\u00bb use_border_color=\u00a0\u00bboff\u00a0\u00bb border_color=\u00a0\u00bb#ffffff\u00a0\u00bb border_style=\u00a0\u00bbsolid\u00a0\u00bb]<\/p>\n<h2 class=\"csc-firstHeader\">Arm\u00e9es en g\u00e9n\u00e9ral<\/h2>\n<p>&nbsp;<\/p>\n<p>[\/et_pb_text][\/et_pb_column][et_pb_column type=\u00a0\u00bb1_3&Prime;][et_pb_image admin_label=\u00a0\u00bbBild\u00a0\u00bb src=\u00a0\u00bbhttps:\/\/armeemuseum.ch\/wp-content\/uploads\/2016\/06\/Logo-VSAM-komprimiert-1.jpg\u00a0\u00bb show_in_lightbox=\u00a0\u00bboff\u00a0\u00bb url_new_window=\u00a0\u00bboff\u00a0\u00bb use_overlay=\u00a0\u00bboff\u00a0\u00bb animation=\u00a0\u00bbleft\u00a0\u00bb sticky=\u00a0\u00bboff\u00a0\u00bb align=\u00a0\u00bbleft\u00a0\u00bb force_fullwidth=\u00a0\u00bboff\u00a0\u00bb always_center_on_mobile=\u00a0\u00bbon\u00a0\u00bb use_border_color=\u00a0\u00bboff\u00a0\u00bb border_color=\u00a0\u00bb#ffffff\u00a0\u00bb border_style=\u00a0\u00bbsolid\u00a0\u00bb \/][\/et_pb_column][\/et_pb_row][et_pb_row admin_label=\u00a0\u00bbZeile\u00a0\u00bb][et_pb_column type=\u00a0\u00bb4_4&Prime;][et_pb_text admin_label=\u00a0\u00bbText\u00a0\u00bb background_layout=\u00a0\u00bblight\u00a0\u00bb text_orientation=\u00a0\u00bbleft\u00a0\u00bb use_border_color=\u00a0\u00bboff\u00a0\u00bb border_color=\u00a0\u00bb#ffffff\u00a0\u00bb border_style=\u00a0\u00bbsolid\u00a0\u00bb]<\/p>\n<ul>\n<li>Eidgen\u00f6ssisches Departement f\u00fcr Verteidigung, Bev\u00f6lkerungsschutz und Sport<br \/>\n<a href=\"http:\/\/www.vbs.admin.ch\" target=\"_blank\" rel=\"noopener\">www.vbs.admin.ch<\/a><\/p>\n<p>&nbsp;<\/p>\n<\/li>\n<li>Schweizer Armee<br \/>\n<a class=\"external-link-new-window\" title=\"Opens external link in new window\" href=\"http:\/\/www.vtg.admin.ch\/\" target=\"_blank\" rel=\"noopener\">www.vtg.admin.ch<\/a><\/p>\n<p>&nbsp;<\/p>\n<\/li>\n<li>Bibliothek am Guisanplatz<br \/>\n<a href=\"http:\/\/www.guisanplatz.ch\" target=\"_blank\" rel=\"noopener\">www.guisanplatz.ch<\/a><\/p>\n<p>&nbsp;<\/p>\n<\/li>\n<li>\u00d6sterreichisches Bundesheer<br \/>\n<a href=\"http:\/\/www.bmlv.gv.at\" target=\"_blank\" rel=\"noopener\">www.bmlv.gv.at<\/a><\/p>\n<p>&nbsp;<\/p>\n<\/li>\n<li>Deutsches Bundesheer<br \/>\n<a href=\"http:\/\/www.bundeswehr.de\" target=\"_blank\" rel=\"noopener\">www.bundeswehr.de<\/a><\/p>\n<p>&nbsp;<\/p>\n<\/li>\n<li>Franz\u00f6sisches Heer<br \/>\n<a href=\"http:\/\/www.defense.gouv.fr\" target=\"_blank\" rel=\"noopener\">www.defense.gouv.fr<\/a><\/p>\n<p>&nbsp;<\/p>\n<\/li>\n<li>Italienisches Heer<br \/>\n<a href=\"http:\/\/www.esercito.difesa.it\" target=\"_blank\" rel=\"noopener\">www.esercito.difesa.it<\/a><\/p>\n<p>&nbsp;<\/p>\n<\/li>\n<li>NATO<br \/>\n<a href=\"http:\/\/www.nato.int\" target=\"_blank\" rel=\"noopener\">www.nato.int<\/a><\/li>\n<\/ul>\n<p>[\/et_pb_text][\/et_pb_column][\/et_pb_row][\/et_pb_section]<\/p>\n","protected":false},"excerpt":{"rendered":"<p>Arm\u00e9es en g\u00e9n\u00e9ral &nbsp; Eidgen\u00f6ssisches Departement f\u00fcr Verteidigung, Bev\u00f6lkerungsschutz und Sport www.vbs.admin.ch &nbsp; Schweizer Armee www.vtg.admin.ch &nbsp; Bibliothek am Guisanplatz www.guisanplatz.ch &nbsp; \u00d6sterreichisches Bundesheer www.bmlv.gv.at &nbsp; Deutsches Bundesheer www.bundeswehr.de &nbsp; Franz\u00f6sisches Heer www.defense.gouv.fr &nbsp; Italienisches Heer www.esercito.difesa.it &nbsp; NATO www.nato.int<\/p>\n","protected":false},"author":2,"featured_media":0,"parent":23841,"menu_order":0,"comment_status":"closed","ping_status":"closed","template":"","meta":{"_et_pb_use_builder":"on","_et_pb_old_content":"","_et_gb_content_width":"","footnotes":""},"class_list":["post-23890","page","type-page","status-publish","hentry"],"_links":{"self":[{"href":"https:\/\/armeemuseum.ch\/fr\/wp-json\/wp\/v2\/pages\/23890","targetHints":{"allow":["GET"]}}],"collection":[{"href":"https:\/\/armeemuseum.ch\/fr\/wp-json\/wp\/v2\/pages"}],"about":[{"href":"https:\/\/armeemuseum.ch\/fr\/wp-json\/wp\/v2\/types\/page"}],"author":[{"embeddable":true,"href":"https:\/\/armeemuseum.ch\/fr\/wp-json\/wp\/v2\/users\/2"}],"replies":[{"embeddable":true,"href":"https:\/\/armeemuseum.ch\/fr\/wp-json\/wp\/v2\/comments?post=23890"}],"version-history":[{"count":2,"href":"https:\/\/armeemuseum.ch\/fr\/wp-json\/wp\/v2\/pages\/23890\/revisions"}],"predecessor-version":[{"id":34978,"href":"https:\/\/armeemuseum.ch\/fr\/wp-json\/wp\/v2\/pages\/23890\/revisions\/34978"}],"up":[{"embeddable":true,"href":"https:\/\/armeemuseum.ch\/fr\/wp-json\/wp\/v2\/pages\/23841"}],"wp:attachment":[{"href":"https:\/\/armeemuseum.ch\/fr\/wp-json\/wp\/v2\/media?parent=23890"}],"curies":[{"name":"wp","href":"https:\/\/api.w.org\/{rel}","templated":true}]}}