{"id":23886,"date":"2017-11-21T20:26:52","date_gmt":"2017-11-21T19:26:52","guid":{"rendered":"https:\/\/www.armeemuseum.ch\/association-du-musee-suisse-de-larmee\/collections-et-musees-militaires-a-letranger\/"},"modified":"2020-01-27T19:16:59","modified_gmt":"2020-01-27T18:16:59","slug":"collections-et-musees-militaires-a-letranger","status":"publish","type":"page","link":"https:\/\/armeemuseum.ch\/fr\/liens\/collections-et-musees-militaires-a-letranger\/","title":{"rendered":"Collections et mus\u00e9es militaires \u00e0 l\u2019\u00e9tranger"},"content":{"rendered":"<p>[et_pb_section admin_label=\u00a0\u00bbsection\u00a0\u00bb][et_pb_row admin_label=\u00a0\u00bbrow\u00a0\u00bb][et_pb_column type=\u00a0\u00bb2_3&Prime;][et_pb_text admin_label=\u00a0\u00bbText\u00a0\u00bb background_layout=\u00a0\u00bblight\u00a0\u00bb text_orientation=\u00a0\u00bbleft\u00a0\u00bb use_border_color=\u00a0\u00bboff\u00a0\u00bb border_color=\u00a0\u00bb#ffffff\u00a0\u00bb border_style=\u00a0\u00bbsolid\u00a0\u00bb]<\/p>\n<h2>Collections et mus\u00e9es militaires \u00e0 l\u2019\u00e9tranger<\/h2>\n<p>&nbsp;<\/p>\n<p>[\/et_pb_text][\/et_pb_column][et_pb_column type=\u00a0\u00bb1_3&Prime;][et_pb_image admin_label=\u00a0\u00bbBild\u00a0\u00bb src=\u00a0\u00bbhttps:\/\/armeemuseum.ch\/wp-content\/uploads\/2016\/06\/Logo-VSAM-komprimiert-1.jpg\u00a0\u00bb show_in_lightbox=\u00a0\u00bboff\u00a0\u00bb url_new_window=\u00a0\u00bboff\u00a0\u00bb use_overlay=\u00a0\u00bboff\u00a0\u00bb animation=\u00a0\u00bbleft\u00a0\u00bb sticky=\u00a0\u00bboff\u00a0\u00bb align=\u00a0\u00bbleft\u00a0\u00bb force_fullwidth=\u00a0\u00bboff\u00a0\u00bb always_center_on_mobile=\u00a0\u00bbon\u00a0\u00bb use_border_color=\u00a0\u00bboff\u00a0\u00bb border_color=\u00a0\u00bb#ffffff\u00a0\u00bb border_style=\u00a0\u00bbsolid\u00a0\u00bb \/][\/et_pb_column][\/et_pb_row][et_pb_row admin_label=\u00a0\u00bbZeile\u00a0\u00bb][et_pb_column type=\u00a0\u00bb4_4&Prime;][et_pb_text admin_label=\u00a0\u00bbText\u00a0\u00bb background_layout=\u00a0\u00bblight\u00a0\u00bb text_orientation=\u00a0\u00bbleft\u00a0\u00bb use_border_color=\u00a0\u00bboff\u00a0\u00bb border_color=\u00a0\u00bb#ffffff\u00a0\u00bb border_style=\u00a0\u00bbsolid\u00a0\u00bb]<\/p>\n<div class=\"indent\">\n<ul>\n<li>Bayerisches Armeemuseum Ingolstadt<br \/>\n<a class=\"external-link-new-window\" title=\"Opens external link in new window\" href=\"http:\/\/www.armeemuseum.de\/\" target=\"_blank\" rel=\"noopener\">www.armeemuseum.de<\/a><\/p>\n<p>&nbsp;<\/p>\n<\/li>\n<li>Milit\u00e4rhistorisches Museum der Bundeswehr Dresden<br \/>\n<a class=\"external-link-new-window\" title=\"Opens external link in new window\" href=\"http:\/\/www.mhmbundeswehr.de\/\" target=\"_blank\" rel=\"noopener\">www.mhmbundeswehr.de<\/a><\/p>\n<p>&nbsp;<\/p>\n<\/li>\n<li>Wehrgeschichtliches Museum Schloss Rastatt<br \/>\n<a class=\"external-link-new-window\" title=\"Opens external link in new window\" href=\"http:\/\/www.wgm-rastatt.de\/\" target=\"_blank\" rel=\"noopener\">www.wgm-rastatt.de<\/a><\/p>\n<p>&nbsp;<\/p>\n<\/li>\n<li>Museum f\u00fcr histoirsche Wehrtechnik, R\u00f6thenbach (N\u00fcrnberg)<br \/>\n<a href=\"http:\/\/www.wehrtechnikmuseum.de\" target=\"_blank\" rel=\"noopener\">www.wehrtechnikmuseum.de<\/a><\/li>\n<li>Imperial War Museum London<br \/>\n<a class=\"external-link-new-window\" title=\"Opens external link in new window\" href=\"http:\/\/www.iwm.org.uk\/\" target=\"_blank\" rel=\"noopener\">www.iwm.org.uk<\/a><\/p>\n<p>&nbsp;<\/p>\n<\/li>\n<li>National Army Museum London<br \/>\n<a href=\"http:\/\/www.national-army-museum.ac.uk\" target=\"_blank\" rel=\"noopener\">www.national-army-museum.ac.uk<\/a><\/p>\n<p>&nbsp;<\/p>\n<\/li>\n<li>Mus\u00e9e de l&rsquo;Arm\u00e9e Paris<br \/>\n<a href=\"http:\/\/www.invalides.org\" target=\"_blank\" rel=\"noopener\">www.invalides.org<\/a><\/p>\n<p>&nbsp;<\/p>\n<\/li>\n<li>Heeresgeschichtliches Museum Wien<br \/>\n<a class=\"external-link-new-window\" title=\"Opens external link in new window\" href=\"http:\/\/www.hgm.or.at\/\" target=\"_blank\" rel=\"noopener\">www.hgm.or.at<\/a><\/li>\n<li>Mus\u00e9e National d&rsquo;Histoire Militaire Diekirch, Luxembourg<br \/>\n<a class=\"external-link-new-window\" title=\"Opens external link in new window\" href=\"http:\/\/www.nat-military-museum.lu\/\" target=\"_blank\" rel=\"noopener\">www.nat-military-museum.lu<\/a><\/p>\n<p>&nbsp;<\/p>\n<\/li>\n<li>Patronentaschen, Patroneng\u00fcrtel und Banduliere 1850 &#8211; 1950<br \/>\n<a class=\"external-link-new-window\" title=\"Opens external link in new window\" href=\"http:\/\/www.cpouch.de\/\" target=\"_blank\" rel=\"noopener\">www.cpouch.de<\/a><\/p>\n<p>&nbsp;<\/p>\n<\/li>\n<li>Panzermuseum Munster<br \/>\n<a class=\"external-link-new-window\" title=\"Opens external link in new window\" href=\"http:\/\/www.panzermuseum-munster.de\/\" target=\"_blank\" rel=\"noopener\">www.panzermuseum-munster.de<\/a><\/li>\n<\/ul>\n<ul>\n<li>Verein der Freunde und F\u00f6rderer der Wehrtechnischen Sammlung Koblenz<br \/>\n<a class=\"external-link-new-window\" title=\"Opens external link in new window\" href=\"http:\/\/www.vffwts.de\/\" target=\"_blank\" rel=\"noopener\">www.vffwts.de<\/a><\/li>\n<\/ul>\n<ul>\n<li>Milit\u00e4rhistorische Sammlung Alter Flakleitstand, Burhaver Stra\u00dfe. 41, 26954 Nordenham<br \/>\n<a class=\"external-link-new-window\" title=\"Opens external link in new window\" href=\"http:\/\/www.alterflakleitstand.de\/\" target=\"_blank\" rel=\"noopener\">www.alterflakleitstand.de<\/a><\/li>\n<\/ul>\n<ul>\n<li>Firepower Royal Artillery Museum<br \/>\n<a class=\"external-link-new-window\" title=\"Opens external link in new window\" href=\"http:\/\/firepower.org.uk\/\" target=\"_blank\" rel=\"noopener\">http:\/\/firepower.org.uk\/<\/a><\/li>\n<\/ul>\n<\/div>\n<p>&nbsp;<\/p>\n<p>[\/et_pb_text][\/et_pb_column][\/et_pb_row][\/et_pb_section]<\/p>\n","protected":false},"excerpt":{"rendered":"<p>Collections et mus\u00e9es militaires \u00e0 l\u2019\u00e9tranger &nbsp; Bayerisches Armeemuseum Ingolstadt www.armeemuseum.de &nbsp; Milit\u00e4rhistorisches Museum der Bundeswehr Dresden www.mhmbundeswehr.de &nbsp; Wehrgeschichtliches Museum Schloss Rastatt www.wgm-rastatt.de &nbsp; Museum f\u00fcr histoirsche Wehrtechnik, R\u00f6thenbach (N\u00fcrnberg) www.wehrtechnikmuseum.de Imperial War Museum London www.iwm.org.uk &nbsp; National Army Museum London www.national-army-museum.ac.uk &nbsp; Mus\u00e9e de l&rsquo;Arm\u00e9e Paris www.invalides.org &nbsp; Heeresgeschichtliches Museum Wien www.hgm.or.at Mus\u00e9e [&hellip;]<\/p>\n","protected":false},"author":2,"featured_media":0,"parent":23841,"menu_order":0,"comment_status":"closed","ping_status":"closed","template":"","meta":{"_et_pb_use_builder":"on","_et_pb_old_content":"","_et_gb_content_width":"","footnotes":""},"class_list":["post-23886","page","type-page","status-publish","hentry"],"_links":{"self":[{"href":"https:\/\/armeemuseum.ch\/fr\/wp-json\/wp\/v2\/pages\/23886","targetHints":{"allow":["GET"]}}],"collection":[{"href":"https:\/\/armeemuseum.ch\/fr\/wp-json\/wp\/v2\/pages"}],"about":[{"href":"https:\/\/armeemuseum.ch\/fr\/wp-json\/wp\/v2\/types\/page"}],"author":[{"embeddable":true,"href":"https:\/\/armeemuseum.ch\/fr\/wp-json\/wp\/v2\/users\/2"}],"replies":[{"embeddable":true,"href":"https:\/\/armeemuseum.ch\/fr\/wp-json\/wp\/v2\/comments?post=23886"}],"version-history":[{"count":4,"href":"https:\/\/armeemuseum.ch\/fr\/wp-json\/wp\/v2\/pages\/23886\/revisions"}],"predecessor-version":[{"id":34966,"href":"https:\/\/armeemuseum.ch\/fr\/wp-json\/wp\/v2\/pages\/23886\/revisions\/34966"}],"up":[{"embeddable":true,"href":"https:\/\/armeemuseum.ch\/fr\/wp-json\/wp\/v2\/pages\/23841"}],"wp:attachment":[{"href":"https:\/\/armeemuseum.ch\/fr\/wp-json\/wp\/v2\/media?parent=23886"}],"curies":[{"name":"wp","href":"https:\/\/api.w.org\/{rel}","templated":true}]}}