{"id":23867,"date":"2017-11-21T20:18:19","date_gmt":"2017-11-21T19:18:19","guid":{"rendered":"https:\/\/www.armeemuseum.ch\/shop-de-la-vsam\/"},"modified":"2019-12-06T14:45:10","modified_gmt":"2019-12-06T13:45:10","slug":"shop-de-la-vsam","status":"publish","type":"page","link":"https:\/\/armeemuseum.ch\/fr\/shop-de-la-vsam\/","title":{"rendered":"Shop de la VSAM"},"content":{"rendered":"<p>[et_pb_section bb_built=\u00a0\u00bb1&Prime; admin_label=\u00a0\u00bbsection\u00a0\u00bb][et_pb_row admin_label=\u00a0\u00bbrow\u00a0\u00bb][et_pb_column type=\u00a0\u00bb2_3&Prime;][et_pb_text admin_label=\u00a0\u00bbText\u00a0\u00bb background_layout=\u00a0\u00bblight\u00a0\u00bb text_orientation=\u00a0\u00bbleft\u00a0\u00bb use_border_color=\u00a0\u00bboff\u00a0\u00bb border_color=\u00a0\u00bb#ffffff\u00a0\u00bb border_style=\u00a0\u00bbsolid\u00a0\u00bb]<\/p>\n<h3>Shop de l\u2019Association du mus\u00e9e suisse de l\u2019arm\u00e9e (VSAM)<\/h3>\n<p>[\/et_pb_text][\/et_pb_column][et_pb_column type=\u00a0\u00bb1_3&Prime;][et_pb_image admin_label=\u00a0\u00bbImage\u00a0\u00bb src=\u00a0\u00bbhttps:\/\/armeemuseum.ch\/wp-content\/uploads\/2016\/06\/Logo-VSAM-komprimiert-1.jpg\u00a0\u00bb show_in_lightbox=\u00a0\u00bboff\u00a0\u00bb url_new_window=\u00a0\u00bboff\u00a0\u00bb use_overlay=\u00a0\u00bboff\u00a0\u00bb animation=\u00a0\u00bbleft\u00a0\u00bb sticky=\u00a0\u00bboff\u00a0\u00bb align=\u00a0\u00bbleft\u00a0\u00bb force_fullwidth=\u00a0\u00bboff\u00a0\u00bb always_center_on_mobile=\u00a0\u00bbon\u00a0\u00bb use_border_color=\u00a0\u00bboff\u00a0\u00bb border_color=\u00a0\u00bb#ffffff\u00a0\u00bb border_style=\u00a0\u00bbsolid\u00a0\u00bb max_width=\u00a0\u00bb450px\u00a0\u00bb \/][\/et_pb_column][\/et_pb_row][et_pb_row admin_label=\u00a0\u00bbZeile\u00a0\u00bb][et_pb_column type=\u00a0\u00bb4_4&Prime;][et_pb_text admin_label=\u00a0\u00bbText\u00a0\u00bb background_layout=\u00a0\u00bblight\u00a0\u00bb text_orientation=\u00a0\u00bbleft\u00a0\u00bb use_border_color=\u00a0\u00bboff\u00a0\u00bb border_color=\u00a0\u00bb#ffffff\u00a0\u00bb border_style=\u00a0\u00bbsolid\u00a0\u00bb]<\/p>\n<h3><strong>Shop de l\u2019Association du mus\u00e9e suisse de l\u2019arm\u00e9e (VSAM)<\/strong><\/h3>\n<p><span lang=\"FR-CH\">En vue d\u2019atteindre ses objectifs associatifs et de fournir un service \u00e0 ses membres ainsi qu\u2019aux autres personnes et organisations int\u00e9ress\u00e9es, l\u2019Association du mus\u00e9e suisse de l\u2019arm\u00e9e (VSAM) exploite un shop consacr\u00e9 \u00e0 la vente d\u2019insignes et livres militaires.<\/span><\/p>\n<p><span lang=\"FR-CH\">La VSAM est mandat\u00e9e par le D\u00e9partement f\u00e9d\u00e9ral de la d\u00e9fense, de la protection de la population et des sports (DDPS) pour prendre en charge la <strong>vente<\/strong> aux personnes et organisations d\u2019<strong>insignes de l\u2019arm\u00e9e suisse<\/strong> qui ne sont plus en usage. Les insignes actuels encore en usage sont frapp\u00e9s d\u2019une interdiction de vente explicite et ne sont donc pas disponibles. Les insignes qui se retrouvent ainsi en vente servent <strong>exclusivement \u00e0 des fins de collection<\/strong> et ne peuvent pas \u00eatre port\u00e9s avec les uniformes actuels. En proc\u00e9dant \u00e0 l\u2019achat d\u2019un tel insigne, l\u2019acheteur s\u2019engage \u00e0 respecter cette disposition. S\u2019il s\u2019av\u00e8re qu\u2019un acheteur c\u00e8de les insignes acquis dans un cadre commercial, il peut \u00eatre ray\u00e9 de la liste des b\u00e9n\u00e9ficiaires.<\/span><\/p>\n<p><span lang=\"FR-CH\">La VSAM exploite une maison d\u2019\u00e9dition qui permet la <strong>publication d\u2019ouvrages traitant de sujets d\u2019histoire militaire et de technique militaire<\/strong>. En outre, les livres d\u2019autres maisons d\u2019\u00e9dition relatifs \u00e0 ces th\u00e8mes sont repris dans le programme de vente.<\/span><\/p>\n<p><span lang=\"FR-CH\">La VSAM exploite par ailleurs une <strong>librairie d\u2019occasion<\/strong>, o\u00f9 les livres et r\u00e8glements deuxi\u00e8me main sont propos\u00e9s \u00e0 la vente.<\/span><\/p>\n<p>[\/et_pb_text][\/et_pb_column][\/et_pb_row][et_pb_row admin_label=\u00a0\u00bbZeile\u00a0\u00bb][et_pb_column type=\u00a0\u00bb1_2&Prime;][et_pb_blurb admin_label=\u00a0\u00bbInformationstext\u00a0\u00bb url_new_window=\u00a0\u00bboff\u00a0\u00bb use_icon=\u00a0\u00bboff\u00a0\u00bb icon_color=\u00a0\u00bb#7EBEC5&Prime; use_circle=\u00a0\u00bboff\u00a0\u00bb circle_color=\u00a0\u00bb#7EBEC5&Prime; use_circle_border=\u00a0\u00bboff\u00a0\u00bb circle_border_color=\u00a0\u00bb#7EBEC5&Prime; image=\u00a0\u00bbhttps:\/\/armeemuseum.ch\/wp-content\/uploads\/2015\/03\/20170418_153325.jpg\u00a0\u00bb icon_placement=\u00a0\u00bbtop\u00a0\u00bb animation=\u00a0\u00bbtop\u00a0\u00bb background_layout=\u00a0\u00bblight\u00a0\u00bb text_orientation=\u00a0\u00bbleft\u00a0\u00bb use_icon_font_size=\u00a0\u00bboff\u00a0\u00bb use_border_color=\u00a0\u00bboff\u00a0\u00bb border_color=\u00a0\u00bb#ffffff\u00a0\u00bb border_style=\u00a0\u00bbsolid\u00a0\u00bb]<\/p>\n<p>Les locaux du shop de la VSAM se trouvent dans la cour int\u00e9rieure de l\u2019ancienne r\u00e9gie des chevaux \u00e0 Thoune.<\/p>\n<p style=\"text-align: left;\">\u00a0<\/p>\n<p>[\/et_pb_blurb][\/et_pb_column][et_pb_column type=\u00a0\u00bb1_2&Prime;][et_pb_text admin_label=\u00a0\u00bbText\u00a0\u00bb background_layout=\u00a0\u00bblight\u00a0\u00bb text_orientation=\u00a0\u00bbleft\u00a0\u00bb use_border_color=\u00a0\u00bboff\u00a0\u00bb border_color=\u00a0\u00bb#ffffff\u00a0\u00bb border_style=\u00a0\u00bbsolid\u00a0\u00bb]<\/p>\n<h3>\u00a0<\/h3>\n<h3><strong>Verkaufsarten<\/strong><\/h3>\n<p>Der Verkauf von Objekten aus dem Sortiment des Shops des VSAM erfolgt:<\/p>\n<ul>\n<li>\u00fcber die vorliegende Internet-Plattform (Online-Shop, Zugang linke Spalte unter Produktsuche oder Produktkategorien),<\/li>\n<li>in Ausnahmef\u00e4llen mit einer schriftlichen Bestellungen. Der umfangreiche Katalog der lieferbaren Artikel kann hier heruntergeladen werden. Wegen seines Umfangs von gegen 400 Seiten wird empfohlen, nur einzelne Seiten auszudrucken. [pdfcatalog]Download[\/pdfcatalog],<\/li>\n<li>an Anl\u00e4ssen des VSAM oder an Anl\u00e4ssen, an denen sich der VSAM beteiligt,<\/li>\n<li>\u00fcber Direktverk\u00e4ufe im Shop, jedoch nur in Ausnahmef\u00e4llen nach vorheriger Vereinbarung.<\/li>\n<\/ul>\n<p style=\"text-align: left;\">\n<p>[\/et_pb_text][\/et_pb_column][\/et_pb_row][et_pb_row admin_label=\u00a0\u00bbZeile\u00a0\u00bb][et_pb_column type=\u00a0\u00bb4_4&Prime;][et_pb_text admin_label=\u00a0\u00bbText\u00a0\u00bb background_layout=\u00a0\u00bblight\u00a0\u00bb text_orientation=\u00a0\u00bbleft\u00a0\u00bb use_border_color=\u00a0\u00bboff\u00a0\u00bb border_color=\u00a0\u00bb#ffffff\u00a0\u00bb border_style=\u00a0\u00bbsolid\u00a0\u00bb]<\/p>\n<p><strong>Les membres de la VSAM b\u00e9n\u00e9ficient d\u2019un rabais de 10\u00a0% sur les ventes d\u2019insignes et de r\u00e8glements.<\/strong><\/p>\n<p>&nbsp;<\/p>\n<p style=\"text-align: left;\">\u00a0<\/p>\n<p>[\/et_pb_text][et_pb_text admin_label=\u00a0\u00bbText\u00a0\u00bb background_layout=\u00a0\u00bblight\u00a0\u00bb text_orientation=\u00a0\u00bbleft\u00a0\u00bb use_border_color=\u00a0\u00bboff\u00a0\u00bb border_color=\u00a0\u00bb#ffffff\u00a0\u00bb border_style=\u00a0\u00bbsolid\u00a0\u00bb]<\/p>\n<h4 style=\"margin-bottom: 6.0pt;\"><strong><span lang=\"FR-CH\">Organisation des ventes<\/span><\/strong><\/h4>\n<h4 style=\"margin: 0cm; margin-bottom: .0001pt;\"><strong><span lang=\"FR-CH\">Le shop est plac\u00e9 sous la direction de Madame Florence Balmer.<\/span><\/strong><\/h4>\n<p style=\"text-align: left;\">\u00a0<\/p>\n<p>[\/et_pb_text][et_pb_team_member admin_label=\u00a0\u00bbPerson\u00a0\u00bb name=\u00a0\u00bbFlorence Balmer\u00a0\u00bb image_url=\u00a0\u00bbhttps:\/\/armeemuseum.ch\/wp-content\/uploads\/2015\/03\/Balmer_Florence_002-bearb.jpg\u00a0\u00bb animation=\u00a0\u00bboff\u00a0\u00bb background_layout=\u00a0\u00bblight\u00a0\u00bb use_border_color=\u00a0\u00bboff\u00a0\u00bb border_color=\u00a0\u00bb#ffffff\u00a0\u00bb border_style=\u00a0\u00bbsolid\u00a0\u00bb position=\u00a0\u00bbflorence.balmer@armeemuseum.ch\u00a0\u00bb \/][et_pb_text admin_label=\u00a0\u00bbText\u00a0\u00bb background_layout=\u00a0\u00bblight\u00a0\u00bb text_orientation=\u00a0\u00bbleft\u00a0\u00bb use_border_color=\u00a0\u00bboff\u00a0\u00bb border_color=\u00a0\u00bb#ffffff\u00a0\u00bb border_style=\u00a0\u00bbsolid\u00a0\u00bb]<\/p>\n<h4>\u00a0<\/h4>\n<h4><strong>Les membres suivants du comit\u00e9 VSAM sont responsables du shop et de son exploitation\u00a0:<\/strong><\/h4>\n<p style=\"text-align: left;\">\u00a0<\/p>\n<p>[\/et_pb_text][\/et_pb_column][\/et_pb_row][et_pb_row admin_label=\u00a0\u00bbZeile\u00a0\u00bb][et_pb_column type=\u00a0\u00bb1_4&Prime;][et_pb_team_member admin_label=\u00a0\u00bbPerson\u00a0\u00bb name=\u00a0\u00bbHenri Habegger\u00a0\u00bb position=\u00a0\u00bbhenri.habegger@armeemuseum.ch\u00a0\u00bb image_url=\u00a0\u00bbhttps:\/\/armeemuseum.ch\/wp-content\/uploads\/2015\/03\/Henri-Habegger-neu.jpg\u00a0\u00bb animation=\u00a0\u00bboff\u00a0\u00bb background_layout=\u00a0\u00bblight\u00a0\u00bb use_border_color=\u00a0\u00bboff\u00a0\u00bb border_color=\u00a0\u00bb#ffffff\u00a0\u00bb border_style=\u00a0\u00bbsolid\u00a0\u00bb]<\/p>\n<p><strong>Pour tout ce qui concerne les int\u00e9r\u00eats du shop.<\/strong><\/p>\n<p style=\"text-align: left;\">\u00a0<\/p>\n<p>[\/et_pb_team_member][\/et_pb_column][et_pb_column type=\u00a0\u00bb1_4&Prime;][\/et_pb_column][et_pb_column type=\u00a0\u00bb1_4&Prime;][et_pb_team_member admin_label=\u00a0\u00bbPerson\u00a0\u00bb name=\u00a0\u00bbAdrian Muther\u00a0\u00bb position=\u00a0\u00bbadrian.muther@armeemuseum.ch\u00a0\u00bb image_url=\u00a0\u00bbhttps:\/\/armeemuseum.ch\/wp-content\/uploads\/2015\/03\/Muther_Adrian_002-bearb.jpg\u00a0\u00bb animation=\u00a0\u00bboff\u00a0\u00bb background_layout=\u00a0\u00bblight\u00a0\u00bb use_border_color=\u00a0\u00bboff\u00a0\u00bb border_color=\u00a0\u00bb#ffffff\u00a0\u00bb border_style=\u00a0\u00bbsolid\u00a0\u00bb]<\/p>\n<p>\u00a0<strong>Adjoint<\/strong><\/p>\n<p style=\"text-align: left;\">\u00a0<\/p>\n<p style=\"text-align: left;\">\u00a0<\/p>\n<p>[\/et_pb_team_member][\/et_pb_column][et_pb_column type=\u00a0\u00bb1_4&Prime;][\/et_pb_column][\/et_pb_row][et_pb_row admin_label=\u00a0\u00bbZeile\u00a0\u00bb][et_pb_column type=\u00a0\u00bb4_4&Prime;][et_pb_text admin_label=\u00a0\u00bbText\u00a0\u00bb background_layout=\u00a0\u00bblight\u00a0\u00bb text_orientation=\u00a0\u00bbleft\u00a0\u00bb use_border_color=\u00a0\u00bboff\u00a0\u00bb border_color=\u00a0\u00bb#ffffff\u00a0\u00bb border_style=\u00a0\u00bbsolid\u00a0\u00bb]<\/p>\n<h3><strong>Contact<\/strong><\/h3>\n<p>Adresse postale\u00a0:\u00a0\u00a0\u00a0\u00a0\u00a0\u00a0\u00a0 Association du mus\u00e9e suisse de l\u2019arm\u00e9e, 3600\u00a0Thoune<\/p>\n<p>E-mail pour les commandes\u00a0: <a href=\"mailto:shop@armeemuseum.ch\">shop@armeemuseum.ch <\/a><\/p>\n<p>T\u00e9l. shop\u00a0:\u00a0\u00a0\u00a0\u00a0\u00a0\u00a0 079 475 85 32 (si pas accessible\u00a0: 079 415 11 67)<\/p>\n<p>[\/et_pb_text][et_pb_text admin_label=\u00a0\u00bbText\u00a0\u00bb background_layout=\u00a0\u00bblight\u00a0\u00bb text_orientation=\u00a0\u00bbleft\u00a0\u00bb use_border_color=\u00a0\u00bboff\u00a0\u00bb border_color=\u00a0\u00bb#ffffff\u00a0\u00bb border_style=\u00a0\u00bbsolid\u00a0\u00bb]<\/p>\n<h3><strong>Conditions de livraison<\/strong><\/h3>\n<p>La livraison des objets command\u00e9s est soumise aux r\u00e9glementations suivantes\u00a0:<\/p>\n<ul>\n<li>Tous les prix s\u2019entendent <strong>par pi\u00e8ce<\/strong> d\u2019article. Dans le cas de marchandises au m\u00e8tre, ils s\u2019entendent <strong>au m\u00e8tre<\/strong>.<\/li>\n<\/ul>\n<ul>\n<li>Les commandes ne peuvent \u00eatre ex\u00e9cut\u00e9es que si les objets correspondants sont encore de stock. Il n\u2019y a pas de droit \u00e0 la livraison.<\/li>\n<li>Pour des raisons de stocks, les livraisons peuvent \u00eatre diminu\u00e9es.<\/li>\n<li>Si les m\u00eames insignes ont d\u00e9j\u00e0 \u00e9t\u00e9 achet\u00e9s une fois par le client, la commande peut \u00eatre annul\u00e9e ou diminu\u00e9e.<\/li>\n<li>G\u00e9n\u00e9ralement, la livraison se fait sous deux semaines en Suisse.<\/li>\n<li>Pour les livraisons \u00e0 l\u2019\u00e9tranger, les d\u00e9lais d\u00e9pendent du mode d\u2019exp\u00e9dition convenu.<\/li>\n<\/ul>\n<p>Les frais d\u2019emballage et d\u2019exp\u00e9dition d\u00e9pendent de la commande (poids, taille, type de livraison souhait\u00e9) et sont port\u00e9s en compte s\u00e9par\u00e9ment sur la facture.<\/p>\n<p>.<\/p>\n<p>[\/et_pb_text][et_pb_text admin_label=\u00a0\u00bbText\u00a0\u00bb background_layout=\u00a0\u00bblight\u00a0\u00bb text_orientation=\u00a0\u00bbleft\u00a0\u00bb use_border_color=\u00a0\u00bboff\u00a0\u00bb border_color=\u00a0\u00bb#ffffff\u00a0\u00bb border_style=\u00a0\u00bbsolid\u00a0\u00bb]<\/p>\n<h3><strong>Paiement<\/strong><\/h3>\n<p>Pour le paiement du montant de la commande, les r\u00e8gles suivantes s\u2019appliquent\u00a0:<\/p>\n<ul>\n<li>Livraison en Suisse g\u00e9n\u00e9ralement avec facture et bulletin de versement.<br \/>\nUn paiement \u00e0 l\u2019avance peut \u00eatre demand\u00e9 pour des raisons valables.<\/li>\n<li>Les livraisons \u00e0 l\u2019\u00e9tranger se font g\u00e9n\u00e9ralement moyennant un paiement \u00e0 l\u2019avance par SEPA ou, si cela a \u00e9t\u00e9 convenu, par PayPal.<\/li>\n<\/ul>\n<p>[\/et_pb_text][et_pb_text admin_label=\u00a0\u00bbText\u00a0\u00bb background_layout=\u00a0\u00bblight\u00a0\u00bb text_orientation=\u00a0\u00bbleft\u00a0\u00bb use_border_color=\u00a0\u00bboff\u00a0\u00bb border_color=\u00a0\u00bb#ffffff\u00a0\u00bb border_style=\u00a0\u00bbsolid\u00a0\u00bb]<\/p>\n<h4><strong>Kosten f\u00fcr Porto und Versand innerhalb der Schweiz in Schweizer Franken<\/strong><\/h4>\n<p>Brief C5, A-Post\u00a0\u00a0\u00a0\u00a0\u00a0\u00a0\u00a0\u00a0\u00a0\u00a0\u00a0\u00a0\u00a0\u00a0\u00a0\u00a0\u00a0\u00a0\u00a0\u00a0\u00a0\u00a0\u00a0\u00a0\u00a0\u00a0\u00a0 4.\u2013<\/p>\n<p>Grossbrief bis 1 kg, A-Post\u00a0\u00a0\u00a0\u00a0\u00a0\u00a0\u00a0\u00a0\u00a0 8.\u2013<\/p>\n<p>Paket bis bis 2 kg, Economy\u00a0\u00a0\u00a0\u00a0\u00a0\u00a0 12.-\u00a0\u00a0\u00a0\u00a0\u00a0\u00a0 Zuschlag f\u00fcr Priority: 2.50<\/p>\n<p>Paket &gt;2 bis 10 kg,Economy\u00a0\u00a0\u00a0\u00a0\u00a0 15.\u2013\u00a0\u00a0\u00a0\u00a0\u00a0 Zuschlag f\u00fcr Priority: 2.50<\/p>\n<p>Milit\u00e4rsendung bis 5 kg\u00a0\u00a0\u00a0\u00a0\u00a0\u00a0\u00a0\u00a0\u00a0\u00a0\u00a0\u00a0\u00a0\u00a0 7.\u2013\u00a0\u00a0\u00a0\u00a0\u00a0\u00a0\u00a0\u00a0 Schwerere Sendungen Aufteilung in Pakete &lt; 5 kg<\/p>\n<p style=\"text-align: left;\">\u00a0<\/p>\n<p style=\"text-align: left;\">\u00a0<\/p>\n<p>[\/et_pb_text][\/et_pb_column][\/et_pb_row][\/et_pb_section]<\/p>\n","protected":false},"excerpt":{"rendered":"<p>Shop de l\u2019Association du mus\u00e9e suisse de l\u2019arm\u00e9e (VSAM) Shop de l\u2019Association du mus\u00e9e suisse de l\u2019arm\u00e9e (VSAM) En vue d\u2019atteindre ses objectifs associatifs et de fournir un service \u00e0 ses membres ainsi qu\u2019aux autres personnes et organisations int\u00e9ress\u00e9es, l\u2019Association du mus\u00e9e suisse de l\u2019arm\u00e9e (VSAM) exploite un shop consacr\u00e9 \u00e0 la vente d\u2019insignes et [&hellip;]<\/p>\n","protected":false},"author":2,"featured_media":0,"parent":0,"menu_order":0,"comment_status":"closed","ping_status":"open","template":"","meta":{"_et_pb_use_builder":"on","_et_pb_old_content":"","_et_gb_content_width":"","footnotes":""},"class_list":["post-23867","page","type-page","status-publish","hentry"],"_links":{"self":[{"href":"https:\/\/armeemuseum.ch\/fr\/wp-json\/wp\/v2\/pages\/23867","targetHints":{"allow":["GET"]}}],"collection":[{"href":"https:\/\/armeemuseum.ch\/fr\/wp-json\/wp\/v2\/pages"}],"about":[{"href":"https:\/\/armeemuseum.ch\/fr\/wp-json\/wp\/v2\/types\/page"}],"author":[{"embeddable":true,"href":"https:\/\/armeemuseum.ch\/fr\/wp-json\/wp\/v2\/users\/2"}],"replies":[{"embeddable":true,"href":"https:\/\/armeemuseum.ch\/fr\/wp-json\/wp\/v2\/comments?post=23867"}],"version-history":[{"count":28,"href":"https:\/\/armeemuseum.ch\/fr\/wp-json\/wp\/v2\/pages\/23867\/revisions"}],"predecessor-version":[{"id":34374,"href":"https:\/\/armeemuseum.ch\/fr\/wp-json\/wp\/v2\/pages\/23867\/revisions\/34374"}],"wp:attachment":[{"href":"https:\/\/armeemuseum.ch\/fr\/wp-json\/wp\/v2\/media?parent=23867"}],"curies":[{"name":"wp","href":"https:\/\/api.w.org\/{rel}","templated":true}]}}