{"id":23761,"date":"2017-11-11T10:57:13","date_gmt":"2017-11-11T09:57:13","guid":{"rendered":"https:\/\/www.armeemuseum.ch\/conferences\/"},"modified":"2022-03-15T17:38:59","modified_gmt":"2022-03-15T16:38:59","slug":"conferences","status":"publish","type":"page","link":"https:\/\/armeemuseum.ch\/fr\/conferences\/","title":{"rendered":"Conf\u00e9rences de la VSAM"},"content":{"rendered":"<p>[et_pb_section bb_built=\u00a0\u00bb1&Prime; admin_label=\u00a0\u00bbsection\u00a0\u00bb][et_pb_row admin_label=\u00a0\u00bbrow\u00a0\u00bb][et_pb_column type=\u00a0\u00bb2_3&Prime;][et_pb_text admin_label=\u00a0\u00bbText\u00a0\u00bb background_layout=\u00a0\u00bblight\u00a0\u00bb text_orientation=\u00a0\u00bbleft\u00a0\u00bb]<\/p>\n<h1><strong>Conf\u00e9rences de la VSAM<\/strong><\/h1>\n<p>&nbsp;<\/p>\n<p>[\/et_pb_text][\/et_pb_column][et_pb_column type=\u00a0\u00bb1_3&Prime;][et_pb_image admin_label=\u00a0\u00bbBild\u00a0\u00bb src=\u00a0\u00bbhttps:\/\/armeemuseum.ch\/wp-content\/uploads\/2015\/05\/Logo-VSAM-komprimiert.jpg\u00a0\u00bb show_in_lightbox=\u00a0\u00bboff\u00a0\u00bb url_new_window=\u00a0\u00bboff\u00a0\u00bb animation=\u00a0\u00bbleft\u00a0\u00bb sticky=\u00a0\u00bboff\u00a0\u00bb \/][\/et_pb_column][\/et_pb_row][et_pb_row admin_label=\u00a0\u00bbrow\u00a0\u00bb][et_pb_column type=\u00a0\u00bb4_4&Prime;][et_pb_text admin_label=\u00a0\u00bbText\u00a0\u00bb background_layout=\u00a0\u00bblight\u00a0\u00bb text_orientation=\u00a0\u00bbleft\u00a0\u00bb use_border_color=\u00a0\u00bboff\u00a0\u00bb border_color=\u00a0\u00bb#ffffff\u00a0\u00bb border_style=\u00a0\u00bbsolid\u00a0\u00bb]<\/p>\n<p>&nbsp;<\/p>\n<p>L\u2019Association du mus\u00e9e suisse de l\u2019arm\u00e9e organise r\u00e9guli\u00e8rement des conf\u00e9rences sur des sujets touchant \u00e0 l\u2019histoire militaire.<\/p>\n<p>Des comptes rendus succincts sont r\u00e9guli\u00e8rement publi\u00e9s sur la page News.<\/p>\n<p>Les associations et organisations int\u00e9ress\u00e9es par la reprise d\u2019une de ces conf\u00e9rences peuvent prendre contact avec le conf\u00e9rencier souhait\u00e9 via la VSAM (henri.habegger@armeemuseum.ch).<\/p>\n<p><strong>T\u00e9l\u00e9chargement des programmes de conf\u00e9rences\u00a0:<\/strong><\/p>\n<ul>\n<li><a href=\"https:\/\/armeemuseum.ch\/wp-content\/uploads\/2021\/10\/Vortragsreihe-2022.pdf\" target=\"_blank\" rel=\"noopener\">Vortr\u00e4ge 2022<\/a><\/li>\n<li>2021:<span style=\"color: #ff0000;\"> Aufgrund der Pandemie finden zurzeit keine Vortr\u00e4ge statt.<\/span><\/li>\n<li><a href=\"https:\/\/armeemuseum.ch\/wp-content\/uploads\/2019\/11\/Vortr\u00e4ge-2020.pdf\" target=\"_blank\" rel=\"noopener\">Vortr\u00e4ge 2020<\/a><\/li>\n<li><a href=\"https:\/\/armeemuseum.ch\/wp-content\/uploads\/2018\/11\/Vortr\u00e4ge-2019.pdf\" target=\"_blank\" rel=\"noopener\">Vortr\u00e4ge 2019<\/a><\/li>\n<li><a href=\"https:\/\/armeemuseum.ch\/wp-content\/uploads\/2017\/11\/2018-FlyerVortrag-neu.pdf\" target=\"_blank\" rel=\"noopener\">Vortr\u00e4ge 2018<\/a><\/li>\n<li><a href=\"https:\/\/armeemuseum.ch\/wp-content\/uploads\/2015\/05\/Vortr\u00e4ge-2017.pdf\" target=\"_blank\" rel=\"noopener\">Vortr\u00e4ge 2017<\/a><\/li>\n<li><a href=\"https:\/\/armeemuseum.ch\/wp-content\/uploads\/2016\/05\/Vortr\u00e4ge-2016.pdf\" target=\"_blank\" rel=\"noopener\">Vortr\u00e4ge 2016<\/a><\/li>\n<li><a href=\"https:\/\/armeemuseum.ch\/wp-content\/uploads\/2015\/05\/Vortr\u00e4ge-20151.pdf\" target=\"_blank\" rel=\"noopener\">Vortr\u00e4ge 2015<\/a><\/li>\n<li><a href=\"https:\/\/armeemuseum.ch\/wp-content\/uploads\/2015\/05\/Vortr\u00e4ge-2014.pdf\">Vortr\u00e4ge 2014<\/a><\/li>\n<li><a href=\"https:\/\/armeemuseum.ch\/wp-content\/uploads\/2015\/05\/Vortr\u00e4ge-2013.pdf\" target=\"_blank\" rel=\"noopener\">Vortr\u00e4ge 2013<\/a><\/li>\n<li><a href=\"https:\/\/armeemuseum.ch\/wp-content\/uploads\/2015\/05\/Vortr\u00e4ge-2012.pdf\" target=\"_blank\" rel=\"noopener\">Vortr\u00e4ge 2012<\/a><\/li>\n<li><a href=\"https:\/\/armeemuseum.ch\/wp-content\/uploads\/2015\/05\/Vortr\u00e4ge-2011.pdf\" target=\"_blank\" rel=\"noopener\">Vortr\u00e4ge 2011<\/a><\/li>\n<li><a href=\"https:\/\/armeemuseum.ch\/wp-content\/uploads\/2015\/05\/Vortr\u00e4ge-2010.pdf\" target=\"_blank\" rel=\"noopener\">Vortr\u00e4ge 2010<\/a><\/li>\n<\/ul>\n<p>&nbsp;<\/p>\n<p>&nbsp;<\/p>\n<p>[\/et_pb_text][\/et_pb_column][\/et_pb_row][\/et_pb_section]<\/p>\n","protected":false},"excerpt":{"rendered":"<p>Conf\u00e9rences de la VSAM &nbsp;&nbsp; L\u2019Association du mus\u00e9e suisse de l\u2019arm\u00e9e organise r\u00e9guli\u00e8rement des conf\u00e9rences sur des sujets touchant \u00e0 l\u2019histoire militaire. Des comptes rendus succincts sont r\u00e9guli\u00e8rement publi\u00e9s sur la page News. Les associations et organisations int\u00e9ress\u00e9es par la reprise d\u2019une de ces conf\u00e9rences peuvent prendre contact avec le conf\u00e9rencier souhait\u00e9 via la VSAM [&hellip;]<\/p>\n","protected":false},"author":2,"featured_media":0,"parent":0,"menu_order":0,"comment_status":"closed","ping_status":"open","template":"","meta":{"_et_pb_use_builder":"on","_et_pb_old_content":"<h1>Referate<\/h1><p class=\"bodytext\">\u00a0Der Verein Schweizer Armeemuseum veranstaltet regelm\u00e4ssig Referate zu milit\u00e4rhistorischen Themen.<\/p><p class=\"bodytext\">\u00a0Auf der Seite News werden laufend illustrierte Kurzberichte \u00fcber stattgefundene Rerate publiziert.<\/p><p class=\"bodytext\">\u00a0Vereine und Organisationen, die sich f\u00fcr die \u00dcbernahme eines dieser Referate interessieren, k\u00f6nnen via VSAM (<a class=\"mail\" title=\"Opens window for sending email\" href=\"mailto:henri.habegger@armeemuseum.ch\">henri.habegger@armeemuseum.ch<\/a>) in Kontakt mit dem gew\u00fcnschten Referenten treten.<\/p>","_et_gb_content_width":"","footnotes":""},"class_list":["post-23761","page","type-page","status-publish","hentry"],"_links":{"self":[{"href":"https:\/\/armeemuseum.ch\/fr\/wp-json\/wp\/v2\/pages\/23761","targetHints":{"allow":["GET"]}}],"collection":[{"href":"https:\/\/armeemuseum.ch\/fr\/wp-json\/wp\/v2\/pages"}],"about":[{"href":"https:\/\/armeemuseum.ch\/fr\/wp-json\/wp\/v2\/types\/page"}],"author":[{"embeddable":true,"href":"https:\/\/armeemuseum.ch\/fr\/wp-json\/wp\/v2\/users\/2"}],"replies":[{"embeddable":true,"href":"https:\/\/armeemuseum.ch\/fr\/wp-json\/wp\/v2\/comments?post=23761"}],"version-history":[{"count":17,"href":"https:\/\/armeemuseum.ch\/fr\/wp-json\/wp\/v2\/pages\/23761\/revisions"}],"predecessor-version":[{"id":43963,"href":"https:\/\/armeemuseum.ch\/fr\/wp-json\/wp\/v2\/pages\/23761\/revisions\/43963"}],"wp:attachment":[{"href":"https:\/\/armeemuseum.ch\/fr\/wp-json\/wp\/v2\/media?parent=23761"}],"curies":[{"name":"wp","href":"https:\/\/api.w.org\/{rel}","templated":true}]}}