{"id":23733,"date":"2017-11-10T23:07:51","date_gmt":"2017-11-10T22:07:51","guid":{"rendered":"https:\/\/www.armeemuseum.ch\/vision-armeemuseum\/"},"modified":"2020-01-27T19:54:54","modified_gmt":"2020-01-27T18:54:54","slug":"vision-armeemuseum","status":"publish","type":"page","link":"https:\/\/armeemuseum.ch\/fr\/la-vsam\/vision-armeemuseum\/","title":{"rendered":"Vision du mus\u00e9e de l\u2019arm\u00e9e"},"content":{"rendered":"<p>[et_pb_section bb_built=\u00a0\u00bb1&Prime; admin_label=\u00a0\u00bbsection\u00a0\u00bb][et_pb_row admin_label=\u00a0\u00bbrow\u00a0\u00bb][et_pb_column type=\u00a0\u00bb2_3&Prime;][et_pb_text admin_label=\u00a0\u00bbText\u00a0\u00bb background_layout=\u00a0\u00bblight\u00a0\u00bb text_orientation=\u00a0\u00bbleft\u00a0\u00bb]<\/p>\n<h1 class=\"csc-firstHeader\"><strong>Histoire et but d&rsquo;un Mus\u00e9e suisse de l&rsquo;arm\u00e9e<\/strong><\/h1>\n<h1><strong>\u00a0<\/strong><\/h1>\n<p>&nbsp;<\/p>\n<p>[\/et_pb_text][\/et_pb_column][et_pb_column type=\u00a0\u00bb1_3&Prime;][et_pb_image admin_label=\u00a0\u00bbBild\u00a0\u00bb src=\u00a0\u00bbhttps:\/\/armeemuseum.ch\/wp-content\/uploads\/2015\/05\/Logo-VSAM-komprimiert.jpg\u00a0\u00bb show_in_lightbox=\u00a0\u00bboff\u00a0\u00bb url_new_window=\u00a0\u00bboff\u00a0\u00bb animation=\u00a0\u00bbleft\u00a0\u00bb sticky=\u00a0\u00bboff\u00a0\u00bb \/][\/et_pb_column][\/et_pb_row][et_pb_row admin_label=\u00a0\u00bbrow\u00a0\u00bb][et_pb_column type=\u00a0\u00bb4_4&Prime;][et_pb_image admin_label=\u00a0\u00bbBild\u00a0\u00bb src=\u00a0\u00bbhttps:\/\/armeemuseum.ch\/wp-content\/uploads\/2015\/05\/Signal.jpg\u00a0\u00bb show_in_lightbox=\u00a0\u00bboff\u00a0\u00bb url_new_window=\u00a0\u00bboff\u00a0\u00bb animation=\u00a0\u00bbleft\u00a0\u00bb sticky=\u00a0\u00bboff\u00a0\u00bb \/][et_pb_text admin_label=\u00a0\u00bbText\u00a0\u00bb background_layout=\u00a0\u00bblight\u00a0\u00bb text_orientation=\u00a0\u00bbleft\u00a0\u00bb use_border_color=\u00a0\u00bboff\u00a0\u00bb border_color=\u00a0\u00bb#ffffff\u00a0\u00bb border_style=\u00a0\u00bbsolid\u00a0\u00bb]<\/p>\n<div class=\"csc-textpic-text\">\u00a0<\/div>\n<p class=\"bodytext\">Contrairement \u00e0 la quasi-totalit\u00e9 des autres pays europ\u00e9ens, la Suisse ne dispose pas d\u2019un mus\u00e9e officiel de l\u2019arm\u00e9e. Cette situation est d&rsquo;autant plus \u00e9tonnante que notre arm\u00e9e a jou\u00e9 pendant des si\u00e8cles un r\u00f4le important, voire d\u00e9terminant, dans la vie de la Conf\u00e9d\u00e9ration suisse. La volont\u00e9 de d\u00e9fense de nos anc\u00eatres a absorb\u00e9 des efforts personnels et financiers \u00e9normes. Outre les documents et les t\u00e9moins que sont les constructions, on compte de nos jours plus de 100&rsquo;000 objets militaires ; parmi eux, des armes, des uniformes, des pi\u00e8ces d\u2019\u00e9quipement, des v\u00e9hicules, du mat\u00e9riel de transmission etc. Cet h\u00e9ritage mat\u00e9riel de l\u2019arm\u00e9e fait partie des biens culturels suisses qu\u2019il s\u2019agit de sauvegarder. Il en d\u00e9coule deux pr\u00e9occupations : d\u2019une part, l&rsquo;histoire des efforts de d\u00e9fense de notre peuple doit \u00eatre visualis\u00e9e \u00e0 l\u2019attention d\u2019un large public et pr\u00e9sent\u00e9e dans son contexte int\u00e9gral et, d\u2019autre part, l\u2019h\u00e9ritage mat\u00e9riel de l\u2019arm\u00e9e doit \u00eatre conserv\u00e9 et entretenu correctement.<\/p>\n<p class=\"bodytext\">Il convient \u00e9galement de mentionner que de nombreuses demandes de renseignements sont en tout temps adress\u00e9es au DDPS et \u00e0 la Vsam. Elles ont trait \u00e0 l\u2019histoire de notre arm\u00e9e et, en particulier, \u00e0 son \u00e9quipement. On ne peut y donner suite que si les connaissances y relatives sont acquises. Il s\u2019agit \u00e9galement d\u2019\u00eatre en mesure de donner suite \u00e0 de nombreuses demandes pour un appui informel et \/ ou mat\u00e9riel en vue d\u2019expositions et de pr\u00e9sentations. Et tout cela n\u2019est r\u00e9alisable que si les documents, tout comme le mat\u00e9riel, sont exploit\u00e9s et disponibles. Pour une arm\u00e9e, ce serait un bien m\u00e9diocre t\u00e9moignage que de ne plus \u00eatre en mesure de donner des renseignements sur l\u2019histoire de ses propres \u00e9quipements.<\/p>\n<p class=\"bodytext\">A l\u2019instar des organisations qui l\u2019ont pr\u00e9c\u00e9d\u00e9e, l\u2019Association du mus\u00e9e suisse de l\u2019arm\u00e9e ( Vsam ), s\u2019est &#8211; d\u00e8s sa fondation &#8211; fix\u00e9 pour but la constitution d\u2019un Mus\u00e9e suisse de l\u2019arm\u00e9e. Plusieurs tentatives ont \u00e9chou\u00e9 ( l\u2019historique en allemand peut \u00eatre\u00a0<a class=\"download\" title=\"Initiates file download\" href=\"https:\/\/armeemuseum.ch\/wp-content\/uploads\/2017\/11\/Vsam-Geschichte.pdf\" target=\"_blank\" rel=\"noopener\">t\u00e9l\u00e9charg\u00e9 ici comme fichier pdf<\/a>\u00a0). Aujourd\u2019hui, le comit\u00e9 est conscient qu\u2019un nouveau mus\u00e9e n\u2019est pas r\u00e9alisable dans le contexte actuel en raison de l\u2019absence d\u2019un appui politique et de moyens financiers d\u00e9ficients. Pour assurer malgr\u00e9 tout la mise en valeur et la conservation du mat\u00e9riel et pour permettre \u00e0 des personnes et des groupes d\u2019acc\u00e9der aux collections, il faut trouver de nouvelles solutions.<\/p>\n<p>[\/et_pb_text][\/et_pb_column][\/et_pb_row][\/et_pb_section]<\/p>\n","protected":false},"excerpt":{"rendered":"<p>Histoire et but d&rsquo;un Mus\u00e9e suisse de l&rsquo;arm\u00e9e \u00a0 &nbsp;\u00a0 Contrairement \u00e0 la quasi-totalit\u00e9 des autres pays europ\u00e9ens, la Suisse ne dispose pas d\u2019un mus\u00e9e officiel de l\u2019arm\u00e9e. Cette situation est d&rsquo;autant plus \u00e9tonnante que notre arm\u00e9e a jou\u00e9 pendant des si\u00e8cles un r\u00f4le important, voire d\u00e9terminant, dans la vie de la Conf\u00e9d\u00e9ration suisse. La [&hellip;]<\/p>\n","protected":false},"author":2,"featured_media":0,"parent":24886,"menu_order":0,"comment_status":"closed","ping_status":"closed","template":"","meta":{"_et_pb_use_builder":"on","_et_pb_old_content":"<div class=\"csc-header csc-header-n1\"><h1 class=\"csc-firstHeader\">Geschichte und Idee<\/h1><\/div><div class=\"csc-textpic-text\"><p class=\"bodytext\">Die Schweiz hat \u2013 im Unterschied zu praktisch allen anderen europ\u00e4ischen L\u00e4ndern \u2013 kein offizielles Armeemuseum. Das ist umso erstaunlicher, als doch unsere Armee im Leben der Schweizerischen Eidgenossenschaft w\u00e4hrend Jahrhunderten eine bedeutende, ja zuweilen entscheidende, Rolle gespielt hat. Der Wehrwille unserer Vorfahren hat enorme personelle und finanzielle Aufw\u00e4ndungen absorbiert. Heute sind nebst baulichen Zeugen und Dokumenten weit \u00fcber 100'000 milit\u00e4rische Objekte vorhanden, unter anderem Waffen, Uniformen, Ausr\u00fcstungsgegenst\u00e4nde, Fahrzeuge, \u00dcbermittlungsmaterial etc. Diese materielle Hinterlassenschaft der Armee geh\u00f6rt zum erhaltenswerten Kulturgut der Schweiz. Daraus ergibt sich ein doppeltes Anliegen: Die Geschichte der Wehranstrengungen unseres Volkes muss einem breiten Publikum anschaulich und in all seinen Zusammenh\u00e4ngen dargestellt und die materielle Hinterlassenschaft unserer Armee muss fachgerecht erhalten und gepflegt werden.<\/p><p class=\"bodytext\">Viele Leute haben Fragen zur Geschichte unserer Armee und ihrer Ausr\u00fcstung . Diese Fragen k\u00f6nne nur fundiert beantwortet werden,\u00a0 wenn die entsprechenden Dokumente ausgewertet vorliegen und Material vorhanden ist.<\/p><p class=\"bodytext\">Der Verein Schweizer Armeemuseum (VSAM) hat sich - wie schon seine Vorg\u00e4ngerorganisationen - die Errichtung eines Schweizer Armeemuseums zum Ziel gesetzt. Mehrere erfolglose Realisierungsversuche liegen hinter uns. Heute ist dem Vorstand VSAM klar, dass im heutigen Umfeld ein solches Museum wegen der fehlenden politischen Unterst\u00fctzung und den zurzeit nicht aufbringbaren Mitteln nicht realisierbar ist. Er hat sich deshalb in den letzten Jahren auf die Sicherstellung des materiellen Erbes der Armee konzentriert. Der VSAM hat sich deshalb erfolgreich in den letzten Jahren f\u00fcr die Neuordnung des historischen Armeematerials eingesetzt und die Stiftung HAM gegr\u00fcndet.<\/p><p class=\"bodytext\"><a href=\"http:\/\/test.armeemuseum.ch\/wp-content\/uploads\/2015\/05\/Geschichte_VSAM.pdf\">Geschichte_VSAM<\/a><\/p><\/div>","_et_gb_content_width":"","footnotes":""},"class_list":["post-23733","page","type-page","status-publish","hentry"],"_links":{"self":[{"href":"https:\/\/armeemuseum.ch\/fr\/wp-json\/wp\/v2\/pages\/23733","targetHints":{"allow":["GET"]}}],"collection":[{"href":"https:\/\/armeemuseum.ch\/fr\/wp-json\/wp\/v2\/pages"}],"about":[{"href":"https:\/\/armeemuseum.ch\/fr\/wp-json\/wp\/v2\/types\/page"}],"author":[{"embeddable":true,"href":"https:\/\/armeemuseum.ch\/fr\/wp-json\/wp\/v2\/users\/2"}],"replies":[{"embeddable":true,"href":"https:\/\/armeemuseum.ch\/fr\/wp-json\/wp\/v2\/comments?post=23733"}],"version-history":[{"count":20,"href":"https:\/\/armeemuseum.ch\/fr\/wp-json\/wp\/v2\/pages\/23733\/revisions"}],"predecessor-version":[{"id":35009,"href":"https:\/\/armeemuseum.ch\/fr\/wp-json\/wp\/v2\/pages\/23733\/revisions\/35009"}],"up":[{"embeddable":true,"href":"https:\/\/armeemuseum.ch\/fr\/wp-json\/wp\/v2\/pages\/24886"}],"wp:attachment":[{"href":"https:\/\/armeemuseum.ch\/fr\/wp-json\/wp\/v2\/media?parent=23733"}],"curies":[{"name":"wp","href":"https:\/\/api.w.org\/{rel}","templated":true}]}}