{"id":23721,"date":"2017-11-10T20:54:24","date_gmt":"2017-11-10T19:54:24","guid":{"rendered":"https:\/\/www.armeemuseum.ch\/collaboration-avec-la-fondation-ham\/"},"modified":"2019-12-13T11:40:11","modified_gmt":"2019-12-13T10:40:11","slug":"collaboration-avec-la-fondation-ham","status":"publish","type":"page","link":"https:\/\/armeemuseum.ch\/fr\/collaboration-avec-la-fondation-ham\/","title":{"rendered":"Collaboration avec la Fondation HAM"},"content":{"rendered":"<p>[et_pb_section][et_pb_row][et_pb_column type=\u00a0\u00bb2_3&Prime;][et_pb_text admin_label=\u00a0\u00bbText\u00a0\u00bb background_layout=\u00a0\u00bblight\u00a0\u00bb text_orientation=\u00a0\u00bbleft\u00a0\u00bb]<\/p>\n<h1 class=\"csc-firstHeader\"><strong>Collaboration avec la Fondation HAM<\/strong><\/h1>\n<h1><strong>\u00a0<\/strong><\/h1>\n<p>[\/et_pb_text][\/et_pb_column][et_pb_column type=\u00a0\u00bb1_3&Prime;][et_pb_image admin_label=\u00a0\u00bbBild\u00a0\u00bb src=\u00a0\u00bbhttps:\/\/armeemuseum.ch\/wp-content\/uploads\/2015\/05\/Logo-VSAM-komprimiert.jpg\u00a0\u00bb show_in_lightbox=\u00a0\u00bboff\u00a0\u00bb url_new_window=\u00a0\u00bboff\u00a0\u00bb animation=\u00a0\u00bbleft\u00a0\u00bb sticky=\u00a0\u00bboff\u00a0\u00bb \/][\/et_pb_column][\/et_pb_row][et_pb_row][et_pb_column type=\u00a0\u00bb4_4&Prime;][et_pb_text admin_label=\u00a0\u00bbText\u00a0\u00bb background_layout=\u00a0\u00bblight\u00a0\u00bb text_orientation=\u00a0\u00bbleft\u00a0\u00bb]<\/p>\n<div class=\"csc-textpic-text\">\n<p class=\"bodytext\">L&rsquo;Association du mus\u00e9e suisse de l&rsquo;arm\u00e9e et la Fondation collaborent \u00e9troitement.<\/p>\n<p class=\"bodytext\">Le comit\u00e9 de l&rsquo;Association est repr\u00e9sent\u00e9 au sein du Conseil de fondation. Le directeur de la Fondation est pr\u00e9sent lors des r\u00e9unions du comit\u00e9 et dispose d\u2019une voix consultative.<\/p>\n<p class=\"bodytext\">Chaque ann\u00e9e, l&rsquo;Association met \u00e0 disposition de la Fondation de nombreux collaborateurs volontaires disposant d&rsquo;un solide savoir-faire. La Fondation a besoin de ces auxiliaires. Sans leur contribution, elle ne serait pas \u00e0 m\u00eame d&rsquo;accomplir ses nombreuses t\u00e2ches. L&rsquo;Association dispose, parmi ses membres et par le biais des relations entretenues avec des organisations proches, de sp\u00e9cialistes hautement comp\u00e9tents dans des domaines sp\u00e9cifiques des collections.<\/p>\n<p class=\"bodytext\">Les t\u00e2ches de l&rsquo;Association comportent \u00e9galement la participation \u00e0 des expositions, l&rsquo;accompagnement des visiteurs, des publications et la vente de livres et d&rsquo;insignes.<\/p>\n<\/div>\n<p>[\/et_pb_text][\/et_pb_column][\/et_pb_row][et_pb_row][et_pb_column type=\u00a0\u00bb1_2&Prime;][et_pb_image admin_label=\u00a0\u00bbBild\u00a0\u00bb src=\u00a0\u00bbhttps:\/\/armeemuseum.ch\/wp-content\/uploads\/2015\/05\/DSCN6647.jpg\u00a0\u00bb show_in_lightbox=\u00a0\u00bboff\u00a0\u00bb url_new_window=\u00a0\u00bboff\u00a0\u00bb animation=\u00a0\u00bbleft\u00a0\u00bb sticky=\u00a0\u00bboff\u00a0\u00bb \/][\/et_pb_column][et_pb_column type=\u00a0\u00bb1_2&Prime;][et_pb_image admin_label=\u00a0\u00bbBild\u00a0\u00bb src=\u00a0\u00bbhttps:\/\/armeemuseum.ch\/wp-content\/uploads\/2015\/05\/DSCN6665a.jpg\u00a0\u00bb show_in_lightbox=\u00a0\u00bboff\u00a0\u00bb url_new_window=\u00a0\u00bboff\u00a0\u00bb animation=\u00a0\u00bbleft\u00a0\u00bb sticky=\u00a0\u00bboff\u00a0\u00bb \/][\/et_pb_column][\/et_pb_row][\/et_pb_section]<\/p>\n","protected":false},"excerpt":{"rendered":"<p><div class=\"et_pb_section et_pb_section_0 et_section_regular\" >\n\t\t\t\t\n\t\t\t\t\n\t\t\t\t\n\t\t\t\t\n\t\t\t\t\n\t\t\t\t\n\t\t\t\t\n\t\t\t\t\n\t\t\t\t\n\t\t\t<\/div><div class=\"et_pb_row et_pb_row_0 et_pb_row_empty\">\n\t\t\t\t\n\t\t\t\t\n\t\t\t\t\n\t\t\t\t\n\t\t\t\t\n\t\t\t<\/div> Collaboration avec la Fondation HAM \u00a0 <div class=\"et_pb_row et_pb_row_1 et_pb_row_empty\">\n\t\t\t\t\n\t\t\t\t\n\t\t\t\t\n\t\t\t\t\n\t\t\t\t\n\t\t\t<\/div> L&rsquo;Association du mus\u00e9e suisse de l&rsquo;arm\u00e9e et la Fondation collaborent \u00e9troitement. Le comit\u00e9 de l&rsquo;Association est repr\u00e9sent\u00e9 au sein du Conseil de fondation. Le directeur de la Fondation est pr\u00e9sent lors des r\u00e9unions du comit\u00e9 et dispose d\u2019une voix consultative. Chaque ann\u00e9e, l&rsquo;Association met \u00e0 disposition de [&hellip;]<\/p>\n","protected":false},"author":2,"featured_media":0,"parent":0,"menu_order":0,"comment_status":"closed","ping_status":"open","template":"","meta":{"_et_pb_use_builder":"on","_et_pb_old_content":"<div class=\"csc-header csc-header-n1\"><h1 class=\"csc-firstHeader\">Zusammenarbeit mit der Stiftung HAM<\/h1><\/div><div class=\"csc-textpic-text\">Der Verein stellt der Stiftung j\u00e4hrlich zahlreiche freiwillige Mitarbeiter mit ihrem fundierten Know-how zur Verf\u00fcgung. Die Stiftung ist auf diese Helfer angewiesen; ohne ihren Beitrag w\u00e4re eine umfassende Erf\u00fcllung der Aufgaben nicht m\u00f6glich. Der Verein verf\u00fcgt aus dem Kreis seiner Mitglieder und durch seine Beziehungen zu verwandten Organisationen \u00fcber Fachleute mit hoher Kompetenz in spezifischen Sammlungsgebieten.<p class=\"bodytext\">In den Aufgabenbereich des Vereins fallen auch Ausstellungen, Besuche, F\u00fchrungen, Publikationen sowie der Verkauf von B\u00fcchern und Abzeichen.<\/p><\/div>","_et_gb_content_width":"","footnotes":""},"class_list":["post-23721","page","type-page","status-publish","hentry"],"_links":{"self":[{"href":"https:\/\/armeemuseum.ch\/fr\/wp-json\/wp\/v2\/pages\/23721","targetHints":{"allow":["GET"]}}],"collection":[{"href":"https:\/\/armeemuseum.ch\/fr\/wp-json\/wp\/v2\/pages"}],"about":[{"href":"https:\/\/armeemuseum.ch\/fr\/wp-json\/wp\/v2\/types\/page"}],"author":[{"embeddable":true,"href":"https:\/\/armeemuseum.ch\/fr\/wp-json\/wp\/v2\/users\/2"}],"replies":[{"embeddable":true,"href":"https:\/\/armeemuseum.ch\/fr\/wp-json\/wp\/v2\/comments?post=23721"}],"version-history":[{"count":4,"href":"https:\/\/armeemuseum.ch\/fr\/wp-json\/wp\/v2\/pages\/23721\/revisions"}],"predecessor-version":[{"id":34431,"href":"https:\/\/armeemuseum.ch\/fr\/wp-json\/wp\/v2\/pages\/23721\/revisions\/34431"}],"wp:attachment":[{"href":"https:\/\/armeemuseum.ch\/fr\/wp-json\/wp\/v2\/media?parent=23721"}],"curies":[{"name":"wp","href":"https:\/\/api.w.org\/{rel}","templated":true}]}}