{"id":47913,"date":"2024-05-04T12:24:56","date_gmt":"2024-05-04T11:24:56","guid":{"rendered":"https:\/\/www.armeemuseum.ch\/?page_id=47913"},"modified":"2026-02-28T16:22:54","modified_gmt":"2026-02-28T15:22:54","slug":"truppenordnungen-1848-1994","status":"publish","type":"page","link":"https:\/\/armeemuseum.ch\/en\/wissensdatenbank-only-in-german\/truppenordnungen-1848-1994\/","title":{"rendered":"Truppenordnungen 1848-1994"},"content":{"rendered":"<p>[et_pb_section fb_built=&#8221;1&#8243; _builder_version=&#8221;4.24.3&#8243; _module_preset=&#8221;default&#8221; global_colors_info=&#8221;{}&#8221;][et_pb_row column_structure=&#8221;3_5,2_5&#8243; _builder_version=&#8221;4.24.3&#8243; _module_preset=&#8221;default&#8221; global_colors_info=&#8221;{}&#8221;][et_pb_column type=&#8221;3_5&#8243; _builder_version=&#8221;4.24.3&#8243; _module_preset=&#8221;default&#8221; global_colors_info=&#8221;{}&#8221;][et_pb_text _builder_version=&#8221;4.24.3&#8243; _module_preset=&#8221;default&#8221; global_colors_info=&#8221;{}&#8221;]<\/p>\n<h2><strong>Die Truppenordnungen der Schweizer Armee 1848 &#8211; 1994<\/strong><\/h2>\n<h4>Struktur, Ausr\u00fcstung, Einsatz<\/h4>\n<p>[\/et_pb_text][\/et_pb_column][et_pb_column type=&#8221;2_5&#8243; _builder_version=&#8221;4.24.3&#8243; _module_preset=&#8221;default&#8221; global_colors_info=&#8221;{}&#8221;][et_pb_image src=&#8221;https:\/\/armeemuseum.ch\/wp-content\/uploads\/2024\/02\/Logo-VSAM-komprimiert.jpg&#8221; title_text=&#8221;Einfaches CMYK&#8221; _builder_version=&#8221;4.24.3&#8243; _module_preset=&#8221;default&#8221; global_colors_info=&#8221;{}&#8221;][\/et_pb_image][\/et_pb_column][\/et_pb_row][\/et_pb_section][et_pb_section fb_built=&#8221;1&#8243; _builder_version=&#8221;4.24.3&#8243; _module_preset=&#8221;default&#8221; global_colors_info=&#8221;{}&#8221;][et_pb_row _builder_version=&#8221;4.24.3&#8243; _module_preset=&#8221;default&#8221; custom_padding=&#8221;39px|||||&#8221; global_colors_info=&#8221;{}&#8221;][et_pb_column type=&#8221;4_4&#8243; _builder_version=&#8221;4.24.3&#8243; _module_preset=&#8221;default&#8221; global_colors_info=&#8221;{}&#8221;][et_pb_text _builder_version=&#8221;4.27.2&#8243; _module_preset=&#8221;default&#8221; hover_enabled=&#8221;0&#8243; global_colors_info=&#8221;{}&#8221; sticky_enabled=&#8221;0&#8243;]<\/p>\n<p><strong>Vorwort des Pr\u00e4sidenten des Vereins Schweizer Armeemuseum<\/strong><\/p>\n<p>Auf Bitte des Vorstandes des Vereins Schweizer Armee hat sich sein ehemaliges Vorstandsmitglied Br aD J\u00fcrg Keller bereit erkl\u00e4rt, in komprimierter Form die Geschichte der Struktur, der Ausr\u00fcstung und des Einsatzes der Schweizer Armee f\u00fcr die Wissensdatenbank des VSAM aufzuarbeiten. Wir konnten diese Arbeit mit einigen Beitr\u00e4gen unterst\u00fctzen und freuen uns, Ihnen hier das Ergebnis vorstellen zu k\u00f6nnen.<\/p>\n<p>Die Arbeit gliedert sich in folgende Kapitel, die Sie hier herunterladen k\u00f6nnen:<\/p>\n<ul>\n<li><a href=\"https:\/\/armeemuseum.ch\/wp-content\/uploads\/2024\/05\/Teil-1-1848-1872-2.pdf\" rel=\"attachment noopener wp-att-47998\" target=\"_blank\">Teil 1, 1848 &#8211; 1872\u00a0\u00a0<\/a>Die Armee des jungen Bundesstaates bis nach den preussisch-franz\u00f6sischen Krieg<\/li>\n<li><a href=\"https:\/\/armeemuseum.ch\/wp-content\/uploads\/2024\/10\/Teil-2-1872-1918-Stand-23.6.24-2.pdf\" rel=\"attachment noopener wp-att-48480\" target=\"_blank\">Teil 2, 1872 &#8211; 1918\u00a0\u00a0<\/a>Von 1872 bis nach dem Ersten Weltkrieg<\/li>\n<li>Teil 3: 1918 \u2013 1945\u00a0 Von 1918 bis nach dem Zweiten Weltkrieg<\/li>\n<\/ul>\n<ul><\/ul>\n<ul><\/ul>\n<ul><\/ul>\n<p>Wir sind uns bewusst, dass sich bei der F\u00fclle der Informationen der eine oder andere Fehler in die Arbeit eingeschlichen hat und sind dankbar f\u00fcr Hinweise aus dem Kreis der Leserschaft, die Sie bitte an <a href=\"mailto:info@armeemuseum.ch\">info@armeemuseum.ch<\/a> richten wollen.<\/p>\n<p>Das Copyright \u00a9 f\u00fcr die vorliegende Arbeit liegt beim Verfasser, der dem VSAM die Ver\u00f6ffentlichung gestattet hat. Ohne die ausdr\u00fcckliche Einwilligung des Verfassers oder des VSAM ist die Wiedergabe in jeglichen anderen Medien nicht zul\u00e4ssig.<\/p>\n<p>F\u00fcr die Aufl\u00f6sung der Abk\u00fcrzungen verweisen wir auf das entsprechende Kapitel der Wissensdatenbank.<\/p>\n<p style=\"text-align: right;\">Steffisburg, 20.2.2024<\/p>\n<p style=\"text-align: right;\">Henri Habegger<br \/>Pr\u00e4sident Verein Schweizer Armeemuseum<a href=\"https:\/\/armeemuseum.ch\/wp-content\/uploads\/2024\/05\/Teil-1-1848-1872.pdf\" rel=\"attachment wp-att-47925\"><\/a><\/p>\n<p>[\/et_pb_text][\/et_pb_column][\/et_pb_row][\/et_pb_section]<\/p>\n","protected":false},"excerpt":{"rendered":"<p>Die Truppenordnungen der Schweizer Armee 1848 &#8211; 1994 Struktur, Ausr\u00fcstung, EinsatzVorwort des Pr\u00e4sidenten des Vereins Schweizer Armeemuseum Auf Bitte des Vorstandes des Vereins Schweizer Armee hat sich sein ehemaliges Vorstandsmitglied Br aD J\u00fcrg Keller bereit erkl\u00e4rt, in komprimierter Form die Geschichte der Struktur, der Ausr\u00fcstung und des Einsatzes der Schweizer Armee f\u00fcr die Wissensdatenbank des [&hellip;]<\/p>\n","protected":false},"author":2,"featured_media":0,"parent":34809,"menu_order":0,"comment_status":"closed","ping_status":"closed","template":"","meta":{"_et_pb_use_builder":"on","_et_pb_old_content":"","_et_gb_content_width":"","footnotes":""},"class_list":["post-47913","page","type-page","status-publish","hentry"],"_links":{"self":[{"href":"https:\/\/armeemuseum.ch\/en\/wp-json\/wp\/v2\/pages\/47913","targetHints":{"allow":["GET"]}}],"collection":[{"href":"https:\/\/armeemuseum.ch\/en\/wp-json\/wp\/v2\/pages"}],"about":[{"href":"https:\/\/armeemuseum.ch\/en\/wp-json\/wp\/v2\/types\/page"}],"author":[{"embeddable":true,"href":"https:\/\/armeemuseum.ch\/en\/wp-json\/wp\/v2\/users\/2"}],"replies":[{"embeddable":true,"href":"https:\/\/armeemuseum.ch\/en\/wp-json\/wp\/v2\/comments?post=47913"}],"version-history":[{"count":15,"href":"https:\/\/armeemuseum.ch\/en\/wp-json\/wp\/v2\/pages\/47913\/revisions"}],"predecessor-version":[{"id":49700,"href":"https:\/\/armeemuseum.ch\/en\/wp-json\/wp\/v2\/pages\/47913\/revisions\/49700"}],"up":[{"embeddable":true,"href":"https:\/\/armeemuseum.ch\/en\/wp-json\/wp\/v2\/pages\/34809"}],"wp:attachment":[{"href":"https:\/\/armeemuseum.ch\/en\/wp-json\/wp\/v2\/media?parent=47913"}],"curies":[{"name":"wp","href":"https:\/\/api.w.org\/{rel}","templated":true}]}}