{"id":47747,"date":"2024-04-15T20:01:18","date_gmt":"2024-04-15T19:01:18","guid":{"rendered":"https:\/\/www.armeemuseum.ch\/sammlungsgeschichte\/"},"modified":"2024-04-15T20:01:20","modified_gmt":"2024-04-15T19:01:20","slug":"sammlungsgeschichte","status":"publish","type":"page","link":"https:\/\/armeemuseum.ch\/en\/sammlungsgeschichte\/","title":{"rendered":"Sammlungsgeschichte"},"content":{"rendered":"<p>[et_pb_section fb_built=&#8221;1&#8243; _builder_version=&#8221;4.19.4&#8243; _module_preset=&#8221;default&#8221; custom_padding=&#8221;||16px|||&#8221; global_colors_info=&#8221;{}&#8221;][et_pb_row column_structure=&#8221;3_5,2_5&#8243; _builder_version=&#8221;4.19.4&#8243; _module_preset=&#8221;default&#8221; custom_margin=&#8221;|auto|-28px|auto||&#8221; global_colors_info=&#8221;{}&#8221;][et_pb_column type=&#8221;3_5&#8243; _builder_version=&#8221;4.19.4&#8243; _module_preset=&#8221;default&#8221; global_colors_info=&#8221;{}&#8221;][et_pb_text _builder_version=&#8221;4.19.4&#8243; _module_preset=&#8221;default&#8221; global_colors_info=&#8221;{}&#8221;]<\/p>\n<h2><strong>Geschichte der Sammlung des historischen Armeematerials der Schweiz<\/strong><\/h2>\n<p>[\/et_pb_text][\/et_pb_column][et_pb_column type=&#8221;2_5&#8243; _builder_version=&#8221;4.19.4&#8243; _module_preset=&#8221;default&#8221; global_colors_info=&#8221;{}&#8221;][et_pb_image src=&#8221;https:\/\/armeemuseum.ch\/wp-content\/uploads\/2020\/06\/Logo-VSAM-komprimiert-5.jpg&#8221; title_text=&#8221;Einfaches CMYK&#8221; _builder_version=&#8221;4.19.4&#8243; _module_preset=&#8221;default&#8221; global_colors_info=&#8221;{}&#8221;][\/et_pb_image][\/et_pb_column][\/et_pb_row][\/et_pb_section][et_pb_section fb_built=&#8221;1&#8243; _builder_version=&#8221;4.19.4&#8243; _module_preset=&#8221;default&#8221; custom_margin=&#8221;||-68px|||&#8221; global_colors_info=&#8221;{}&#8221;][et_pb_row _builder_version=&#8221;4.19.4&#8243; _module_preset=&#8221;default&#8221; min_height=&#8221;166.2px&#8221; global_colors_info=&#8221;{}&#8221;][et_pb_column type=&#8221;4_4&#8243; _builder_version=&#8221;4.19.4&#8243; _module_preset=&#8221;default&#8221; global_colors_info=&#8221;{}&#8221;][et_pb_text _builder_version=&#8221;4.19.4&#8243; _module_preset=&#8221;default&#8221; global_colors_info=&#8221;{}&#8221;]<\/p>\n<p>Gest\u00fctzt auf den Bundesvertrag vom 7. August 1815 erliess die Tagsatzung 1817 ein erstes Milit\u00e4rreglement. Seit dieser Zeit entstand im Laufe der Zeit eine umfangreiche Sammlung des eidgen\u00f6ssischen Milit\u00e4rmaterials. Das Sammeln erfolgte oft unsystematisch. Erst mit der Reorganisation von 2008 wurde das Sammeln rechtlich verankert und institutionell abgesichert mit der Schaffung einer Zentralstelle im VBS und mit der Errichtung von Materialkompetenzzentren in Form von Stiftungen. Der VSAM konnte seine Erfahrung und sein Wissen bei dieser Reorganisation einbringen. Er hat in der Folge seine Sammlung in den Besitz des Bundes \u00fcberf\u00fchrt.<\/p>\n<p>[\/et_pb_text][\/et_pb_column][\/et_pb_row][\/et_pb_section][et_pb_section fb_built=&#8221;1&#8243; _builder_version=&#8221;4.19.4&#8243; _module_preset=&#8221;default&#8221; global_colors_info=&#8221;{}&#8221;][et_pb_row _builder_version=&#8221;4.19.4&#8243; _module_preset=&#8221;default&#8221; custom_margin=&#8221;-72px|auto||auto||&#8221; custom_padding=&#8221;||13px|||&#8221; global_colors_info=&#8221;{}&#8221;][et_pb_column type=&#8221;4_4&#8243; _builder_version=&#8221;4.19.4&#8243; _module_preset=&#8221;default&#8221; global_colors_info=&#8221;{}&#8221;][et_pb_text _builder_version=&#8221;4.19.4&#8243; _module_preset=&#8221;default&#8221; global_colors_info=&#8221;{}&#8221; custom_padding=&#8221;||31px|||&#8221;]<\/p>\n<p>Einen kurzen Abriss der Sammlungsgeschichte finden Sie hier:<\/p>\n<p><a href=\"https:\/\/armeemuseum.ch\/wp-content\/uploads\/2023\/04\/Geschichte-der-Sammlungen-des-Historischen-Materials-Referat-7.11.2019-Stand-1.11.2019.pdf\" rel=\"attachment noopener wp-att-45125\" target=\"_blank\">Geschichte der Sammlungen des Historischen Materials<\/a><\/p>\n<p>[\/et_pb_text][\/et_pb_column][\/et_pb_row][\/et_pb_section][et_pb_section fb_built=&#8221;1&#8243; _builder_version=&#8221;4.19.4&#8243; _module_preset=&#8221;default&#8221; custom_padding=&#8221;34px|||||&#8221; global_colors_info=&#8221;{}&#8221;][et_pb_row _builder_version=&#8221;4.19.4&#8243; _module_preset=&#8221;default&#8221; min_height=&#8221;145.2px&#8221; custom_padding=&#8221;0px|||||&#8221; global_colors_info=&#8221;{}&#8221;][et_pb_column type=&#8221;4_4&#8243; _builder_version=&#8221;4.19.4&#8243; _module_preset=&#8221;default&#8221; global_colors_info=&#8221;{}&#8221;][et_pb_text _builder_version=&#8221;4.19.4&#8243; _module_preset=&#8221;default&#8221; custom_margin=&#8221;-76px|||||&#8221; custom_padding=&#8221;||11px|||&#8221; global_colors_info=&#8221;{}&#8221; min_height=&#8221;142.2px&#8221;]<\/p>\n<h4><strong>Links:<\/strong><\/h4>\n<p><a href=\"https:\/\/www.vtg.admin.ch\/de\/die-schweizer-armee\/geschichte-der-schweizer-armee\/zsham.html\" target=\"_blank\" rel=\"noopener\">Zentralstelle Historisches Armeematerial<\/a><\/p>\n<p><a href=\"https:\/\/www.stiftung-ham.ch\/\" target=\"_blank\" rel=\"noopener\">Stiftung Historisches Material der Schweizer Armee<\/a><\/p>\n<p><a href=\"https:\/\/www.verein-vfl.ch\/de\/stiftung-mhmlw\" target=\"_blank\" rel=\"noopener\">Stiftung Museum und historisches Material der Luftwaffe<\/a><\/p>\n<p><a href=\"https:\/\/www.hamfu.ch\/de\/verein\/\" target=\"_blank\" rel=\"noopener\">Stiftung historisches Armeematerial F\u00fchrungsunterst\u00fctzung<\/a><\/p>\n<p>[\/et_pb_text][\/et_pb_column][\/et_pb_row][\/et_pb_section]<\/p>\n","protected":false},"excerpt":{"rendered":"<p>Geschichte der Sammlung des historischen Armeematerials der SchweizGest\u00fctzt auf den Bundesvertrag vom 7. August 1815 erliess die Tagsatzung 1817 ein erstes Milit\u00e4rreglement. Seit dieser Zeit entstand im Laufe der Zeit eine umfangreiche Sammlung des eidgen\u00f6ssischen Milit\u00e4rmaterials. Das Sammeln erfolgte oft unsystematisch. Erst mit der Reorganisation von 2008 wurde das Sammeln rechtlich verankert und institutionell abgesichert [&hellip;]<\/p>\n","protected":false},"author":2,"featured_media":0,"parent":0,"menu_order":0,"comment_status":"closed","ping_status":"closed","template":"","meta":{"_et_pb_use_builder":"on","_et_pb_old_content":"","_et_gb_content_width":"","footnotes":""},"class_list":["post-47747","page","type-page","status-publish","hentry"],"_links":{"self":[{"href":"https:\/\/armeemuseum.ch\/en\/wp-json\/wp\/v2\/pages\/47747","targetHints":{"allow":["GET"]}}],"collection":[{"href":"https:\/\/armeemuseum.ch\/en\/wp-json\/wp\/v2\/pages"}],"about":[{"href":"https:\/\/armeemuseum.ch\/en\/wp-json\/wp\/v2\/types\/page"}],"author":[{"embeddable":true,"href":"https:\/\/armeemuseum.ch\/en\/wp-json\/wp\/v2\/users\/2"}],"replies":[{"embeddable":true,"href":"https:\/\/armeemuseum.ch\/en\/wp-json\/wp\/v2\/comments?post=47747"}],"version-history":[{"count":2,"href":"https:\/\/armeemuseum.ch\/en\/wp-json\/wp\/v2\/pages\/47747\/revisions"}],"predecessor-version":[{"id":47749,"href":"https:\/\/armeemuseum.ch\/en\/wp-json\/wp\/v2\/pages\/47747\/revisions\/47749"}],"wp:attachment":[{"href":"https:\/\/armeemuseum.ch\/en\/wp-json\/wp\/v2\/media?parent=47747"}],"curies":[{"name":"wp","href":"https:\/\/api.w.org\/{rel}","templated":true}]}}