{"id":34818,"date":"2020-01-23T22:24:06","date_gmt":"2020-01-23T21:24:06","guid":{"rendered":"https:\/\/www.armeemuseum.ch\/wissensdatenbank-only-in-german\/munition-und-zubehoer\/"},"modified":"2020-01-23T22:24:07","modified_gmt":"2020-01-23T21:24:07","slug":"munition-und-zubehoer","status":"publish","type":"page","link":"https:\/\/armeemuseum.ch\/en\/wissensdatenbank-only-in-german\/munition-und-zubehoer\/","title":{"rendered":"Munition und Zubeh\u00f6r"},"content":{"rendered":"<p>[et_pb_section bb_built=&#8221;1&#8243; admin_label=&#8221;section&#8221;][et_pb_row admin_label=&#8221;row&#8221;][et_pb_column type=&#8221;2_3&#8243;][et_pb_text admin_label=&#8221;Text&#8221; background_layout=&#8221;light&#8221; text_orientation=&#8221;left&#8221; use_border_color=&#8221;off&#8221; border_color=&#8221;#ffffff&#8221; border_style=&#8221;solid&#8221;]<\/p>\n<h2><strong>Munition und Zubeh\u00f6r<\/strong><\/h2>\n<p>&nbsp;<\/p>\n<p><a href=\"https:\/\/armeemuseum.ch\/wp-content\/uploads\/2019\/04\/Z\u00fcnderschl\u00fcssel.jpg\" target=\"_blank\" rel=\"noopener\">Z\u00fcnderschl\u00fcssel<\/a><\/p>\n<p>&nbsp;<\/p>\n<p>&nbsp;<\/p>\n<p>&nbsp;<\/p>\n<p>[\/et_pb_text][\/et_pb_column][et_pb_column type=&#8221;1_3&#8243;][et_pb_image admin_label=&#8221;Bild&#8221; src=&#8221;https:\/\/armeemuseum.ch\/wp-content\/uploads\/2017\/10\/Logo-VSAM-komprimiert.jpg&#8221; show_in_lightbox=&#8221;off&#8221; url_new_window=&#8221;off&#8221; use_overlay=&#8221;off&#8221; animation=&#8221;left&#8221; sticky=&#8221;off&#8221; align=&#8221;left&#8221; force_fullwidth=&#8221;off&#8221; always_center_on_mobile=&#8221;on&#8221; use_border_color=&#8221;off&#8221; border_color=&#8221;#ffffff&#8221; border_style=&#8221;solid&#8221; \/][\/et_pb_column][\/et_pb_row][\/et_pb_section]<\/p>\n","protected":false},"excerpt":{"rendered":"<p>Munition und Zubeh\u00f6r &nbsp; Z\u00fcnderschl\u00fcssel &nbsp; &nbsp; &nbsp;<\/p>\n","protected":false},"author":2,"featured_media":0,"parent":34809,"menu_order":0,"comment_status":"closed","ping_status":"closed","template":"","meta":{"_et_pb_use_builder":"on","_et_pb_old_content":"<p>[et_pb_section bb_built=\"1\" admin_label=\"section\"][et_pb_row admin_label=\"row\"][et_pb_column type=\"2_3\"][et_pb_text admin_label=\"Text\" background_layout=\"light\" text_orientation=\"left\" use_border_color=\"off\" border_color=\"#ffffff\" border_style=\"solid\"]<\/p>\r\n<h2><strong>Munition und Zubeh\u00f6r<\/strong><\/h2>\r\n<p><a href=\"https:\/\/armeemuseum.ch\/wp-content\/uploads\/2019\/04\/Z\u00fcnderschl\u00fcssel.jpg\" target=\"_blank\" rel=\"noopener\">Z\u00fcnderschl\u00fcssel<\/a><\/p>\r\n<p>\u00a0<\/p>\r\n<p>[\/et_pb_text][\/et_pb_column][et_pb_column type=\"1_3\"][et_pb_image admin_label=\"Bild\" src=\"https:\/\/armeemuseum.ch\/wp-content\/uploads\/2017\/10\/Logo-VSAM-komprimiert.jpg\" show_in_lightbox=\"off\" url_new_window=\"off\" use_overlay=\"off\" animation=\"left\" sticky=\"off\" align=\"left\" force_fullwidth=\"off\" always_center_on_mobile=\"on\" use_border_color=\"off\" border_color=\"#ffffff\" border_style=\"solid\" \/][\/et_pb_column][\/et_pb_row][\/et_pb_section]<\/p>","_et_gb_content_width":"","footnotes":""},"class_list":["post-34818","page","type-page","status-publish","hentry"],"_links":{"self":[{"href":"https:\/\/armeemuseum.ch\/en\/wp-json\/wp\/v2\/pages\/34818","targetHints":{"allow":["GET"]}}],"collection":[{"href":"https:\/\/armeemuseum.ch\/en\/wp-json\/wp\/v2\/pages"}],"about":[{"href":"https:\/\/armeemuseum.ch\/en\/wp-json\/wp\/v2\/types\/page"}],"author":[{"embeddable":true,"href":"https:\/\/armeemuseum.ch\/en\/wp-json\/wp\/v2\/users\/2"}],"replies":[{"embeddable":true,"href":"https:\/\/armeemuseum.ch\/en\/wp-json\/wp\/v2\/comments?post=34818"}],"version-history":[{"count":1,"href":"https:\/\/armeemuseum.ch\/en\/wp-json\/wp\/v2\/pages\/34818\/revisions"}],"predecessor-version":[{"id":34819,"href":"https:\/\/armeemuseum.ch\/en\/wp-json\/wp\/v2\/pages\/34818\/revisions\/34819"}],"up":[{"embeddable":true,"href":"https:\/\/armeemuseum.ch\/en\/wp-json\/wp\/v2\/pages\/34809"}],"wp:attachment":[{"href":"https:\/\/armeemuseum.ch\/en\/wp-json\/wp\/v2\/media?parent=34818"}],"curies":[{"name":"wp","href":"https:\/\/api.w.org\/{rel}","templated":true}]}}