{"id":25699,"date":"2018-07-03T12:05:52","date_gmt":"2018-07-03T11:05:52","guid":{"rendered":"https:\/\/www.armeemuseum.ch\/homepage-swiss-army-museum-society-sams\/armies-in-general\/"},"modified":"2020-01-27T19:30:42","modified_gmt":"2020-01-27T18:30:42","slug":"armies-in-general","status":"publish","type":"page","link":"https:\/\/armeemuseum.ch\/en\/links\/armies-in-general\/","title":{"rendered":"Armies in general"},"content":{"rendered":"<p>[et_pb_section admin_label=&#8221;section&#8221;][et_pb_row admin_label=&#8221;row&#8221;][et_pb_column type=&#8221;2_3&#8243;][et_pb_text admin_label=&#8221;Text&#8221; background_layout=&#8221;light&#8221; text_orientation=&#8221;left&#8221; use_border_color=&#8221;off&#8221; border_color=&#8221;#ffffff&#8221; border_style=&#8221;solid&#8221;]<\/p>\n<h2 class=\"csc-firstHeader\">Armies in general<\/h2>\n<p>[\/et_pb_text][\/et_pb_column][et_pb_column type=&#8221;1_3&#8243;][et_pb_image admin_label=&#8221;Bild&#8221; src=&#8221;https:\/\/armeemuseum.ch\/wp-content\/uploads\/2016\/06\/Logo-VSAM-komprimiert-1.jpg&#8221; show_in_lightbox=&#8221;off&#8221; url_new_window=&#8221;off&#8221; use_overlay=&#8221;off&#8221; animation=&#8221;left&#8221; sticky=&#8221;off&#8221; align=&#8221;left&#8221; force_fullwidth=&#8221;off&#8221; always_center_on_mobile=&#8221;on&#8221; use_border_color=&#8221;off&#8221; border_color=&#8221;#ffffff&#8221; border_style=&#8221;solid&#8221; \/][\/et_pb_column][\/et_pb_row][et_pb_row admin_label=&#8221;Zeile&#8221;][et_pb_column type=&#8221;4_4&#8243;][et_pb_text admin_label=&#8221;Text&#8221; background_layout=&#8221;light&#8221; text_orientation=&#8221;left&#8221; use_border_color=&#8221;off&#8221; border_color=&#8221;#ffffff&#8221; border_style=&#8221;solid&#8221;]<\/p>\n<ul>\n<li>Eidgen\u00f6ssisches Departement f\u00fcr Verteidigung, Bev\u00f6lkerungsschutz und Sport<br \/>\n<a href=\"http:\/\/www.vbs.admin.ch\" target=\"_blank\" rel=\"noopener\">www.vbs.admin.ch<\/a><\/p>\n<p>&nbsp;<\/p>\n<\/li>\n<li>Schweizer Armee<br \/>\n<a class=\"external-link-new-window\" title=\"Opens external link in new window\" href=\"http:\/\/www.vtg.admin.ch\/\" target=\"_blank\" rel=\"noopener\">www.vtg.admin.ch<\/a><\/p>\n<p>&nbsp;<\/p>\n<\/li>\n<li>Bibliothek am Guisanplatz<br \/>\n<a href=\"http:\/\/www.guisanplatz.ch\" target=\"_blank\" rel=\"noopener\">www.guisanplatz.ch<\/a><\/p>\n<p>&nbsp;<\/p>\n<\/li>\n<li>\u00d6sterreichisches Bundesheer<br \/>\n<a href=\"http:\/\/www.bmlv.gv.at\" target=\"_blank\" rel=\"noopener\">www.bmlv.gv.at<\/a><\/p>\n<p>&nbsp;<\/p>\n<\/li>\n<li>Deutsches Bundesheer<br \/>\n<a href=\"http:\/\/www.bundeswehr.de\" target=\"_blank\" rel=\"noopener\">www.bundeswehr.de<\/a><\/p>\n<p>&nbsp;<\/p>\n<\/li>\n<li>Franz\u00f6sisches Heer<br \/>\n<a href=\"http:\/\/www.defense.gouv.fr\" target=\"_blank\" rel=\"noopener\">www.defense.gouv.fr<\/a><\/p>\n<p>&nbsp;<\/p>\n<\/li>\n<li>Italienisches Heer<br \/>\n<a href=\"http:\/\/www.esercito.difesa.it\" target=\"_blank\" rel=\"noopener\">www.esercito.difesa.it<\/a><\/p>\n<p>&nbsp;<\/p>\n<\/li>\n<li>NATO<br \/>\n<a href=\"http:\/\/www.nato.int\" target=\"_blank\" rel=\"noopener\">www.nato.int<\/a><\/li>\n<\/ul>\n<p>[\/et_pb_text][\/et_pb_column][\/et_pb_row][\/et_pb_section]<\/p>\n","protected":false},"excerpt":{"rendered":"<p>Armies in general Eidgen\u00f6ssisches Departement f\u00fcr Verteidigung, Bev\u00f6lkerungsschutz und Sport www.vbs.admin.ch &nbsp; Schweizer Armee www.vtg.admin.ch &nbsp; Bibliothek am Guisanplatz www.guisanplatz.ch &nbsp; \u00d6sterreichisches Bundesheer www.bmlv.gv.at &nbsp; Deutsches Bundesheer www.bundeswehr.de &nbsp; Franz\u00f6sisches Heer www.defense.gouv.fr &nbsp; Italienisches Heer www.esercito.difesa.it &nbsp; NATO www.nato.int<\/p>\n","protected":false},"author":2,"featured_media":0,"parent":25671,"menu_order":0,"comment_status":"closed","ping_status":"closed","template":"","meta":{"_et_pb_use_builder":"on","_et_pb_old_content":"","_et_gb_content_width":"","footnotes":""},"class_list":["post-25699","page","type-page","status-publish","hentry"],"_links":{"self":[{"href":"https:\/\/armeemuseum.ch\/en\/wp-json\/wp\/v2\/pages\/25699","targetHints":{"allow":["GET"]}}],"collection":[{"href":"https:\/\/armeemuseum.ch\/en\/wp-json\/wp\/v2\/pages"}],"about":[{"href":"https:\/\/armeemuseum.ch\/en\/wp-json\/wp\/v2\/types\/page"}],"author":[{"embeddable":true,"href":"https:\/\/armeemuseum.ch\/en\/wp-json\/wp\/v2\/users\/2"}],"replies":[{"embeddable":true,"href":"https:\/\/armeemuseum.ch\/en\/wp-json\/wp\/v2\/comments?post=25699"}],"version-history":[{"count":3,"href":"https:\/\/armeemuseum.ch\/en\/wp-json\/wp\/v2\/pages\/25699\/revisions"}],"predecessor-version":[{"id":34979,"href":"https:\/\/armeemuseum.ch\/en\/wp-json\/wp\/v2\/pages\/25699\/revisions\/34979"}],"up":[{"embeddable":true,"href":"https:\/\/armeemuseum.ch\/en\/wp-json\/wp\/v2\/pages\/25671"}],"wp:attachment":[{"href":"https:\/\/armeemuseum.ch\/en\/wp-json\/wp\/v2\/media?parent=25699"}],"curies":[{"name":"wp","href":"https:\/\/api.w.org\/{rel}","templated":true}]}}