{"id":25685,"date":"2018-07-03T12:02:14","date_gmt":"2018-07-03T11:02:14","guid":{"rendered":"https:\/\/www.armeemuseum.ch\/vision-swiss-army-museum\/"},"modified":"2020-01-27T19:53:46","modified_gmt":"2020-01-27T18:53:46","slug":"vision-swiss-army-museum","status":"publish","type":"page","link":"https:\/\/armeemuseum.ch\/en\/the-sams-society-2\/vision-swiss-army-museum\/","title":{"rendered":"Vision Swiss Army Museum"},"content":{"rendered":"<p>[et_pb_section bb_built=&#8221;1&#8243; admin_label=&#8221;section&#8221;][et_pb_row admin_label=&#8221;row&#8221;][et_pb_column type=&#8221;2_3&#8243;][et_pb_text admin_label=&#8221;Text&#8221; background_layout=&#8221;light&#8221; text_orientation=&#8221;left&#8221;]<\/p>\n<h1><strong>History of a vision<\/strong><\/h1>\n<p>&nbsp;<\/p>\n<p>[\/et_pb_text][\/et_pb_column][et_pb_column type=&#8221;1_3&#8243;][et_pb_image admin_label=&#8221;Bild&#8221; src=&#8221;https:\/\/armeemuseum.ch\/wp-content\/uploads\/2015\/05\/Logo-VSAM-komprimiert.jpg&#8221; show_in_lightbox=&#8221;off&#8221; url_new_window=&#8221;off&#8221; animation=&#8221;left&#8221; sticky=&#8221;off&#8221; \/][\/et_pb_column][\/et_pb_row][et_pb_row admin_label=&#8221;row&#8221;][et_pb_column type=&#8221;4_4&#8243;][et_pb_image admin_label=&#8221;Bild&#8221; src=&#8221;https:\/\/armeemuseum.ch\/wp-content\/uploads\/2015\/05\/Signal.jpg&#8221; show_in_lightbox=&#8221;off&#8221; url_new_window=&#8221;off&#8221; animation=&#8221;left&#8221; sticky=&#8221;off&#8221; \/][et_pb_text admin_label=&#8221;Text&#8221; background_layout=&#8221;light&#8221; text_orientation=&#8221;left&#8221; use_border_color=&#8221;off&#8221; border_color=&#8221;#ffffff&#8221; border_style=&#8221;solid&#8221;]<\/p>\n<div class=\"csc-textpic-text\">\n<p class=\"bodytext\">Switzerland, unlike almost any other European country, has no official army museum. This is all the more astounding given that the Swiss Army has had a major, occasionally even decisive, role to play in shaping the Confederation over the centuries. Huge personal and financial expenses have been incurred as a result of our forefathers military efforts. Today, quite apart from the buildings and documents left behind, we still have over 100,000 military objects including weapons, uniforms, pieces of equipment, vehicles, communication material and more. This material legacy from the army forms part of the cultural heritage of Switzerland and is worth preserving carefully with two definite aims: to open up the full history of Swiss military activities to a wide public and simultaneously ensure that the objects concerned are preserved and protected expertly and professionally.<\/p>\n<p class=\"bodytext\">The DDPS and the SAMS frequently receive requests for information about the history of the Swiss army and most notably its equipment or we are asked to provide support in the form or information or material for exhibitions or presentations. This is an important role for us and we can only provide substantiated facts and information to satisfy these requests if the necessary knowledge is available to us which further relies on the availability of properly evaluated and assessed documents and material. It would be a poor reflection on an army that could no longer provide information about the history of its own material.<\/p>\n<p class=\"bodytext\">When it was founded, the Swiss Army Museum Society (SAMS), like its predecessors, sets itself the target of establishing a Swiss Army Museum. Several failed attempts already lie behind us (the full story can be downloaded in PDF format) and the committee has now come to realise that a further museum is not a viable proposition given the lack of political support and the impossibility of raising the necessary funding. If, however, we are to continue to preserve and look after these objects and offer interested parties a chance to view them and learn about them, we will have to find new ways and ideas.<\/p>\n<p><\/p>\n<p class=\"bodytext\"><a href=\"https:\/\/armeemuseum.ch\/wp-content\/uploads\/2015\/05\/Geschichte_VSAM.pdf\" target=\"_blank\" rel=\"noopener noreferrer\">Geschichte_Armeemuseum in der Schweiz<\/a><\/p>\n<\/div>\n<p>&nbsp;<\/p>\n<p>[\/et_pb_text][\/et_pb_column][\/et_pb_row][\/et_pb_section]<\/p>\n","protected":false},"excerpt":{"rendered":"<p>History of a vision &nbsp; Switzerland, unlike almost any other European country, has no official army museum. This is all the more astounding given that the Swiss Army has had a major, occasionally even decisive, role to play in shaping the Confederation over the centuries. Huge personal and financial expenses have been incurred as a [&hellip;]<\/p>\n","protected":false},"author":2,"featured_media":0,"parent":34794,"menu_order":0,"comment_status":"closed","ping_status":"closed","template":"","meta":{"_et_pb_use_builder":"on","_et_pb_old_content":"<div class=\"csc-header csc-header-n1\"><h1 class=\"csc-firstHeader\">Geschichte und Idee<\/h1><\/div><div class=\"csc-textpic-text\"><p class=\"bodytext\">Die Schweiz hat \u2013 im Unterschied zu praktisch allen anderen europ\u00e4ischen L\u00e4ndern \u2013 kein offizielles Armeemuseum. Das ist umso erstaunlicher, als doch unsere Armee im Leben der Schweizerischen Eidgenossenschaft w\u00e4hrend Jahrhunderten eine bedeutende, ja zuweilen entscheidende, Rolle gespielt hat. Der Wehrwille unserer Vorfahren hat enorme personelle und finanzielle Aufw\u00e4ndungen absorbiert. Heute sind nebst baulichen Zeugen und Dokumenten weit \u00fcber 100'000 milit\u00e4rische Objekte vorhanden, unter anderem Waffen, Uniformen, Ausr\u00fcstungsgegenst\u00e4nde, Fahrzeuge, \u00dcbermittlungsmaterial etc. Diese materielle Hinterlassenschaft der Armee geh\u00f6rt zum erhaltenswerten Kulturgut der Schweiz. Daraus ergibt sich ein doppeltes Anliegen: Die Geschichte der Wehranstrengungen unseres Volkes muss einem breiten Publikum anschaulich und in all seinen Zusammenh\u00e4ngen dargestellt und die materielle Hinterlassenschaft unserer Armee muss fachgerecht erhalten und gepflegt werden.<\/p><p class=\"bodytext\">Viele Leute haben Fragen zur Geschichte unserer Armee und ihrer Ausr\u00fcstung . Diese Fragen k\u00f6nne nur fundiert beantwortet werden,\u00a0 wenn die entsprechenden Dokumente ausgewertet vorliegen und Material vorhanden ist.<\/p><p class=\"bodytext\">Der Verein Schweizer Armeemuseum (VSAM) hat sich - wie schon seine Vorg\u00e4ngerorganisationen - die Errichtung eines Schweizer Armeemuseums zum Ziel gesetzt. Mehrere erfolglose Realisierungsversuche liegen hinter uns. Heute ist dem Vorstand VSAM klar, dass im heutigen Umfeld ein solches Museum wegen der fehlenden politischen Unterst\u00fctzung und den zurzeit nicht aufbringbaren Mitteln nicht realisierbar ist. Er hat sich deshalb in den letzten Jahren auf die Sicherstellung des materiellen Erbes der Armee konzentriert. Der VSAM hat sich deshalb erfolgreich in den letzten Jahren f\u00fcr die Neuordnung des historischen Armeematerials eingesetzt und die Stiftung HAM gegr\u00fcndet.<\/p><p class=\"bodytext\"><a href=\"http:\/\/test.armeemuseum.ch\/wp-content\/uploads\/2015\/05\/Geschichte_VSAM.pdf\">Geschichte_VSAM<\/a><\/p><\/div>","_et_gb_content_width":"","footnotes":""},"class_list":["post-25685","page","type-page","status-publish","hentry"],"_links":{"self":[{"href":"https:\/\/armeemuseum.ch\/en\/wp-json\/wp\/v2\/pages\/25685","targetHints":{"allow":["GET"]}}],"collection":[{"href":"https:\/\/armeemuseum.ch\/en\/wp-json\/wp\/v2\/pages"}],"about":[{"href":"https:\/\/armeemuseum.ch\/en\/wp-json\/wp\/v2\/types\/page"}],"author":[{"embeddable":true,"href":"https:\/\/armeemuseum.ch\/en\/wp-json\/wp\/v2\/users\/2"}],"replies":[{"embeddable":true,"href":"https:\/\/armeemuseum.ch\/en\/wp-json\/wp\/v2\/comments?post=25685"}],"version-history":[{"count":6,"href":"https:\/\/armeemuseum.ch\/en\/wp-json\/wp\/v2\/pages\/25685\/revisions"}],"predecessor-version":[{"id":25767,"href":"https:\/\/armeemuseum.ch\/en\/wp-json\/wp\/v2\/pages\/25685\/revisions\/25767"}],"up":[{"embeddable":true,"href":"https:\/\/armeemuseum.ch\/en\/wp-json\/wp\/v2\/pages\/34794"}],"wp:attachment":[{"href":"https:\/\/armeemuseum.ch\/en\/wp-json\/wp\/v2\/media?parent=25685"}],"curies":[{"name":"wp","href":"https:\/\/api.w.org\/{rel}","templated":true}]}}