{"id":25673,"date":"2018-07-03T11:53:09","date_gmt":"2018-07-03T10:53:09","guid":{"rendered":"https:\/\/www.armeemuseum.ch\/military-organisations-and-societies-in-switzerland\/"},"modified":"2022-02-17T12:57:03","modified_gmt":"2022-02-17T11:57:03","slug":"military-organisations-and-societies-in-switzerland","status":"publish","type":"page","link":"https:\/\/armeemuseum.ch\/en\/links\/military-organisations-and-societies-in-switzerland\/","title":{"rendered":"Military organisations and societies in Switzerland"},"content":{"rendered":"<p>[et_pb_section bb_built=&#8221;1&#8243; admin_label=&#8221;section&#8221;][et_pb_row admin_label=&#8221;row&#8221;][et_pb_column type=&#8221;2_3&#8243;][et_pb_text admin_label=&#8221;Text&#8221; background_layout=&#8221;light&#8221; text_orientation=&#8221;left&#8221; use_border_color=&#8221;off&#8221; border_color=&#8221;#ffffff&#8221; border_style=&#8221;solid&#8221;]<\/p>\n<h2>Military organisations and societies in Switzerland<\/h2>\n<p>&nbsp;<\/p>\n<p>[\/et_pb_text][\/et_pb_column][et_pb_column type=&#8221;1_3&#8243;][et_pb_image admin_label=&#8221;Bild&#8221; src=&#8221;https:\/\/armeemuseum.ch\/wp-content\/uploads\/2016\/06\/Logo-VSAM-komprimiert-1.jpg&#8221; show_in_lightbox=&#8221;off&#8221; url_new_window=&#8221;off&#8221; use_overlay=&#8221;off&#8221; animation=&#8221;left&#8221; sticky=&#8221;off&#8221; align=&#8221;left&#8221; force_fullwidth=&#8221;off&#8221; always_center_on_mobile=&#8221;on&#8221; use_border_color=&#8221;off&#8221; border_color=&#8221;#ffffff&#8221; border_style=&#8221;solid&#8221; \/][\/et_pb_column][\/et_pb_row][et_pb_row admin_label=&#8221;Zeile&#8221;][et_pb_column type=&#8221;4_4&#8243;][et_pb_text admin_label=&#8221;Text&#8221; background_layout=&#8221;light&#8221; text_orientation=&#8221;left&#8221; use_border_color=&#8221;off&#8221; border_color=&#8221;#ffffff&#8221; border_style=&#8221;solid&#8221;]<\/p>\n<p>&nbsp;<\/p>\n<ul>\n<li>Verein historische Milit\u00e4ranlagen Freiburg\/Bern<br \/>\n<a href=\"http:\/\/www.fort-fribe.ch\" target=\"_blank\" rel=\"noopener noreferrer\">www.fort-fribe.ch<\/a><\/li>\n<li>Stiftung HAMFU, Verein IG UEM<br \/>\n<a href=\"http:\/\/www.ig-uem.ch\" target=\"_blank\" rel=\"noopener noreferrer\">www.ig-uem.ch<\/a><\/li>\n<li>Stiftung MHMLW, Museum und Historisches Material der Luftwaffe<br \/>\n<a class=\"external-link-new-window\" title=\"Opens external link in new window\" href=\"http:\/\/www.airforcecenter.ch\/index.php?id=121\" target=\"_blank\" rel=\"noopener noreferrer\">http:\/\/www.airforcecenter.ch<\/a><\/li>\n<li>Milit\u00e4rhistorische Stiftung des Kantons Zug<br \/>\n<a class=\"external-link-new-window\" title=\"Opens external link in new window\" href=\"http:\/\/www.mhsz.ch\/\" target=\"_blank\" rel=\"noopener noreferrer\">www.mhsz.ch<\/a><\/li>\n<li>Milit\u00e4rhistorische Stiftung des Kantons Z\u00fcrich<br \/>\n<a href=\"http:\/\/www.festungen-zh.ch\" target=\"_blank\" rel=\"noopener noreferrer\">http:\/\/www.festungen-zh.ch<\/a><\/li>\n<li>Fondazione Pro Marignano<br \/>\n<a href=\"http:\/\/www.marignano1515.ch\" target=\"_blank\" rel=\"noopener noreferrer\">www.marignano1515.ch<\/a><\/li>\n<li>Rost und Gr\u00fcnspan<br \/>\n<a href=\"http:\/\/www.rost-und-gruenspan.ch\" target=\"_blank\" rel=\"noopener noreferrer\">www.rost-und-gruenspan.ch<\/a><\/li>\n<li>Schweizer Kavallierie-Schwadron 1972<br \/>\n<a href=\"http:\/\/www.kavallerieschwadron.ch\" target=\"_blank\" rel=\"noopener noreferrer\">www.kavallerieschwadron.ch<\/a><\/li>\n<li>Z\u00fcrcher Miliz Compagnie 1861<br \/>\n<a href=\"http:\/\/www.1861.ch\" target=\"_blank\" rel=\"noopener noreferrer\">www.1861.ch<\/a><\/li>\n<li>Historische Radfahrer-Kompanie<br \/>\n<a href=\"http:\/\/www.rdf-kp.ch\" target=\"_blank\" rel=\"noopener noreferrer\">www.rdf-kp.ch<\/a><\/li>\n<li>Schweizerische Gesellschaft f\u00fcr milit\u00e4rhistorische Studienreisen<br \/>\n<a class=\"external-link-new-window\" title=\"Opens external link in new window\" href=\"http:\/\/www.gms-reisen.ch\/\" target=\"_blank\" rel=\"noopener noreferrer\">www.gms-reisen.ch<\/a><\/li>\n<li>Sensler Harscht, historisches Auszugs-Kontingent<br \/>\n<a href=\"http:\/\/www.senslerharscht.ch\" target=\"_blank\" rel=\"noopener noreferrer\">www.senslerharscht.ch<\/a><\/li>\n<li>Maritz-Batterie, Berner Artillerie 1840<br \/>\n<a href=\"http:\/\/www.maritz-batterie.ch\" target=\"_blank\" rel=\"noopener noreferrer\">www.maritz-batterie.ch<\/a><\/li>\n<li>Schweizer Bunker und Festungen<br \/>\n<a href=\"http:\/\/www.fort.ch\" target=\"_blank\" rel=\"noopener noreferrer\">www.fort.ch<\/a><\/li>\n<li>ASMEM, Association St-Maurice d&#8217;Etudes Militaires<br \/>\n<a href=\"http:\/\/www.asmem.ch\" target=\"_blank\" rel=\"noopener noreferrer\">www.asmem.ch<\/a><\/li>\n<li>Association Fort de Litroz<br \/>\n<a href=\"http:\/\/fortlitroz.ch\/\" target=\"_blank\" rel=\"noopener noreferrer\">www.http:\/\/fortlitroz.ch\/<\/a><\/li>\n<\/ul>\n<ul>\n<li>Centurion-Verein<br \/>\n<a href=\"http:\/\/www.centurion-verein.ch\" target=\"_blank\" rel=\"noopener noreferrer\">www.centurion-verein.ch<\/a><\/li>\n<li>Verein gepanzerte Fahrzeuge der Schweizer Armee<br \/>\n<a href=\"http:\/\/www.vgfs.info\/\" target=\"_blank\" rel=\"noopener noreferrer\">www.vgfs.info\/<\/a><\/li>\n<li>Schweizerische Gesellschaft f\u00fcr Historische Waffen und R\u00fcstungskunde, Sektion Wallis<br \/>\n<a href=\"http:\/\/www.wikiwallis.ch\/index.php\/Schweizerische_Gesellschaft_f%C3%BCr_Waffen-_und_R%C3%BCstungskunde._Sektion_Wallis_%28SGHWR%29\" target=\"_blank\" rel=\"noopener noreferrer\">http:\/\/www.wikiwallis.ch\/index.php\/Schweizerische_Gesellschaft_f%C3%BCr_Waffen-_und_R%C3%BCstungskunde._Sektion_Wallis_%28SGHWR%29<\/a><\/li>\n<li>Zouft Feldchuchi 39 W\u00e4ttischwil<br \/>\n<a href=\"http:\/\/www.zouftfaeldchuchi39waettischwil.ch\" target=\"_blank\" rel=\"noopener\">http:\/\/www.zouftfaeldchuchi39waettischwil.ch<\/a><\/li>\n<li>Fortifikation Hauenstein<br \/>\n<a href=\"http:\/\/www.fortifikation-hauenstein.ch\/\" target=\"_blank\" rel=\"noopener\">http:\/\/www.fortifikation-hauenstein.ch\/<\/a><\/li>\n<\/ul>\n<p>&nbsp;<\/p>\n<p>[\/et_pb_text][\/et_pb_column][\/et_pb_row][\/et_pb_section]<\/p>\n","protected":false},"excerpt":{"rendered":"<p>Military organisations and societies in Switzerland &nbsp;&nbsp; Verein historische Milit\u00e4ranlagen Freiburg\/Bern www.fort-fribe.ch Stiftung HAMFU, Verein IG UEM www.ig-uem.ch Stiftung MHMLW, Museum und Historisches Material der Luftwaffe http:\/\/www.airforcecenter.ch Milit\u00e4rhistorische Stiftung des Kantons Zug www.mhsz.ch Milit\u00e4rhistorische Stiftung des Kantons Z\u00fcrich http:\/\/www.festungen-zh.ch Fondazione Pro Marignano www.marignano1515.ch Rost und Gr\u00fcnspan www.rost-und-gruenspan.ch Schweizer Kavallierie-Schwadron 1972 www.kavallerieschwadron.ch Z\u00fcrcher Miliz Compagnie 1861 [&hellip;]<\/p>\n","protected":false},"author":2,"featured_media":0,"parent":25671,"menu_order":0,"comment_status":"closed","ping_status":"closed","template":"","meta":{"_et_pb_use_builder":"on","_et_pb_old_content":"","_et_gb_content_width":"","footnotes":""},"class_list":["post-25673","page","type-page","status-publish","hentry"],"_links":{"self":[{"href":"https:\/\/armeemuseum.ch\/en\/wp-json\/wp\/v2\/pages\/25673","targetHints":{"allow":["GET"]}}],"collection":[{"href":"https:\/\/armeemuseum.ch\/en\/wp-json\/wp\/v2\/pages"}],"about":[{"href":"https:\/\/armeemuseum.ch\/en\/wp-json\/wp\/v2\/types\/page"}],"author":[{"embeddable":true,"href":"https:\/\/armeemuseum.ch\/en\/wp-json\/wp\/v2\/users\/2"}],"replies":[{"embeddable":true,"href":"https:\/\/armeemuseum.ch\/en\/wp-json\/wp\/v2\/comments?post=25673"}],"version-history":[{"count":8,"href":"https:\/\/armeemuseum.ch\/en\/wp-json\/wp\/v2\/pages\/25673\/revisions"}],"predecessor-version":[{"id":43924,"href":"https:\/\/armeemuseum.ch\/en\/wp-json\/wp\/v2\/pages\/25673\/revisions\/43924"}],"up":[{"embeddable":true,"href":"https:\/\/armeemuseum.ch\/en\/wp-json\/wp\/v2\/pages\/25671"}],"wp:attachment":[{"href":"https:\/\/armeemuseum.ch\/en\/wp-json\/wp\/v2\/media?parent=25673"}],"curies":[{"name":"wp","href":"https:\/\/api.w.org\/{rel}","templated":true}]}}