{"id":25634,"date":"2018-07-03T11:41:14","date_gmt":"2018-07-03T10:41:14","guid":{"rendered":"https:\/\/www.armeemuseum.ch\/homepage-swiss-army-museum-society-sams\/presentations-and-lectures\/"},"modified":"2022-03-15T17:25:51","modified_gmt":"2022-03-15T16:25:51","slug":"presentations-and-lectures","status":"publish","type":"page","link":"https:\/\/armeemuseum.ch\/en\/presentations-and-lectures\/","title":{"rendered":"Presentations and lectures"},"content":{"rendered":"<p>[et_pb_section bb_built=&#8221;1&#8243; admin_label=&#8221;section&#8221;][et_pb_row admin_label=&#8221;row&#8221;][et_pb_column type=&#8221;2_3&#8243;][et_pb_text admin_label=&#8221;Text&#8221; background_layout=&#8221;light&#8221; text_orientation=&#8221;left&#8221;]<\/p>\n<h2><strong>Presentations and lectures<\/strong><\/h2>\n<h1><strong>\u00a0<\/strong><\/h1>\n<p>&nbsp;<\/p>\n<p>[\/et_pb_text][\/et_pb_column][et_pb_column type=&#8221;1_3&#8243;][et_pb_image admin_label=&#8221;Bild&#8221; src=&#8221;https:\/\/armeemuseum.ch\/wp-content\/uploads\/2015\/05\/Logo-VSAM-komprimiert.jpg&#8221; show_in_lightbox=&#8221;off&#8221; url_new_window=&#8221;off&#8221; animation=&#8221;left&#8221; sticky=&#8221;off&#8221; \/][\/et_pb_column][\/et_pb_row][et_pb_row admin_label=&#8221;row&#8221;][et_pb_column type=&#8221;4_4&#8243;][et_pb_text admin_label=&#8221;Text&#8221; background_layout=&#8221;light&#8221; text_orientation=&#8221;left&#8221; use_border_color=&#8221;off&#8221; border_color=&#8221;#ffffff&#8221; border_style=&#8221;solid&#8221;]<\/p>\n<p>&nbsp;<\/p>\n<p class=\"bodytext\">\u00a0Der Verein Schweizer Armeemuseum veranstaltet regelm\u00e4ssig Referate zu milit\u00e4rhistorischen Themen.<\/p>\n<p class=\"bodytext\">\u00a0Auf der Seite News werden laufend Vorschauen und Kurzberichte \u00fcber die Referate publiziert.<\/p>\n<p class=\"bodytext\">\u00a0Vereine und Organisationen, die sich f\u00fcr die \u00dcbernahme eines dieser Referate interessieren, k\u00f6nnen via VSAM (henri.habegger@armeemuseum.ch) in Kontakt mit dem gew\u00fcnschten Referenten treten.<\/p>\n<h2 class=\"bodytext\">Download der Vortragsprogramme:<\/h2>\n<ul>\n<li><a href=\"https:\/\/armeemuseum.ch\/wp-content\/uploads\/2021\/10\/Vortragsreihe-2022.pdf\" target=\"_blank\" rel=\"noopener\">Vortr\u00e4ge 2022<\/a><\/li>\n<li>2021:<span style=\"color: #ff0000;\"> Aufgrund der Pandemie finden keine Vortr\u00e4ge statt.<\/span><\/li>\n<li><a href=\"https:\/\/armeemuseum.ch\/wp-content\/uploads\/2019\/11\/Vortr\u00e4ge-2020.pdf\" target=\"_blank\" rel=\"noopener\">Vortr\u00e4ge 2020<\/a><\/li>\n<li><a href=\"https:\/\/armeemuseum.ch\/wp-content\/uploads\/2018\/11\/Vortr\u00e4ge-2019.pdf\" target=\"_blank\" rel=\"noopener\">Vortr\u00e4ge 2019<\/a><\/li>\n<li><a href=\"https:\/\/armeemuseum.ch\/wp-content\/uploads\/2017\/11\/2018-FlyerVortrag-neu.pdf\" target=\"_blank\" rel=\"noopener\">Vortr\u00e4ge 2018<\/a><\/li>\n<li><a href=\"https:\/\/armeemuseum.ch\/wp-content\/uploads\/2015\/05\/Vortr\u00e4ge-2017.pdf\" target=\"_blank\" rel=\"noopener\">Vortr\u00e4ge 2017<\/a><\/li>\n<li><a href=\"https:\/\/armeemuseum.ch\/wp-content\/uploads\/2016\/05\/Vortr\u00e4ge-2016.pdf\" target=\"_blank\" rel=\"noopener\">Vortr\u00e4ge 2016<\/a><\/li>\n<li><a href=\"https:\/\/armeemuseum.ch\/wp-content\/uploads\/2015\/05\/Vortr\u00e4ge-20151.pdf\" target=\"_blank\" rel=\"noopener\">Vortr\u00e4ge 2015<\/a><\/li>\n<li><a href=\"https:\/\/armeemuseum.ch\/wp-content\/uploads\/2015\/05\/Vortr\u00e4ge-2014.pdf\">Vortr\u00e4ge 2014<\/a><\/li>\n<li><a href=\"https:\/\/armeemuseum.ch\/wp-content\/uploads\/2015\/05\/Vortr\u00e4ge-2013.pdf\" target=\"_blank\" rel=\"noopener\">Vortr\u00e4ge 2013<\/a><\/li>\n<li><a href=\"https:\/\/armeemuseum.ch\/wp-content\/uploads\/2015\/05\/Vortr\u00e4ge-2012.pdf\" target=\"_blank\" rel=\"noopener\">Vortr\u00e4ge 2012<\/a><\/li>\n<li><a href=\"https:\/\/armeemuseum.ch\/wp-content\/uploads\/2015\/05\/Vortr\u00e4ge-2011.pdf\" target=\"_blank\" rel=\"noopener\">Vortr\u00e4ge 2011<\/a><\/li>\n<li><a href=\"https:\/\/armeemuseum.ch\/wp-content\/uploads\/2015\/05\/Vortr\u00e4ge-2010.pdf\" target=\"_blank\" rel=\"noopener\">Vortr\u00e4ge 2010<\/a><\/li>\n<\/ul>\n<p>&nbsp;<\/p>\n<p>&nbsp;<\/p>\n<p>[\/et_pb_text][\/et_pb_column][\/et_pb_row][\/et_pb_section]<\/p>\n","protected":false},"excerpt":{"rendered":"<p>Presentations and lectures \u00a0 &nbsp;&nbsp; \u00a0Der Verein Schweizer Armeemuseum veranstaltet regelm\u00e4ssig Referate zu milit\u00e4rhistorischen Themen. \u00a0Auf der Seite News werden laufend Vorschauen und Kurzberichte \u00fcber die Referate publiziert. \u00a0Vereine und Organisationen, die sich f\u00fcr die \u00dcbernahme eines dieser Referate interessieren, k\u00f6nnen via VSAM (henri.habegger@armeemuseum.ch) in Kontakt mit dem gew\u00fcnschten Referenten treten. Download der Vortragsprogramme: Vortr\u00e4ge [&hellip;]<\/p>\n","protected":false},"author":2,"featured_media":0,"parent":0,"menu_order":0,"comment_status":"closed","ping_status":"open","template":"","meta":{"_et_pb_use_builder":"on","_et_pb_old_content":"<h1>Referate<\/h1>\r\n<p class=\"bodytext\">\u00a0Der Verein Schweizer Armeemuseum veranstaltet regelm\u00e4ssig Referate zu milit\u00e4rhistorischen Themen.<\/p>\r\n<p class=\"bodytext\">\u00a0Auf der Seite News werden laufend illustrierte Kurzberichte \u00fcber stattgefundene Rerate publiziert.<\/p>\r\n<p class=\"bodytext\">\u00a0Vereine und Organisationen, die sich f\u00fcr die \u00dcbernahme eines dieser Referate interessieren, k\u00f6nnen via VSAM (<a class=\"mail\" title=\"Opens window for sending email\" href=\"mailto:henri.habegger@armeemuseum.ch\">henri.habegger@armeemuseum.ch<\/a>) in Kontakt mit dem gew\u00fcnschten Referenten treten.<\/p>","_et_gb_content_width":"","footnotes":""},"class_list":["post-25634","page","type-page","status-publish","hentry"],"_links":{"self":[{"href":"https:\/\/armeemuseum.ch\/en\/wp-json\/wp\/v2\/pages\/25634","targetHints":{"allow":["GET"]}}],"collection":[{"href":"https:\/\/armeemuseum.ch\/en\/wp-json\/wp\/v2\/pages"}],"about":[{"href":"https:\/\/armeemuseum.ch\/en\/wp-json\/wp\/v2\/types\/page"}],"author":[{"embeddable":true,"href":"https:\/\/armeemuseum.ch\/en\/wp-json\/wp\/v2\/users\/2"}],"replies":[{"embeddable":true,"href":"https:\/\/armeemuseum.ch\/en\/wp-json\/wp\/v2\/comments?post=25634"}],"version-history":[{"count":30,"href":"https:\/\/armeemuseum.ch\/en\/wp-json\/wp\/v2\/pages\/25634\/revisions"}],"predecessor-version":[{"id":43952,"href":"https:\/\/armeemuseum.ch\/en\/wp-json\/wp\/v2\/pages\/25634\/revisions\/43952"}],"wp:attachment":[{"href":"https:\/\/armeemuseum.ch\/en\/wp-json\/wp\/v2\/media?parent=25634"}],"curies":[{"name":"wp","href":"https:\/\/api.w.org\/{rel}","templated":true}]}}